{"id":3308,"date":"2022-09-26T08:56:36","date_gmt":"2022-09-26T08:56:36","guid":{"rendered":"https:\/\/dentalygo.org\/faqs\/"},"modified":"2024-12-27T01:25:28","modified_gmt":"2024-12-27T01:25:28","slug":"faqs","status":"publish","type":"page","link":"https:\/\/dentalygo.org\/de\/faqs\/","title":{"rendered":"FAQs"},"content":{"rendered":"\n<p>Haben Sie eine Frage zur Funktionsweise von DentalyGo? Werfen Sie einen Blick auf unsere FAQs unten. <\/p>\n\n\n\n<h2 class=\"wp-block-heading\">\u00dcber Zahntourismus<\/h2>\n\n\n\t<div class=\"faq\">\n\t\t<div class=\"container\">\n\t\t\t<div class=\"faq-item_wrap\">\n\t\t\t\t\t\t\t\t\t\t\t\t\t\t\t\t\t\t\t\t\t\t\t\t\t\t\t<div class=\"faq-item\">\n\t\t\t\t\t\t\t<h3 class=\"faq-trigger bold head-4\">Was ist Zahntourismus?<span><\/span><\/h3>\n\t\t\t\t\t\t\t<div class=\"faq-content dentist_caption\">\n\t\t\t\t\t\t\t\tDentaltourismus bezeichnet das Reisen in ein fremdes Land, um dort kosteng\u00fcnstigere zahnmedizinische Behandlungen in Anspruch zu nehmen. Dieses Ph\u00e4nomen ist ein Teilbereich des umfassenderen medizinischen Tourismus.\t\t\t\t\t\t\t<\/div>\n\t\t\t\t\t\t<\/div>\n\t\t\t\t\t\t\t\t\t\t\t\t\t\t\t\t\t\t\t\t\t\t\t<div class=\"faq-item\">\n\t\t\t\t\t\t\t<h3 class=\"faq-trigger bold head-4\">Wodurch unterscheidet sich DentalyGo von anderen Websites f\u00fcr Zahntourismus?<span><\/span><\/h3>\n\t\t\t\t\t\t\t<div class=\"faq-content dentist_caption\">\n\t\t\t\t\t\t\t\tViele andere Websites f\u00fcr Zahntourismus listen Dutzende von Kliniken in jedem Ort auf und \u00fcberlassen Ihnen die Entscheidung, welche Sie nutzen m\u00f6chten. Das kann eine schwierige Entscheidung sein, wenn Sie nur wenige Informationen zur Verf\u00fcgung haben! Wir von DentalyGo m\u00f6chten Ihnen diese Entscheidung erleichtern, indem wir Ihnen nur einige der besten Kliniken an jedem Ort empfehlen. Wir h\u00f6ren uns zun\u00e4chst Ihre Bed\u00fcrfnisse und Vorlieben an und teilen Ihnen dann mit, welche Klinik(en) am besten zu Ihnen passen. <br \/>\r\n<br \/>\r\n \t\t\t\t\t\t\t<\/div>\n\t\t\t\t\t\t<\/div>\n\t\t\t\t\t\t\t\t\t\t\t\t\t\t\t\t\t\t\t\t\t\t\t<div class=\"faq-item\">\n\t\t\t\t\t\t\t<h3 class=\"faq-trigger bold head-4\">Welches ist das beste Land f\u00fcr eine Zahnbehandlung im Ausland?<span><\/span><\/h3>\n\t\t\t\t\t\t\t<div class=\"faq-content dentist_caption\">\n\t\t\t\t\t\t\t\tEs gibt viele L\u00e4nder, die Deutschland in puncto Qualit\u00e4t der Versorgung ebenb\u00fcrtig und gleichzeitig viel g\u00fcnstiger sind. Die T\u00fcrkei und Ungarn sind zwei der beliebtesten L\u00e4nder, in die Deutsche f\u00fcr Zahnbehandlungen reisen. Welches Reiseziel f\u00fcr Sie am besten geeignet ist, h\u00e4ngt von einer Reihe von Faktoren ab: Welche Art von Behandlung ben\u00f6tigen Sie? M\u00f6chten Sie dort Urlaub machen? F\u00fcllen Sie unser <a style=\"display: inline-block; cursor: pointer;\"\n                                             class=\"shortcode-link popup-open \">Kontakformular<\/a> aus und einer unserer Patientenkoordinatoren wird sich mit Ihnen in Verbindung setzen, um mehr \u00fcber Ihre Bed\u00fcrfnisse zu erfahren und Ihnen zu helfen, eine geeignete Klinik zu finden. \t\t\t\t\t\t\t<\/div>\n\t\t\t\t\t\t<\/div>\n\t\t\t\t\t\t\t\t\t\t\t\t\t\t\t\t\t\t\t\t\t\t\t<div class=\"faq-item\">\n\t\t\t\t\t\t\t<h3 class=\"faq-trigger bold head-4\">Wie viel kann ich bei einer Zahnbehandlung im Ausland sparen?<span><\/span><\/h3>\n\t\t\t\t\t\t\t<div class=\"faq-content dentist_caption\">\n\t\t\t\t\t\t\t\tWenn unsere Patienten f\u00fcr eine zahn\u00e4rztliche Behandlung ins Ausland reisen, sparen sie in der Regel 50-70% im Vergleich zu den in Deutschland angebotenen Preisen. Der Betrag, den Sie sparen, h\u00e4ngt von dem Land ab, in das Sie reisen, und von der Art der zahn\u00e4rztlichen Behandlung, die Sie ben\u00f6tigen. Sie k\u00f6nnen jedoch kostenlos und unverbindlich ein Angebot anfordern. Sie sollten trotzdem die Kosten f\u00fcr Fl\u00fcge, Unterkunft, Versicherung und Arbeitsausfall einkalkulieren. Die meisten Menschen stellen jedoch fest, dass sie mit Zahntourismus immer noch eine Menge Geld sparen k\u00f6nnen. <br \/>\r\n<br \/>\r\n \t\t\t\t\t\t\t<\/div>\n\t\t\t\t\t\t<\/div>\n\t\t\t\t\t\t\t\t\t\t\t\t\t\t\t\t\t\t\t\t\t\t\t<div class=\"faq-item\">\n\t\t\t\t\t\t\t<h3 class=\"faq-trigger bold head-4\">Warum ist die Zahnbehandlung in anderen L\u00e4ndern billiger?<span><\/span><\/h3>\n\t\t\t\t\t\t\t<div class=\"faq-content dentist_caption\">\n\t\t\t\t\t\t\t\tEs gibt eine Reihe von Gr\u00fcnden, warum bestimmte L\u00e4nder erstklassige Pflege zu viel niedrigeren Preisen als in Deutschland anbieten k\u00f6nnen. Wenn die Lebenshaltungskosten niedriger sind, bedeutet dies, dass fast alle Aspekte des Gesch\u00e4ftsbetriebs &#8211; Immobilien, Gemeinkosten, Personal, Ausbildung &#8211; ebenfalls niedriger sind. Einige Zahnkliniken versuchen vielleicht, die Kosten zu senken, indem sie bei den Materialien oder der Ausr\u00fcstung sparen. Wir empfehlen jedoch nur Kliniken, die strenge, laufende Qualit\u00e4tskontrollen durchlaufen haben. <br \/>\r\n<br \/>\r\n \t\t\t\t\t\t\t<\/div>\n\t\t\t\t\t\t<\/div>\n\t\t\t\t\t\t\t\t\t\t\t\t\t\t\t\t\t\t\t\t\t\t\t<div class=\"faq-item\">\n\t\t\t\t\t\t\t<h3 class=\"faq-trigger bold head-4\">Wo kann ich die g\u00fcnstigsten Zahnimplantate bekommen?<span><\/span><\/h3>\n\t\t\t\t\t\t\t<div class=\"faq-content dentist_caption\">\n\t\t\t\t\t\t\t\tZun\u00e4chst einmal sollten Sie wissen, dass die g\u00fcnstigsten Zahnimplantate nicht unbedingt die besten sind. Die Materialien und Verfahren, die zur Herstellung von Implantaten verwendet werden, sind kostspielig, und dies spiegelt sich im Preis wider. Dar\u00fcber hinaus werden Sie feststellen, dass Zahnimplantate in L\u00e4ndern mit einem niedrigeren Bruttoinlandsprodukt und geringeren Lebenshaltungskosten am g\u00fcnstigsten sind.<br \/>\r\n \t\t\t\t\t\t\t<\/div>\n\t\t\t\t\t\t<\/div>\n\t\t\t\t\t\t\t\t\t\t\t\t\t\t\t\t\t\t\t\t\t\t\t<div class=\"faq-item\">\n\t\t\t\t\t\t\t<h3 class=\"faq-trigger bold head-4\">Brauche ich eine spezielle Versicherung f\u00fcr die Reise?<span><\/span><\/h3>\n\t\t\t\t\t\t\t<div class=\"faq-content dentist_caption\">\n\t\t\t\t\t\t\t\tEs ist unwahrscheinlich, dass Ihre normale Reiseversicherung die Kosten f\u00fcr eine elektive Zahnbehandlung im Ausland \u00fcbernimmt. Der Abschluss einer speziellen Versicherung f\u00fcr Medizintourismus ist optional, kann Ihnen aber zus\u00e4tzliche Sicherheit geben. Wir arbeiten derzeit mit Medical Travel Shield zusammen, einem Spezialisten auf dem Gebiet der medizinischen Tourismusversicherung. Mehr \u00fcber die Leistungen von Medical Travel Shield erfahren Sie <a href=\"https:\/\/www.medicaltravelshield.com\/\" rel=\"nofollow noopener\" target=\"blank\">hier<\/a>.<br \/>\r\n<br \/>\r\n  \t\t\t\t\t\t\t<\/div>\n\t\t\t\t\t\t<\/div>\n\t\t\t\t\t\t\t\t\t\t\t\t<\/div>\n\t\t<\/div>\n\t<\/div>\n\n\n\n<h2 class=\"wp-block-heading\">Angebot einholen<\/h2>\n\n\n\t<div class=\"faq\">\n\t\t<div class=\"container\">\n\t\t\t<div class=\"faq-item_wrap\">\n\t\t\t\t\t\t\t\t\t\t\t\t\t\t\t\t\t\t\t\t\t\t\t\t\t\t\t<div class=\"faq-item\">\n\t\t\t\t\t\t\t<h3 class=\"faq-trigger bold head-4\">Wie schnell kann ich behandelt werden?<span><\/span><\/h3>\n\t\t\t\t\t\t\t<div class=\"faq-content dentist_caption\">\n\t\t\t\t\t\t\t\tSobald Sie Ihre Anfrage eingereicht und ein aktuelles R\u00f6ntgenbild geschickt haben, dauert es in der Regel 1-3 Tage, bis wir Ihnen einen Kostenvoranschlag und einen Behandlungsplan erstellen, je nach Komplexit\u00e4t Ihrer Behandlung.<br \/>\r\n<br \/>\r\nWenn Sie sich bereits im Zielland befinden und nach guten Zahn\u00e4rzten in der N\u00e4he suchen m\u00f6chten, erw\u00e4hnen Sie dies bitte, wenn Sie uns kontaktieren.\t\t\t\t\t\t\t<\/div>\n\t\t\t\t\t\t<\/div>\n\t\t\t\t\t\t\t\t\t\t\t\t\t\t\t\t\t\t\t\t\t\t\t<div class=\"faq-item\">\n\t\t\t\t\t\t\t<h3 class=\"faq-trigger bold head-4\">Muss ich eine R\u00f6ntgenaufnahme vorlegen?<span><\/span><\/h3>\n\t\t\t\t\t\t\t<div class=\"faq-content dentist_caption\">\n\t\t\t\t\t\t\t\tEin Panoramar\u00f6ntgenbild hilft den Kliniken, Ihren Fall zu beurteilen und Ihre Behandlung genau zu planen, insbesondere wenn Sie Zahnimplantate ben\u00f6tigen.<br \/>\r\n<br \/>\r\nOhne ein R\u00f6ntgenbild kann man zwar einen Kostenvoranschlag machen, aber ein endg\u00fcltiger Kostenvoranschlag wird erst erstellt, wenn Sie die Klinik f\u00fcr eine Beurteilung besucht haben.\t\t\t\t\t\t\t<\/div>\n\t\t\t\t\t\t<\/div>\n\t\t\t\t\t\t\t\t\t\t\t\t\t\t\t\t\t\t\t\t\t\t\t<div class=\"faq-item\">\n\t\t\t\t\t\t\t<h3 class=\"faq-trigger bold head-4\">Was ist, wenn ich kein R\u00f6ntgenbild vom Zahnarzt habe?<span><\/span><\/h3>\n\t\t\t\t\t\t\t<div class=\"faq-content dentist_caption\">\n\t\t\t\t\t\t\t\tWir verstehen, dass es schwierig sein kann, ein R\u00f6ntgenbild von Ihrem deutschen Zahnarzt zu erhalten. Sie k\u00f6nnen Ihren jetzigen Zahnarzt um eine Kopie Ihrer Krankenakte bitten, die m\u00f6glicherweise eine aktuelle R\u00f6ntgenaufnahme enth\u00e4lt. Wenn nicht, k\u00f6nnen Sie einen privaten Zahnarzt aufsuchen und eine Panorama-R\u00f6ntgenaufnahme anfordern. Zahn\u00e4rzte berechnen f\u00fcr diesen Service in der Regel zwischen \u20ac20 und \u20ac80. <br \/>\r\n<br \/>\r\n \t\t\t\t\t\t\t<\/div>\n\t\t\t\t\t\t<\/div>\n\t\t\t\t\t\t\t\t\t\t\t\t\t\t\t\t\t\t\t\t\t\t\t<div class=\"faq-item\">\n\t\t\t\t\t\t\t<h3 class=\"faq-trigger bold head-4\">An wie viele Kliniken werden Sie mich verweisen?<span><\/span><\/h3>\n\t\t\t\t\t\t\t<div class=\"faq-content dentist_caption\">\n\t\t\t\t\t\t\t\tWir werden Sie an eine bis drei Kliniken verweisen, von denen wir glauben, dass sie nach Ihren Kriterien gut zu Ihnen passen.\t\t\t\t\t\t\t<\/div>\n\t\t\t\t\t\t<\/div>\n\t\t\t\t\t\t\t\t\t\t\t\t\t\t\t\t\t\t\t\t\t\t\t<div class=\"faq-item\">\n\t\t\t\t\t\t\t<h3 class=\"faq-trigger bold head-4\">Was ist, wenn ich meine Meinung \u00fcber eine Zahnbehandlung im Ausland \u00e4ndere?<span><\/span><\/h3>\n\t\t\t\t\t\t\t<div class=\"faq-content dentist_caption\">\n\t\t\t\t\t\t\t\tEs liegt ganz bei Ihnen, ob Sie nach Erhalt eines Angebots mit der Behandlung fortfahren. Es entstehen Ihnen keine Kosten oder Verpflichtungen, wenn Sie uns Ihre Daten \u00fcbermitteln. Wenn Sie einen Vertrag mit einer bestimmten Klinik abschlie\u00dfen und sp\u00e4ter stornieren m\u00f6chten, sollten Sie sich bei der Klinik \u00fcber deren Stornierungsbedingungen informieren. <br \/>\r\n<br \/>\r\n\t\t\t\t\t\t\t<\/div>\n\t\t\t\t\t\t<\/div>\n\t\t\t\t\t\t\t\t\t\t\t\t<\/div>\n\t\t<\/div>\n\t<\/div>\n\n\n\n<h2 class=\"wp-block-heading\">\u00dcber die von uns empfohlenen Kliniken<\/h2>\n\n\n\t<div class=\"faq\">\n\t\t<div class=\"container\">\n\t\t\t<div class=\"faq-item_wrap\">\n\t\t\t\t\t\t\t\t\t\t\t\t\t\t\t\t\t\t\t\t\t\t\t\t\t\t\t<div class=\"faq-item\">\n\t\t\t\t\t\t\t<h3 class=\"faq-trigger bold head-4\">Welche Akkreditierungen haben die Kliniken?<span><\/span><\/h3>\n\t\t\t\t\t\t\t<div class=\"faq-content dentist_caption\">\n\t\t\t\t\t\t\t\tWir arbeiten nur mit Kliniken zusammen, bei denen wir sicher sein k\u00f6nnen, dass sie alles getan haben, um unseren Patienten die beste Behandlung zukommen zu lassen. Sie sind alle vom Gesundheitsministerium ihres Landes akkreditiert und entweder ISO- oder TEMOS-zertifiziert. Mehr \u00fcber unsere Auswahlkriterien k\u00f6nnen Sie <a href=\"https:\/\/dentalygo.org\/clinics\/\">hier<\/a> nachlesen.  \t\t\t\t\t\t\t<\/div>\n\t\t\t\t\t\t<\/div>\n\t\t\t\t\t\t\t\t\t\t\t\t\t\t\t\t\t\t\t\t\t\t\t<div class=\"faq-item\">\n\t\t\t\t\t\t\t<h3 class=\"faq-trigger bold head-4\">Wird in den Kliniken Englisch gesprochen?<span><\/span><\/h3>\n\t\t\t\t\t\t\t<div class=\"faq-content dentist_caption\">\n\t\t\t\t\t\t\t\tWir arbeiten nur mit Kliniken zusammen, deren Mitarbeiter flie\u00dfend Englisch sprechen, so dass Sie sich keine Sorgen machen m\u00fcssen, falsch geh\u00f6rt oder missverstanden zu werden.\t\t\t\t\t\t\t<\/div>\n\t\t\t\t\t\t<\/div>\n\t\t\t\t\t\t\t\t\t\t\t\t\t\t\t\t\t\t\t\t\t\t\t<div class=\"faq-item\">\n\t\t\t\t\t\t\t<h3 class=\"faq-trigger bold head-4\">Wie bezahle ich meine Behandlung?<span><\/span><\/h3>\n\t\t\t\t\t\t\t<div class=\"faq-content dentist_caption\">\n\t\t\t\t\t\t\t\tUnsere Partnerkliniken akzeptieren Kartenzahlungen, Bank\u00fcberweisungen und Barzahlungen. Einige Kliniken gew\u00e4hren einen Rabatt, wenn Sie Ihre Behandlung in bar bezahlen. Wenn Sie mit Karte zahlen, beachten Sie bitte, dass Ihre Bank in Deutschland zus\u00e4tzliche Geb\u00fchren f\u00fcr die Verwendung Ihrer Karte im Ausland erheben kann. Bitte besprechen Sie die Zahlungsmodalit\u00e4ten mit der Klinik Ihrer Wahl. \t\t\t\t\t\t\t<\/div>\n\t\t\t\t\t\t<\/div>\n\t\t\t\t\t\t\t\t\t\t\t\t\t\t\t\t\t\t\t\t\t\t\t<div class=\"faq-item\">\n\t\t\t\t\t\t\t<h3 class=\"faq-trigger bold head-4\">Ist meine Behandlung durch eine Garantie abgedeckt?<span><\/span><\/h3>\n\t\t\t\t\t\t\t<div class=\"faq-content dentist_caption\">\n\t\t\t\t\t\t\t\tJa, alle Kliniken, mit denen wir zusammenarbeiten, verf\u00fcgen \u00fcber eine Garantiepolitik. Die Bedingungen sind je nach Behandlung und Klinik unterschiedlich. Bitte erkundigen Sie sich bei der Klinik Ihrer Wahl nach deren Bedingungen. \t\t\t\t\t\t\t<\/div>\n\t\t\t\t\t\t<\/div>\n\t\t\t\t\t\t\t\t\t\t\t\t<\/div>\n\t\t<\/div>\n\t<\/div>\n\n\n\n<p>Wenn Sie die Antwort auf Ihre Frage hier nicht finden, <a href=\"https:\/\/dentalygo.org\/de\/ueber-uns\/\" target=\"_blank\" data-type=\"page\" data-id=\"195\" rel=\"noreferrer noopener\">kontaktieren Sie uns<\/a> bitte mit Ihrer Anfrage.<\/p>\n","protected":false},"excerpt":{"rendered":"<p>Haben Sie eine Frage zur Funktionsweise von DentalyGo? Werfen Sie einen Blick auf unsere FAQs unten. \u00dcber Zahntourismus Angebot einholen \u00dcber die von uns empfohlenen Kliniken Wenn Sie die Antwort auf Ihre Frage hier nicht finden, kontaktieren Sie uns bitte mit Ihrer Anfrage.<\/p>\n","protected":false},"author":2,"featured_media":0,"parent":0,"menu_order":0,"comment_status":"closed","ping_status":"closed","template":"","meta":{"inline_featured_image":false,"footnotes":""},"class_list":["post-3308","page","type-page","status-publish","hentry"],"_links":{"self":[{"href":"https:\/\/dentalygo.org\/de\/wp-json\/wp\/v2\/pages\/3308","targetHints":{"allow":["GET"]}}],"collection":[{"href":"https:\/\/dentalygo.org\/de\/wp-json\/wp\/v2\/pages"}],"about":[{"href":"https:\/\/dentalygo.org\/de\/wp-json\/wp\/v2\/types\/page"}],"author":[{"embeddable":true,"href":"https:\/\/dentalygo.org\/de\/wp-json\/wp\/v2\/users\/2"}],"replies":[{"embeddable":true,"href":"https:\/\/dentalygo.org\/de\/wp-json\/wp\/v2\/comments?post=3308"}],"version-history":[{"count":45,"href":"https:\/\/dentalygo.org\/de\/wp-json\/wp\/v2\/pages\/3308\/revisions"}],"predecessor-version":[{"id":4058,"href":"https:\/\/dentalygo.org\/de\/wp-json\/wp\/v2\/pages\/3308\/revisions\/4058"}],"wp:attachment":[{"href":"https:\/\/dentalygo.org\/de\/wp-json\/wp\/v2\/media?parent=3308"}],"curies":[{"name":"wp","href":"https:\/\/api.w.org\/{rel}","templated":true}]}}