{"id":3353,"date":"2022-09-26T08:14:06","date_gmt":"2022-09-26T08:14:06","guid":{"rendered":"https:\/\/dentalygo.org\/bedingungen-konditionen\/"},"modified":"2024-12-18T10:29:46","modified_gmt":"2024-12-18T10:29:46","slug":"bedingungen-konditionen","status":"publish","type":"page","link":"https:\/\/dentalygo.org\/de\/bedingungen-konditionen\/","title":{"rendered":"Bedingungen &amp; Konditionen"},"content":{"rendered":"\n<h2 class=\"wp-block-heading\">ZWECK &#8211; DEFINITIONEN<\/h2>\n\n<p>Diese Nutzungsbedingungen (nachfolgend die &#8222;Bedingungen&#8220; oder &#8222;Nutzungsbedingungen&#8220;) regeln die Rechte und Pflichten des Unternehmens Mango Shake Limited (nachfolgend das &#8222;Unternehmen&#8220;) mit Sitz in 2003, 20\/F, Tower 5, China Hong Kong City, 33 Canton Road, Tsim Sha Tsui, Kowloon, Hong Kong. und der Nutzer der unter der Adresse www.dentalygo.org zug\u00e4nglichen Website (nachfolgend &#8222;Nutzer&#8220; und die &#8222;Website&#8220;). <\/p>\n\n<p>Die Website erm\u00f6glicht es dem Benutzer:<\/p>\n\n<ul class=\"wp-block-list\"><li>F\u00fcr den Zugriff auf den Blog und allgemeine Informationen \u00fcber die zahn\u00e4rztliche Versorgung im Ausland;<\/li><li>Kontaktaufnahme mit Zahnkliniken im Vereinigten K\u00f6nigreich oder im Ausland oder mit einem Dritten, der einen Klinik-Matching-Service anbietet (im Folgenden &#8222;Klinik(en)&#8220;), je nach den zahnmedizinischen Bed\u00fcrfnissen des Nutzers, auf der Grundlage eines Kontaktformulars, das der Nutzer ausgef\u00fcllt hat;<\/li><li>Um vergleichende Informationen \u00fcber Dentalprodukte zu erhalten;<\/li><li>So vereinbaren Sie online einen Termin mit Zahn\u00e4rzten;<\/li><li>Um online mit Zahn\u00e4rzten in Kontakt zu treten;<\/li><li>Ein Online-Vergleichstool f\u00fcr Krankenversicherungen zu verwenden.<\/li><\/ul>\n\n<p>Daher fungiert das Unternehmen als Herausgeber einer Website, deren Zweck es ist, den Nutzern allgemeine Informationen \u00fcber Zahnpflege zu bieten und es ihnen zu erm\u00f6glichen, von Informationen Dritter zu profitieren, mit denen das Unternehmen Partnerschaftsvereinbarungen geschlossen hat. F\u00fcr Informationen, die dem Unternehmen von dritten Partnern zur Verf\u00fcgung gestellt werden, fungiert das Unternehmen als Host. <\/p>\n\n<h2 class=\"wp-block-heading\">AKZEPTANZ DER BEDINGUNGEN UND KONDITIONEN DER NUTZUNG<\/h2>\n\n<p>Der Zugriff auf die Website durch den Nutzer setzt die vollst\u00e4ndige und uneingeschr\u00e4nkte Annahme dieser Nutzungsbedingungen und der <a href=\"https:\/\/dentalygo.org\/de\/datenschutzbestimmungen\/\">Datenschutzrichtlinie<\/a> der Website voraus. Der Nutzer kann diese Nutzungsbedingungen jederzeit ausdrucken oder speichern. Das Unternehmen beh\u00e4lt sich das Recht vor, diese Nutzungsbedingungen jederzeit zu \u00e4ndern. Sollte dies der Fall sein, werden die neuen Bedingungen auf der Website ver\u00f6ffentlicht und jede weitere Nutzung der Website durch den Nutzer setzt die Annahme der ge\u00e4nderten Bedingungen voraus. Wenn der Nutzer die Nutzungsbedingungen nicht akzeptieren m\u00f6chte, verpflichtet er sich, seine Navigation auf der Website nicht fortzusetzen.    <\/p>\n\n<p>Bei der Nutzung eines \u00fcber die Website zug\u00e4nglichen Dienstes muss der Benutzer alle als obligatorisch angegebenen Informationen angeben, um die Website optimal nutzen zu k\u00f6nnen.<\/p>\n\n<p>Jeder schwerwiegende Versto\u00df eines Nutzers gegen eine der hier eingegangenen Verpflichtungen, der nicht innerhalb einer Frist von f\u00fcnfzehn (15) Tagen nach Erhalt einer E-Mail mit Empfangsbest\u00e4tigung des Unternehmens behoben wird, gibt dem Unternehmen das Recht, dem betreffenden Nutzer je nach Schwere des Sachverhalts alle oder einen Teil der Dienste nicht mehr zur Verf\u00fcgung zu stellen, unbeschadet aller anderen Sch\u00e4den, auf die das Unternehmen Anspruch erheben k\u00f6nnte. Im Falle einer offensichtlich rechtswidrigen St\u00f6rung oder eines Angriffs kann die Frist zur Behebung des Versto\u00dfes k\u00fcrzer sein. <\/p>\n\n<h2 class=\"wp-block-heading\">BEDINGUNGEN F\u00dcR DIE NUTZUNG DER WEBSITE<\/h2>\n\n<p>Wenn Sie bestimmte Dienste in Anspruch nehmen m\u00f6chten, m\u00fcssen Sie ein Formular ausf\u00fcllen, das Sie an das Unternehmen \u00fcbermitteln. Dazu geh\u00f6ren pers\u00f6nliche Daten wie Name, Vorname, Geburtsdatum, E-Mail-Adresse, Telefonnummer, Stadt, Land, Postleitzahl, Fotos und medizinische Daten sowie Angaben zu der gew\u00fcnschten Behandlung und\/oder angrenzenden Themen.<\/p>\n\n<p>Die Benutzer verpflichten sich, genaue Angaben zu machen und diese Informationen gegebenenfalls regelm\u00e4\u00dfig zu aktualisieren.<\/p>\n\n<h3 class=\"wp-block-heading\">Service der Kontaktaufnahme mit einer Zahnpflegeklinik:<\/h3>\n\n<p>Benutzer k\u00f6nnen eine E-Mail vom Unternehmen oder einer Klinik erhalten, um zus\u00e4tzliche Informationen anzufordern, wie z.B. einen Kostenvoranschlag ihres Zahnarztes im Vereinigten K\u00f6nigreich, sowie, soweit m\u00f6glich, ein aktuelles Panoramar\u00f6ntgenbild.<\/p>\n\n<p>Diese Informationen bleiben gegen\u00fcber Dritten vertraulich. Das Unternehmen wird jedoch vom Nutzer ausdr\u00fccklich erm\u00e4chtigt, pers\u00f6nliche Informationen und\/oder Dokumente an jede Klinik zu \u00fcbermitteln, die in der Lage w\u00e4re, den Patienten zu behandeln. Es wird darauf hingewiesen, dass sich die Kliniken in oder au\u00dferhalb Gro\u00dfbritanniens befinden, aber in jedem Fall kompetente Fachleute sind, die \u00fcber die entsprechenden Diplome f\u00fcr die Erbringung zahn\u00e4rztlicher Leistungen verf\u00fcgen und die f\u00fcr ihre T\u00e4tigkeit geltenden ISO-Qualit\u00e4tsstandards erf\u00fcllen oder eine TEMOS-Zertifizierung besitzen.  <\/p>\n\n<p>Nach der \u00dcbermittlung pers\u00f6nlicher Daten wird ein Benutzer von einem Vertreter des Unternehmens und\/oder von den Kliniken direkt kontaktiert.<\/p>\n\n<p>Im Rahmen seiner Beziehung mit der Klinik steht es dem Nutzer jederzeit frei:<\/p>\n\n<ul class=\"wp-block-list\"><li>Lehnen Sie den Kostenvoranschlag der Klinik ab;<\/li><li>Akzeptieren Sie den Kostenvoranschlag der Klinik;<\/li><li>Informieren Sie das Unternehmen, wenn die gew\u00e4hlte Klinik nicht geeignet ist;<\/li><li>W\u00e4hlen Sie eine andere Klinik unter den vorgestellten aus;<\/li><li>Verzichten Sie darauf, die zahn\u00e4rztliche Behandlung durchf\u00fchren zu lassen.<\/li><\/ul>\n\n<p>Das Vertragsverh\u00e4ltnis zwischen der Klinik und dem Nutzer wird direkt durch die Vertragsdokumente geregelt, die die Klinik dem Nutzer \u00fcbermittelt und die dieser durch seine Unterschrift akzeptiert, und das Unternehmen greift nicht in die Beziehung zwischen den beiden Parteien ein, abgesehen davon, dass es sie miteinander in Kontakt bringt.  <\/p>\n\n<p>Daher haftet der Benutzer nicht f\u00fcr Geb\u00fchren oder Provisionen, die aufgrund der Einf\u00fchrung an das Unternehmen zu zahlen sind, und es besteht kein \u00fcber diese Nutzungsbedingungen hinausgehender Vertrag zwischen dem Benutzer und dem Unternehmen.<\/p>\n\n<p>Alle Fotos des Nutzers, die von der Klinik auf Empfehlung des Unternehmens aufgenommen werden, k\u00f6nnen f\u00fcr die Marketingaktivit\u00e4ten des Unternehmens verwendet werden, werden aber immer so beschnitten, dass nur die Z\u00e4hne und nicht das ganze Gesicht zu sehen sind.<\/p>\n\n<p>Alle Bewertungen, die ein Nutzer an das Unternehmen oder \u00fcber eine Bewertungswebsite eines Dritten einreicht, k\u00f6nnen zu Marketingzwecken auf der Website ver\u00f6ffentlicht werden.<\/p>\n\n<h3 class=\"wp-block-heading\">Von Dritten erbrachte Dienstleistungen:<\/h3>\n\n<p>Bez\u00fcglich der auf der Website oder \u00fcber die Website verf\u00fcgbaren Dienste: Die Nutzungsbedingungen dieser Dienste sind f\u00fcr den Nutzer auf den Websites der genannten Dritten zug\u00e4nglich.<\/p>\n\n<p>Infolgedessen ist das Unternehmen nicht f\u00fcr diese Dienste oder die dort erteilten Ratschl\u00e4ge oder durchgef\u00fchrten Behandlungen verantwortlich. Sollte sich ein Nutzer daf\u00fcr entscheiden, diesen Diensten pers\u00f6nliche Daten zur Verf\u00fcgung zu stellen, so erkennt er an, dass das Unternehmen keinen Zugang zu diesen Daten hat und dass der Nutzer daher sein Recht auf Widerspruch, Berichtigung und Aktualisierung dieser Daten direkt bei den betreffenden Dritten in \u00dcbereinstimmung mit den in deren Nutzungsbedingungen enthaltenen Bedingungen aus\u00fcben muss. <\/p>\n\n<h3 class=\"wp-block-heading\">Allgemeine Informationen:<\/h3>\n\n<p>Es wird darauf hingewiesen, dass die Nutzung der Website und der dort zug\u00e4nglichen Dienste f\u00fcr den Benutzer kostenlos ist, mit Ausnahme des Internetzugangs und des Computerprogramms, die zu Lasten des Benutzers gehen.<\/p>\n\n<h2 class=\"wp-block-heading\">ALLGEMEINE NUTZERPFLICHTEN UND HAFTUNG<\/h2>\n\n<p>Im Rahmen der Nutzung des Dienstes der Kontaktaufnahme mit einer Zahnklinik akzeptiert jeder Benutzer, dass die pers\u00f6nlichen Daten, die er in das Formular auf der Website eingibt, von der Gesellschaft an eine oder mehrere Kliniken \u00fcbermittelt werden, damit diese dem Benutzer einen Kostenvoranschlag f\u00fcr die von ihm gew\u00fcnschte Zahnbehandlung unterbreiten k\u00f6nnen.<\/p>\n\n<p>Die Zustimmung jedes betroffenen Nutzers zur \u00dcbermittlung dieser personenbezogenen Daten erfolgt zum Zeitpunkt des Ausf\u00fcllens des oben genannten Formulars, wenn die entsprechenden K\u00e4stchen angekreuzt werden, und gilt als ausdr\u00fcckliche Zustimmung zur Verwendung der personenbezogenen Daten durch das Unternehmen einerseits und durch jede kontaktierte Klinik andererseits. Dem betroffenen Nutzer steht es frei, die \u00fcbermittelten personenbezogenen Daten abzulehnen, zu \u00e4ndern und\/oder zu berichtigen. <\/p>\n\n<p>Im Rahmen der Nutzung des Website-Blogs wird der Nutzer Zur\u00fcckhaltung \u00fcben. Er wird sich jederzeit an das Gesetz und die geltenden Vorschriften halten und keine Inhalte ver\u00f6ffentlichen, die beleidigend, verleumderisch, rassistisch oder verunglimpfend sind, die zum Hass aufstacheln und\/oder gegen die geltenden Gesetze und Vorschriften versto\u00dfen. <\/p>\n\n<p>Im Rahmen der Nutzung des Preisvergleichsdienstes f\u00fcr Krankenversicherungen erkennt der Nutzer an, dass die Nutzung des Preisvergleichstools auf freiwilliger Basis erfolgt, um Informationen \u00fcber Krankenversicherer zu erhalten. Er erkennt an, dass die Ergebnisse des Preisvergleichstools nur in dem Ma\u00dfe g\u00fcltig sind, wie er wahrheitsgem\u00e4\u00dfe und aktuelle Angaben zu seiner pers\u00f6nlichen Situation \u00fcbermittelt hat. <\/p>\n\n<p>Der Nutzer ist verpflichtet, das Unternehmen f\u00fcr alle materiellen oder immateriellen Folgen zu entsch\u00e4digen, die sich aus einem Versto\u00df gegen die vorliegenden Nutzungsbedingungen ergeben.<\/p>\n\n<p>Im Falle einer Klage oder eines Anspruchs eines Dritten gegen das Unternehmen kann dieses daher die Garantie eines jeden Nutzers in Anspruch nehmen, der durch die Verletzung seiner Verpflichtungen im Rahmen dieser Nutzungsbedingungen die Tatsachen verursacht hat, die zu der Klage des Dritten gegen das Unternehmen gef\u00fchrt haben.<\/p>\n\n<h2 class=\"wp-block-heading\">VERPFLICHTUNGEN DES UNTERNEHMENS UND HAFTUNG<\/h2>\n\n<p>Das Unternehmen kann jederzeit und ohne Vorank\u00fcndigung \u00c4nderungen an der Pr\u00e4sentation, der Funktionsweise oder den Funktionen der Website und\/oder der darauf zug\u00e4nglichen Dienstleistungen vornehmen. Das Unternehmen kann nicht f\u00fcr die Nichtverf\u00fcgbarkeit der Website und\/oder der Dienstleistungen verantwortlich gemacht werden, die auf die Unw\u00e4gbarkeiten der mit dem Internet verbundenen Techniken, auf h\u00f6here Gewalt, auf die Internetverbindung des Nutzers oder seine Ger\u00e4te oder auf Wartungsarbeiten zur\u00fcckzuf\u00fchren ist, die f\u00fcr das ordnungsgem\u00e4\u00dfe Funktionieren der Website und\/oder der Dienstleistungen erforderlich sind. Das Unternehmen beh\u00e4lt sich das Recht vor, den Zugang zur Website und\/oder zu allen oder einem Teil der Dienste jederzeit zu unterbrechen, insbesondere um die Vertraulichkeit oder Integrit\u00e4t der Daten der Nutzer im Falle eines Virenangriffs zu wahren. Das Unternehmen setzt die ihm zur Verf\u00fcgung stehenden technischen Mittel ein, um die Integrit\u00e4t und die Sicherheit der Website und der darin enthaltenen Dienste sowie die Vertraulichkeit der pers\u00f6nlichen Daten der Nutzer so weit wie m\u00f6glich zu gew\u00e4hrleisten.   <\/p>\n\n<p>In Bezug auf Dienstleistungen, die von Dritten \u00fcber die Website angeboten werden: Das Unternehmen \u00fcbernimmt keine Verantwortung f\u00fcr die Informationen, die den Nutzern \u00fcber die Website zur Verf\u00fcgung stehen, wenn diese von Dritten bereitgestellt werden, sei es \u00fcber Widgets, Hypertext-Links oder auf andere Weise. Das Unternehmen gew\u00e4hrleistet nur, dass diese technischen Mittel funktionieren, ohne die von Dritten bereitgestellten redaktionellen Inhalte zu \u00fcberpr\u00fcfen, f\u00fcr die es keine Verantwortung \u00fcbernimmt. <\/p>\n\n<p>In Bezug auf den Service, bei dem der Nutzer mit einer Zahnklinik in Kontakt gebracht wird und\/oder die Preise von Krankenversicherungen vergleicht: Die einzige Rolle des Unternehmens besteht darin, dem Nutzer die M\u00f6glichkeit zu geben, eine Zahnklinik zu finden, mit der er einen Vertrag f\u00fcr eine zahn\u00e4rztliche Behandlung abschlie\u00dfen kann, die verf\u00fcgbaren Informationen \u00fcber die zahn\u00e4rztliche Behandlung zu pr\u00fcfen und eine Krankenversicherung zu finden, die seinen Bed\u00fcrfnissen entspricht. Das Unternehmen agiert in diesem Rahmen als kommerzieller Vermittler und kann an der kommerziellen Abwicklung der Beziehung zwischen dem Nutzer und der Klinik beteiligt sein. Das Unternehmen ist jedoch nicht beteiligt an: (i) den Beziehungen, die zwischen der Klinik und dem Nutzer in Bezug auf die H\u00f6he des von der Klinik \u00fcbermittelten Kostenvoranschlags, die Einzelheiten der notwendigen Pflege, die Qualit\u00e4t der geleisteten Pflege, den Zeitplan f\u00fcr die Fertigstellung der Pflege und ganz allgemein jedes technische Element der Diskussion zwischen dem Nutzer und der Klinik bestehen k\u00f6nnen. Das Unternehmen lehnt ausdr\u00fccklich jede Verantwortung f\u00fcr die Durchf\u00fchrung der zahn\u00e4rztlichen Behandlung des Nutzers durch die Kliniken, mit denen er \u00fcber die Website in Kontakt getreten ist, sowie f\u00fcr alle sich daraus ergebenden Folgen ab; (ii) die Beziehungen, die der Nutzer nach der Nutzung des auf der Website verf\u00fcgbaren Preisvergleichstools mit einem Krankenversicherer seiner Wahl eingehen kann.     <\/p>\n\n<p>Generell erh\u00e4lt das Unternehmen keine Verg\u00fctung vom Nutzer, unter welchem Titel auch immer. M\u00f6glicherweise erh\u00e4lt das Unternehmen eine Provision von einem Dritten (z.B. einer Klinik oder einem Krankenversicherer), ohne dass die Existenz dieser Provision den externen Charakter des Unternehmens in Bezug auf die zwischen dem Dritten und dem Nutzer eingegangene Vertragsbeziehung in Frage stellt. <\/p>\n\n<p>Das Unternehmen ist lediglich verpflichtet, die Verf\u00fcgbarkeit und den Betrieb der Website und der darauf zug\u00e4nglichen Dienste zu gew\u00e4hrleisten. Dementsprechend kann der Nutzer im Falle eines schlechten Funktionierens oder einer Unterbrechung der Website oder eines Dienstes, der Wartung oder der Aktualisierung der Website in keinem Fall Regressanspr\u00fcche an das Unternehmen stellen. <\/p>\n\n<p>Das Unternehmen kann nicht f\u00fcr Sch\u00e4den haftbar gemacht werden, die durch das Eindringen oder die betr\u00fcgerische Beibehaltung eines Dritten auf der Website oder durch unerlaubte Datenextraktion entstehen, obwohl das Unternehmen Sicherheitsmittel einsetzt, die den aktuellen Techniken entsprechen.<\/p>\n\n<p>Alle Inhalte auf der Website dienen lediglich der Information und ersetzen in keiner Weise die \u00e4rztliche Beratung oder regelm\u00e4\u00dfige Untersuchungen, wie sie von der NHS\/Oral Health Foundation empfohlen werden. Durch die Nutzung der Website erkl\u00e4ren Sie sich damit einverstanden, bei gesundheitlichen Bedenken einen Arzt zu konsultieren, bevor Sie sich auf die auf der Website enthaltenen Informationen verlassen. Das Unternehmen \u00fcbernimmt keine Verantwortung f\u00fcr die Entscheidungen, die der Benutzer nach der Nutzung der Website trifft.  <\/p>\n\n<h2 class=\"wp-block-heading\">COOKIES<\/h2>\n\n<p>Das Unternehmen informiert die Nutzer \u00fcber die Installation von Cookies auf ihren Computern. Das Unternehmen verwendet Cookies, um die Kommunikation auf elektronischem Wege zu erm\u00f6glichen und zu erleichtern, f\u00fcr statistische Analysen (einschlie\u00dflich Google Analytics), f\u00fcr die Verfolgung der Nutzung von Diensten Dritter und f\u00fcr die Bereitstellung geeigneter, auf die Bed\u00fcrfnisse der Nutzer zugeschnittener Funktionen. Das Cookie wird verwendet, um jeden Nutzer bei jeder Verbindung zu identifizieren und so den Zugang zur Website zu erleichtern. Sie k\u00f6nnen Cookies ablehnen, indem Sie die Einstellungen Ihres Browsers \u00e4ndern. Dadurch k\u00f6nnen sich jedoch die auf der Website angebotenen Funktionen \u00e4ndern, wof\u00fcr das Unternehmen nicht verantwortlich gemacht werden kann.   <\/p>\n\n<p>Cookies von Drittanbietern werden zum Zwecke der statistischen Nachverfolgung und Berichterstattung verwendet. Nutzer k\u00f6nnen die Bedingungen der Cookie-Richtlinien von Dritten auf deren jeweiligen Websites einsehen. <\/p>\n\n<h2 class=\"wp-block-heading\">GEISTIGES EIGENTUM<\/h2>\n\n<p>Der Nutzer erkennt an, dass das Unternehmen der Eigent\u00fcmer der Website und aller ihrer Funktionen ist. Der Nutzer verpflichtet sich, diese nicht ohne vorherige schriftliche Zustimmung des Unternehmens zu vervielf\u00e4ltigen oder nachzuahmen. Das Unternehmen gew\u00e4hrt dem Nutzer lediglich ein Nutzungsrecht f\u00fcr alle auf der Website enthaltenen Elemente, ohne dass dieser berechtigt ist, ohne Genehmigung des Unternehmens eine Vervielf\u00e4ltigung oder Verbreitung vorzunehmen.  <\/p>\n\n<h2 class=\"wp-block-heading\">VERSCHIEDENES<\/h2>\n\n<p>Generell gilt: Sollten eine oder mehrere Bestimmungen der Nutzungsbedingungen aufgrund eines Gesetzes oder einer Verordnung oder aufgrund einer rechtskr\u00e4ftigen Entscheidung eines zust\u00e4ndigen Gerichts f\u00fcr ung\u00fcltig erkl\u00e4rt werden, behalten die anderen Bestimmungen ihre G\u00fcltigkeit und ihren Geltungsbereich. Die Parteien vereinbaren daher, die f\u00fcr ung\u00fcltig erkl\u00e4rte Bestimmung durch eine Bestimmung zu ersetzen, die dem Inhalt der urspr\u00fcnglichen Bestimmung so nahe wie m\u00f6glich kommt. Die gleichen Grunds\u00e4tze gelten im Falle von unvollst\u00e4ndigen Bestimmungen.  <\/p>\n\n<p>Die Bestimmungen dieser Nutzungsbedingungen geben die Gesamtheit der von den Parteien getroffenen Vereinbarung wieder. Sie haben Vorrang vor allen fr\u00fcheren Vorschl\u00e4gen oder Vereinbarungen sowie vor allen anderen Mitteilungen zwischen den Parteien, die sich auf den Gegenstand der vorliegenden Nutzungsbedingungen beziehen. <\/p>\n\n<h2 class=\"wp-block-heading\">ANWENDBARES RECHT &#8211; ZUWEISUNG DER ZUST\u00c4NDIGKEIT<\/h2>\n\n<p>Die Nutzungsbedingungen werden nach englischem Recht ausgelegt, ausgef\u00fchrt und geregelt.<\/p>\n\n<p>Im Falle von Schwierigkeiten in Bezug auf die G\u00fcltigkeit, die Auslegung, die Ausf\u00fchrung oder eine Verletzung dieser Nutzungsbedingungen und bei Ausbleiben einer g\u00fctlichen Einigung innerhalb einer Frist von drei\u00dfig (30) Tagen nach Auftreten der Streitigkeit vereinbaren die Parteien, ihre Streitigkeit der zust\u00e4ndigen Gerichtsbarkeit zur gerichtlichen Kl\u00e4rung vorzulegen.<\/p>\n","protected":false},"excerpt":{"rendered":"<p>ZWECK &#8211; DEFINITIONEN Diese Nutzungsbedingungen (nachfolgend die &#8222;Bedingungen&#8220; oder &#8222;Nutzungsbedingungen&#8220;) regeln die Rechte und Pflichten des Unternehmens Mango Shake Limited (nachfolgend das &#8222;Unternehmen&#8220;) mit Sitz in 2003, 20\/F, Tower 5, China Hong Kong City, 33 Canton Road, Tsim Sha Tsui, Kowloon, Hong Kong. und der Nutzer der unter der Adresse www.dentalygo.org zug\u00e4nglichen Website (nachfolgend &#8222;Nutzer&#8220; [&hellip;]<\/p>\n","protected":false},"author":2,"featured_media":0,"parent":0,"menu_order":0,"comment_status":"closed","ping_status":"closed","template":"","meta":{"inline_featured_image":false,"footnotes":""},"class_list":["post-3353","page","type-page","status-publish","hentry"],"_links":{"self":[{"href":"https:\/\/dentalygo.org\/de\/wp-json\/wp\/v2\/pages\/3353","targetHints":{"allow":["GET"]}}],"collection":[{"href":"https:\/\/dentalygo.org\/de\/wp-json\/wp\/v2\/pages"}],"about":[{"href":"https:\/\/dentalygo.org\/de\/wp-json\/wp\/v2\/types\/page"}],"author":[{"embeddable":true,"href":"https:\/\/dentalygo.org\/de\/wp-json\/wp\/v2\/users\/2"}],"replies":[{"embeddable":true,"href":"https:\/\/dentalygo.org\/de\/wp-json\/wp\/v2\/comments?post=3353"}],"version-history":[{"count":1,"href":"https:\/\/dentalygo.org\/de\/wp-json\/wp\/v2\/pages\/3353\/revisions"}],"predecessor-version":[{"id":3355,"href":"https:\/\/dentalygo.org\/de\/wp-json\/wp\/v2\/pages\/3353\/revisions\/3355"}],"wp:attachment":[{"href":"https:\/\/dentalygo.org\/de\/wp-json\/wp\/v2\/media?parent=3353"}],"curies":[{"name":"wp","href":"https:\/\/api.w.org\/{rel}","templated":true}]}}