{"id":3354,"date":"2022-07-21T11:09:21","date_gmt":"2022-07-21T11:09:21","guid":{"rendered":"https:\/\/dentalygo.org\/zahnaerztlicher-tourismus-erschwingliche-zahnbehandlung-im-ausland-finden\/"},"modified":"2024-12-26T14:37:59","modified_gmt":"2024-12-26T14:37:59","slug":"zahnbehandlung-im-ausland","status":"publish","type":"page","link":"https:\/\/dentalygo.org\/de\/behandlungen\/zahnbehandlung-im-ausland\/","title":{"rendered":"Zahn\u00e4rztlicher Tourismus: Erschwingliche Zahnbehandlung im Ausland finden"},"content":{"rendered":"\n<p><strong>Zahntourismus<\/strong>, also Reisen zur <a href=\"https:\/\/dentalygo.org\/de\/behandlungen\/\" target=\"_blank\" data-type=\"URL\" data-id=\"https:\/\/dentalygo.org\/de\/behandlungen\/\" rel=\"noreferrer noopener\">zahn\u00e4rztlichen Behandlung im Ausland<\/a>, wird immer beliebter. Es gibt viele Gr\u00fcnde, warum sich Menschen daf\u00fcr entscheiden, wobei wirtschaftliche Faktoren der h\u00e4ufigste sind. <\/p>\n\n\n\n<p>In den meisten L\u00e4ndern sind die Preise f\u00fcr zahn\u00e4rztliche Leistungen niedriger als in Deutschland, manchmal sogar sehr viel niedriger. Aber es gibt auch andere Gr\u00fcnde, warum Menschen ins Ausland gehen. <\/p>\n\n\n\n<p>Die Krankenkasse deckt in der Regel keine elektiven Behandlungen wie Veneers und Implantate ab. Selbst f\u00fcr Dinge, die abgedeckt sind, wie Kronen oder Br\u00fccken, k\u00f6nnen Patienten drei Monate oder l\u00e4nger auf einer Warteliste stehen. <\/p>\n\n\n\n<p>Aber wenn es darum geht, den Sprung zu wagen und einen Zahntourismus zu buchen, haben Sie vielleicht einige Vorbehalte. Dieser Artikel beantwortet unter anderem die folgenden Fragen und gibt Ihnen eine bessere Vorstellung davon, was Zahntourismus ist und wie DentalyGo Ihnen helfen kann. <\/p>\n\n\n<div class=\"wp-block-image\">\n<figure class=\"alignright size-medium\"><img loading=\"lazy\" decoding=\"async\" width=\"300\" height=\"200\" src=\"https:\/\/dentalygo.org\/wp-content\/uploads\/2022\/05\/Dental-Imlants-in-Turkey-300x200.jpg\" alt=\"Verbinden Sie Ihren Urlaub mit einer Zahnbehandlung im Ausland\" class=\"wp-image-545\" srcset=\"https:\/\/dentalygo.org\/wp-content\/uploads\/2022\/05\/Dental-Imlants-in-Turkey-300x200.jpg 300w, https:\/\/dentalygo.org\/wp-content\/uploads\/2022\/05\/Dental-Imlants-in-Turkey-1024x683.jpg 1024w, https:\/\/dentalygo.org\/wp-content\/uploads\/2022\/05\/Dental-Imlants-in-Turkey-768x512.jpg 768w, https:\/\/dentalygo.org\/wp-content\/uploads\/2022\/05\/Dental-Imlants-in-Turkey.jpg 1200w\" sizes=\"auto, (max-width: 300px) 100vw, 300px\" \/><figcaption>Lassen Sie sich im Ausland zahn\u00e4rztlich behandeln und machen Sie gleichzeitig Urlaub!<\/figcaption><\/figure><\/div>\n\n\n<ul class=\"wp-block-list\"><li>Ist es sicher, sich in einem anderen Land zahn\u00e4rztlich behandeln zu lassen?<\/li><li>Wie hoch sind die Preise f\u00fcr Zahnbehandlungen im Ausland?<\/li><li>Wie organisiere ich Fl\u00fcge, Unterkunft und Transport?<\/li><li>Was, wenn etwas schiefgeht?<\/li><li>Wie kann ich sicher sein, dass ich nicht abgezockt werde, wenn ich dort bin?<\/li><\/ul>\n\n\n\n<p><a href=\"https:\/\/dentalygo.org\/de\/\" data-type=\"page\" data-id=\"203\" target=\"_blank\" rel=\"noreferrer noopener\">DentalyGo<\/a> ist eine Plattform, die Ihnen hilft, erschwingliche Zahnbehandlungen im Ausland zu finden. Sie bietet alle Informationen, die Sie ben\u00f6tigen, um eine fundierte Entscheidung f\u00fcr Ihre n\u00e4chste Reise zu treffen, einschlie\u00dflich Sicherheitsinformationen und Tipps f\u00fcr die Suche nach dem besten Zahnarzt. <\/p>\n\n\n\n<p>Wir verstehen, dass Sie viele Fragen haben, bevor Sie f\u00fcr eine Zahnbehandlung in ein anderes Land reisen. Wir haben Antworten. <\/p>\n\n\n\n<h2 class=\"wp-block-heading\">Warum eine Zahnbehandlung im Ausland?<\/h2>\n\n\n\n<p>Wenn Sie auf der Suche nach einer erschwinglichen Zahnbehandlung im Ausland sind und sich fragen, warum Sie sich daf\u00fcr entscheiden sollten, haben wir die Antworten. Hier sind f\u00fcnf Gr\u00fcnde, warum eine Reise ins Ausland f\u00fcr Ihre n\u00e4chste zahn\u00e4rztliche Untersuchung oder Behandlung eine kluge Entscheidung ist: <\/p>\n\n\n\n<ol class=\"wp-block-list\"><li><strong>Zahn\u00e4rzte in Deutschland haben lange Wartelisten<\/strong>, begrenzte Behandlungsm\u00f6glichkeiten und die Krankenkasse deckt keine kosmetischen Behandlungen ab.<\/li><li><strong>Sie k\u00f6nnen Geld sparen<\/strong>. Da zahn\u00e4rztliche Behandlungen im Ausland deutlich billiger sind als private Behandlungen in Deutschland, k\u00f6nnen Sie Tausende Euro sparen, wenn Sie sich im Ausland behandeln lassen. <\/li><li><strong>Es ist sicher und effektiv.<\/strong>  Viele L\u00e4nder haben strenge Vorschriften f\u00fcr die Sauberkeit ihrer Zahnkliniken und Einrichtungen. Wenn Sie sich also Sorgen um die Qualit\u00e4t der Versorgung machen, sollten Sie das nicht tun!<\/li><li><strong>Sie k\u00f6nnen das alles auf einmal tun!<\/strong>  Wenn Sie nach einer erschwinglichen M\u00f6glichkeit suchen, alle Ihre zahn\u00e4rztlichen Behandlungen auf einmal durchf\u00fchren zu lassen, ist dies eine gro\u00dfartige Option, denn so k\u00f6nnen Sie bei mehreren Eingriffen noch mehr Geld sparen, indem Sie sie alle auf einmal durchf\u00fchren lassen, anstatt sie \u00fcber einen l\u00e4ngeren Zeitraum zu verteilen.<\/li><li><strong>Sie k\u00f6nnen Ihren Zahnarztbesuch mit einem Urlaub verbinden!<\/strong><\/li><\/ol>\n\n\n\n<h2 class=\"wp-block-heading\">Warum ist eine zahn\u00e4rztliche Behandlung im Ausland billiger?<\/h2>\n\n\n\n<p>Der Hauptgrund daf\u00fcr, dass Zahnbehandlungen im Ausland billiger sind als in Deutschland, sind die niedrigeren Gemeinkosten.  <\/p>\n\n\n\n<p>Die gleichen wirtschaftlichen Faktoren, die dazu f\u00fchren, dass die Hotelpreise je nach Land variieren, betreffen auch viele andere Branchen. Infolgedessen sind die Gemeinkosten von Zahn\u00e4rzten niedriger, die Geh\u00e4lter sind niedriger und die Dienstleistungen sind preiswerter. <\/p>\n\n\n\n<h2 class=\"wp-block-heading\">Wie sind die Preise f\u00fcr Zahnbehandlungen im Ausland?<\/h2>\n\n\n\n<p>Die Preise f\u00fcr eine zahn\u00e4rztliche Behandlung im Ausland k\u00f6nnen deutlich niedriger sein als zu Hause, und Sie haben die M\u00f6glichkeit, Ihren Urlaub zu genie\u00dfen, w\u00e4hrend Sie Ihre Z\u00e4hne reinigen oder reparieren lassen.<\/p>\n\n\n\n<p>Gl\u00fccklicherweise gibt es viele M\u00f6glichkeiten f\u00fcr diejenigen, die sich f\u00fcr eine erschwingliche <strong>Zahnbehandlung im Ausland<\/strong> interessieren.<\/p>\n\n\n\n<p>DentalyGo kann Ihnen helfen, einen g\u00fcnstigen Zahnarzt im Ausland zu finden und in vielen F\u00e4llen bis zu 50-70% gegen\u00fcber den Preisen in Deutschland zu sparen. Wir bringen Sie mit bis zu drei von uns empfohlenen Zahn\u00e4rzten im Ausland zusammen und erstellen kostenlose Angebote f\u00fcr Sie. <\/p>\n\n\n\n<p>Ihr pers\u00f6nlicher Patientenkoordinator wird Ihnen helfen, die Angebote zu verstehen und alle weiteren Fragen zu beantworten. Sie brauchen nur unser kurzes Formular auszuf\u00fcllen, und wir k\u00fcmmern uns um alles Weitere! <\/p>\n\n\n<div class=\"quality_dental \">\n\t\t<div class=\"quality_dental-prices-container\">\n\t\t<div class=\"quality_dental-prices-block\">\n\t\t\t<div class=\"quality_dental-prices-block-src-first\">\n\t\t\t\t<img decoding=\"async\" src=\"https:\/\/dentalygo.org\/wp-content\/themes\/dentalyGo\/img\/home\/price-image-1.png\"\n\t\t\t\t\t\t alt=\"price-image\"\n\t\t\t\t\t\t class=\"dental-prices_src\"\/>\n\t\t\t<\/div>\n\n\t\t\t\t\t\t<h3 class=\"quality_dental-prices-block_heading bold\">Unsere Patienten sparen in der Regel 50-70% gegen\u00fcber den deutschen Zahnarztpreisen!<\/h3>\n\t\t\t\t\t\t<a class=\"dentist-learn-more popup-open \"\n\t\t\t\t href=\"#form-dental\">Fordern Sie Ihr kostenloses Angebot an<\/a>\n\t\t\t<div class=\"quality_dental-prices-block-src-second\">\n\t\t\t\t<img decoding=\"async\" src=\"https:\/\/dentalygo.org\/wp-content\/themes\/dentalyGo\/img\/home\/price-image-2.png\"\n\t\t\t\t\t\t alt=\"price-image\"\n\t\t\t\t\t\t class=\"dental-prices_src\"\/>\n\t\t\t<\/div>\n\t\t<\/div>\n\t<\/div>\n<\/div>\n\n\n\n<div style=\"height:20px\" aria-hidden=\"true\" class=\"wp-block-spacer\"><\/div>\n\n\n\n<h2 class=\"wp-block-heading\">Ist es sicher, sich im Ausland zahn\u00e4rztlich behandeln zu lassen?<\/h2>\n\n\n\n<p>Die Antwort ist ja und nein.<\/p>\n\n\n\n<p>Ja, wenn Sie in ein Land reisen, in dem die zahn\u00e4rztlichen Behandlungen von lizenzierten und erfahrenen Zahn\u00e4rzten durchgef\u00fchrt werden, die ordnungsgem\u00e4\u00dfe Sterilisationsverfahren anwenden und mit der neuesten Technologie arbeiten.<\/p>\n\n\n\n<p>Nein, wenn Sie in ein Land reisen, in dem Zahn\u00e4rzte nicht zugelassen sind oder nicht in den neuesten Techniken ausgebildet wurden.<\/p>\n\n\n\n<p>Es mag Sie \u00fcberraschen, dass es in vielen L\u00e4ndern Vorschriften gibt, die die Sicherheit der Patienten bei einer zahn\u00e4rztlichen Behandlung im Ausland gew\u00e4hrleisten. In Spanien zum Beispiel muss jeder Zahnarzt, der au\u00dferhalb Spaniens eine Ausbildung absolviert, an einer anerkannten Schule ausgebildet worden sein. Das bedeutet, dass er \u00fcber Erfahrung in der Zahnmedizin verf\u00fcgt und die strengen Ausbildungsstandards der Regierung seines Heimatlandes erf\u00fcllt hat. <\/p>\n\n\n\n<p>Wie k\u00f6nnen Sie also sicher sein, dass es sicher ist, Ihre Zahnbehandlung im Ausland durchf\u00fchren zu lassen? Mit DentalyGo stellen wir sicher, dass jeder Anbieter auf unserer Plattform von unserem Expertenteam \u00fcberpr\u00fcft wurde, damit wir Ihre Sicherheit und Zufriedenheit mit Ihrem Behandlungsplan garantieren k\u00f6nnen! <\/p>\n\n\n\n<h2 class=\"wp-block-heading\">Welche Arten von zahn\u00e4rztlichen Eingriffen werden im Ausland \u00fcblicherweise durchgef\u00fchrt?<\/h2>\n\n\n\n<p>Die Krankenkasse deckt keine rein kosmetischen Zahnbehandlungen ab, sodass Menschen, die an solchen Eingriffen interessiert sind, f\u00fcr eine private Behandlung zahlen m\u00fcssen. Die Krankenkasse bietet in einigen speziellen F\u00e4llen Zahnimplantate an, aber selbst dann betragen die Wartelisten in der Regel ein Jahr oder mehr. <\/p>\n\n\n\n<p><strong>Kosmetische Zahnbehandlungen im Ausland<\/strong> k\u00f6nnen erschwinglich sein und sind g\u00fcnstiger als private Zahnbehandlungen in Deutschland. Auch weniger invasive kosmetische Behandlungen k\u00f6nnen im Ausland billiger sein, insbesondere wenn Sie mehr als einen Eingriff gleichzeitig durchf\u00fchren lassen. Einige Behandlungen, f\u00fcr die Menschen h\u00e4ufig ins Ausland reisen, sind: <\/p>\n\n\n<div class=\"wp-block-image\">\n<figure class=\"alignright size-medium\"><img loading=\"lazy\" decoding=\"async\" width=\"300\" height=\"169\" src=\"https:\/\/dentalygo.org\/wp-content\/uploads\/2022\/01\/how-it-works-300x169.jpg\" alt=\"Frau l\u00e4sst sich im Ausland operieren\" class=\"wp-image-228\" srcset=\"https:\/\/dentalygo.org\/wp-content\/uploads\/2022\/01\/how-it-works-300x169.jpg 300w, https:\/\/dentalygo.org\/wp-content\/uploads\/2022\/01\/how-it-works-1024x576.jpg 1024w, https:\/\/dentalygo.org\/wp-content\/uploads\/2022\/01\/how-it-works-768x432.jpg 768w, https:\/\/dentalygo.org\/wp-content\/uploads\/2022\/01\/how-it-works-1536x864.jpg 1536w, https:\/\/dentalygo.org\/wp-content\/uploads\/2022\/01\/how-it-works.jpg 1920w\" sizes=\"auto, (max-width: 300px) 100vw, 300px\" \/><figcaption>Viele Menschen machen Urlaub beim Zahnarzt, um ihr L\u00e4cheln f\u00fcr weniger Geld zu versch\u00f6nern oder zu verbessern<\/figcaption><\/figure><\/div>\n\n\n<ul class=\"wp-block-list\"><li>Zahnimplantate<\/li><li>Veneers<\/li><li>Br\u00fccken<\/li><li>Kronen (Porzellan, Zirkoniumdioxid oder Gold)<\/li><li>Zahnaufhellung<\/li><li>F\u00fcllungen<\/li><li>Extraktionen<\/li><li>Wurzelkan\u00e4le<\/li><li>Einige Arten von Zahnspangen<\/li><\/ul>\n\n\n\n<p>Auch wenn es vielleicht nicht billiger ist, f\u00fcr eine einfache Extraktion in ein Flugzeug zu steigen, so k\u00f6nnen Sie doch Ihre Zeit sinnvoll nutzen, indem Sie andere Eingriffe vornehmen lassen, w\u00e4hrend Sie dort unterwegs sind.<\/p>\n\n\n\n<h3 class=\"wp-block-heading\">Sollten Sie Bewertungen von Zahnbehandlungen im Ausland pr\u00fcfen?<\/h3>\n\n\n\n<p>Ja, auch wenn wir jede Klinik, in der wir arbeiten, gr\u00fcndlich \u00fcberpr\u00fcfen, kann es Ihnen viel Sicherheit geben, wenn Sie Bewertungen lesen.<\/p>\n\n\n\n<p>Es ist immer eine gute Idee, sich von Leuten beraten zu lassen, die \u00e4hnliche Arbeiten durchf\u00fchren lie\u00dfen, um sicherzustellen, dass Sie einen Qualit\u00e4tsservice erhalten.<\/p>\n\n\n\n<p>Die Klinik kann zwar Bewertungen abgeben, aber Sie k\u00f6nnen nicht sicher sein, dass diese v\u00f6llig unparteiisch sind. Versuchen Sie, nach Bewertungen von Menschen zu suchen, die unvoreingenommen \u00fcber ihre Erfahrungen mit Zahnimplantaten im Ausland sprechen. <\/p>\n\n\n\n<h2 class=\"wp-block-heading\">Wie finde ich einen seri\u00f6sen Zahnarzt?<\/h2>\n\n\n\n<p>Um einen guten <strong>Zahnarzt im Ausland<\/strong> zu finden, sollten Sie auf Sicherheit, Akkreditierung und Erschwinglichkeit achten.<\/p>\n\n\n<div class=\"wp-block-image\">\n<figure class=\"alignright size-full\"><img loading=\"lazy\" decoding=\"async\" width=\"170\" height=\"171\" src=\"https:\/\/dentalygo.org\/wp-content\/uploads\/2022\/07\/TEMOS-accreditation.png\" alt=\"temos Logo zeigt akkreditierte Zahnkliniken im Ausland\" class=\"wp-image-617\" srcset=\"https:\/\/dentalygo.org\/wp-content\/uploads\/2022\/07\/TEMOS-accreditation.png 170w, https:\/\/dentalygo.org\/wp-content\/uploads\/2022\/07\/TEMOS-accreditation-150x150.png 150w\" sizes=\"auto, (max-width: 170px) 100vw, 170px\" \/><figcaption>Alle unsere Partnerzahnkliniken sind TEMOS-akkreditiert<\/figcaption><\/figure><\/div>\n\n\n<p>Einen Zahnarzt zu finden, der alle drei Eigenschaften besitzt, mag wie eine unm\u00f6gliche Aufgabe erscheinen. Aber mithilfe von DentalyGo k\u00f6nnen Sie sicher sein, dass Sie einen vertrauensw\u00fcrdigen und seri\u00f6sen Zahnarzt finden, auf den Sie sich verlassen k\u00f6nnen, und gleichzeitig Ihre Z\u00e4hne reparieren lassen. <\/p>\n\n\n\n<p>DentalyGo ist bestrebt, seinen Kunden eine garantiert sichere und hochwertige Behandlung zu bieten. Deshalb stellen wir sicher, dass jede Praxis auf unserer Plattform ISO9001- und <a href=\"https:\/\/www.temos-worldwide.com\/\" target=\"_blank\" rel=\"noreferrer noopener\">TEMOS-zertifiziert<\/a> ist. Das bedeutet, dass sie strenge Qualit\u00e4tsstandards erf\u00fcllt und von unserem Team gr\u00fcndlich \u00fcberpr\u00fcft wurde. <\/p>\n\n\n\n<p>Wir tun dies, weil wir wissen, wie wichtig es f\u00fcr Patienten ist, sich bei einer <strong>zahn\u00e4rztlichen Behandlung im Ausland<\/strong> sicher zu f\u00fchlen <strong>&#8211; und<\/strong> wie be\u00e4ngstigend es sein kann, wenn Sie nicht wissen, ob Ihr Zahnarzt ordnungsgem\u00e4\u00df qualifiziert ist oder ob eine unabh\u00e4ngige Agentur wie DentalyGo seine Praxis \u00fcberpr\u00fcft hat! <\/p>\n\n\n\n<h2 class=\"wp-block-heading\">Wie organisiere ich Fl\u00fcge, Unterkunft und Transport?<\/h2>\n\n\n\n<p>Sie m\u00fcssen Ihre Reise schon ein wenig vor Ihrer Ankunft planen. Das ist aber gar nicht so kompliziert, wie es klingt! Sie finden alle Informationen, die Sie ben\u00f6tigen, im Internet oder in Reisef\u00fchrern. <\/p>\n\n\n\n<p>Die meisten Kliniken, mit denen wir zusammenarbeiten, bieten einen Transport an und k\u00f6nnen Ihnen bei der Suche nach einer Unterkunft in der N\u00e4he helfen. Aber wenn Sie alles selbst buchen m\u00f6chten, k\u00f6nnen wir Ihnen einige Tipps geben. <\/p>\n\n\n\n<p>Vergewissern Sie sich zun\u00e4chst, dass Ihr Reisepass noch mindestens sechs Monate \u00fcber das Datum Ihrer geplanten R\u00fcckkehr in Ihr Heimatland hinaus g\u00fcltig ist. Wenn Sie noch keinen haben, besorgen Sie sich jetzt einen! Erkundigen Sie sich auch, ob f\u00fcr Ihr Reiseziel Impfungen empfohlen werden, und lassen Sie sich diese (falls erforderlich) geben. <\/p>\n\n\n\n<p>Der n\u00e4chste Schritt ist die Suche nach Fl\u00fcgen. Im Allgemeinen ist es am besten, wenn Sie verschiedene Fluggesellschaften und Routen miteinander vergleichen. Sie sollten nach den besten Flugzeiten und Preisen suchen, die Ihrem Zeitplan entsprechen. <\/p>\n\n\n\n<p>Als n\u00e4chstes m\u00fcssen Sie eine Unterkunft in Ihrem Zielland buchen. Wir empfehlen Ihnen, in der N\u00e4he der Zahnklinik zu wohnen, denn nach einigen Behandlungen m\u00f6chten Sie vielleicht nicht lange pendeln m\u00fcssen. <\/p>\n\n\n\n<p>Es gibt viele Arten von Unterk\u00fcnften \u2013 von Herbergen und Hotels bis hin zu Apartments und Ferienh\u00e4usern \u2013 lesen Sie also unbedingt die <strong>Bewertungen von Zahn\u00e4rzten<\/strong>, bevor Sie etwas buchen!<\/p>\n\n\n\n<p>Dann kommt der Transport vom Flughafen oder Bahnhof zu Ihrer Unterkunft. Sie k\u00f6nnen entweder ein Taxi buchen oder \u00f6ffentliche Verkehrsmittel wie Busse oder Z\u00fcge benutzen; beide M\u00f6glichkeiten sind gut geeignet. Aber wie bereits erw\u00e4hnt, k\u00f6nnen die Kliniken, mit denen wir zusammenarbeiten, Ihnen beim Transport helfen, sodass Sie sich entspannt zur\u00fccklehnen k\u00f6nnen, wenn Sie m\u00f6chten.  <\/p>\n\n\n\n<h2 class=\"wp-block-heading\">Was, wenn etwas schiefgeht?<\/h2>\n\n\n\n<p>Wir verstehen, dass es schwierig sein kann, zu wissen, ob ein Eingriff so ausf\u00e4llt, wie Sie es sich w\u00fcnschen, besonders wenn es sich um komplexe Eingriffe wie Zahnimplantate oder Kronen handelt.<\/p>\n\n\n\n<p>Die Vorstellung, sich <strong>im Ausland zahn\u00e4rztlich behandeln<\/strong> zu lassen, kann entmutigend sein, und wir verstehen, dass Sie sicherstellen m\u00f6chten, dass Sie in den besten H\u00e4nden sind.  <\/p>\n\n\n\n<p>Unsere Zahn\u00e4rzte sind in ihren L\u00e4ndern lizenziert und ausgebildet und wurden durch unser strenges Auswahlverfahren \u00fcberpr\u00fcft. Sie sind alle nicht nur ISO9001-, sondern auch TEMOS-zertifiziert. Sollte w\u00e4hrend Ihrer Reise dennoch etwas passieren, sorgen wir daf\u00fcr, dass die Dinge schnell und effizient erledigt werden, damit Ihrer Genesung nichts im Wege steht.  <\/p>\n\n\n\n<h2 class=\"wp-block-heading\">Wie kann ich sicher sein, dass ich nicht abgezockt werde, wenn ich dort bin?<\/h2>\n\n\n\n<p>Wenn Sie bef\u00fcrchten, dass Sie abgezockt werden, sobald Sie dort sind, machen Sie sich keine Sorgen. Dies ist einer der vielen Gr\u00fcnde, warum Dentaly Go Zahnarztpraxen gr\u00fcndlich \u00fcberpr\u00fcft, damit Sie nie in diese Situation geraten. <\/p>\n\n\n\n<p>Bei der Suche nach der <strong>besten Zahnbehandlung im Ausland<\/strong> haben wir Ihnen das R\u00e4tselraten abgenommen. Wir wissen, worauf Sie bei einer Klinik oder einem Zahnarzt achten m\u00fcssen. Ganz gleich, ob Sie eine einfache Reinigung oder eine umfangreichere Behandlung ben\u00f6tigen, wir haben einen vertrauensw\u00fcrdigen Partner, der sich um Ihre Bed\u00fcrfnisse k\u00fcmmern kann.  <\/p>\n\n\n\n<h2 class=\"wp-block-heading\">Fazit<\/h2>\n\n\n\n<p>Die Zahl der Deutschen, die sich f\u00fcr zahn\u00e4rztliche Behandlungen im Ausland entscheiden, ist heute beachtlich. Zweifellos bietet der hart umk\u00e4mpfte Markt zahlreiche M\u00f6glichkeiten f\u00fcr den <strong>Zahntourismus<\/strong>.<\/p>\n\n\n\n<p>Der gr\u00f6\u00dfte Anreiz f\u00fcr Zahnbehandlungspakete im Ausland sind die niedrigen Kosten, aber wenn Sie gleichzeitig einen Urlaub genie\u00dfen k\u00f6nnen, warum nicht?<\/p>\n\n\n\n<p>Wenn Sie f\u00fcr eine Zahnbehandlung ins Ausland reisen, kann DentalyGo Ihnen dabei helfen, dies sicher und bequem zu tun.<\/p>\n\n\n\n<p>Wir stellen Ihnen relevante und umfassende Informationen zur Verf\u00fcgung, die Ihnen bei Ihrer Entscheidung helfen, den besten Zahnarzt zu finden und Sie dar\u00fcber zu informieren, was Sie nach Ihrer Ankunft im Ausland erwartet.<\/p>\n\n\n\n<h2 class=\"wp-block-heading\">FAQs<\/h2>\n\n\n<div id=\"rank-math-faq\" class=\"rank-math-block\">\n<div class=\"rank-math-list \">\n<div id=\"faq-question-1662652205238\" class=\"rank-math-list-item\">\n<h3 class=\"rank-math-question \">Was kostet eine Zahnbehandlung im Ausland?<\/h3>\n<div class=\"rank-math-answer \"><p>Die Preise f\u00fcr zahn\u00e4rztliche Behandlungen im Ausland k\u00f6nnen deutlich niedriger sein als zu Hause, und Sie haben die M\u00f6glichkeit, Ihren Urlaub zu genie\u00dfen, w\u00e4hrend Sie Ihre Z\u00e4hne reinigen oder reparieren lassen. DentalyGo kann Ihnen helfen, einen g\u00fcnstigen Zahnarzt im Ausland zu finden und in vielen F\u00e4llen bis zu 50-70% gegen\u00fcber den Preisen in Deutschland zu sparen. Wir bringen Sie mit bis zu drei von uns empfohlenen Zahn\u00e4rzten im Ausland zusammen und erstellen f\u00fcr Sie kostenlose Kostenvoranschl\u00e4ge.  <\/p>\n<\/div>\n<\/div>\n<div id=\"faq-question-1662652295868\" class=\"rank-math-list-item\">\n<h3 class=\"rank-math-question \">Ist es sicher, sich im Ausland zahn\u00e4rztlich behandeln zu lassen?<\/h3>\n<div class=\"rank-math-answer \"><p>Ja, wenn Sie in ein Land reisen, in dem zahn\u00e4rztliche Eingriffe von lizenzierten und erfahrenen Zahn\u00e4rzten durchgef\u00fchrt werden, die ordnungsgem\u00e4\u00dfe Sterilisationsverfahren anwenden und mit der neuesten Technologie arbeiten.<\/p>\n<\/div>\n<\/div>\n<\/div>\n<\/div>\n\n<div class=\"post_articles post\">\n\t<div class=\"post_articles-container\">\n\t\t<div class=\"post_articles-list col-3\">\n\t\t\t\t\t\t\t\t\t\t\t\t<a href=\"https:\/\/dentalygo.org\/de\/behandlungen\/zahnimplantate-im-ausland\/all-on-4-ausland\/\" class=\"post_articles-item\">\n\t\t\t\t\t\t<span class=\"post_articles-image\">\n\t\t\t\t\t\t\t<img loading=\"lazy\" decoding=\"async\" width=\"1200\" height=\"800\" src=\"https:\/\/dentalygo.org\/wp-content\/uploads\/2023\/04\/all-on-4-dental-implants-abroad-2.jpg\" class=\"attachment-post-thumbnail size-post-thumbnail wp-post-image\" alt=\"\" srcset=\"https:\/\/dentalygo.org\/wp-content\/uploads\/2023\/04\/all-on-4-dental-implants-abroad-2.jpg 1200w, https:\/\/dentalygo.org\/wp-content\/uploads\/2023\/04\/all-on-4-dental-implants-abroad-2-300x200.jpg 300w, https:\/\/dentalygo.org\/wp-content\/uploads\/2023\/04\/all-on-4-dental-implants-abroad-2-1024x683.jpg 1024w, https:\/\/dentalygo.org\/wp-content\/uploads\/2023\/04\/all-on-4-dental-implants-abroad-2-768x512.jpg 768w\" sizes=\"auto, (max-width: 1200px) 100vw, 1200px\" \/>\t\t\t\t\t\t<\/span>\n\t\t\t\t\t\t<h4 class=\"post_articles-title bold\">\n\t\t\t\t\t\t\tG\u00fcnstigstes Land f\u00fcr All-on-4 Zahnimplantate im Ausland\t\t\t\t\t\t<\/h4>\n\t\t\t\t\t\t<span class=\"post_articles-description dentist_caption\">\n\t\t\t\t\t\t\tReisen, um All on 4 Zahnimplantate im Ausland zu bekommen, ist eine beliebte Strategie, um Geld f\u00fcr die Behandlung zu sparen. &#8230;\t\t\t\t\t\t<\/span>\n\t\t\t\t\t<\/a>\n\t\t\t\t\t\t\t\t\t<a href=\"https:\/\/dentalygo.org\/de\/behandlungen\/zahnimplantate-im-ausland\/implantate-komplettes-gebiss\/\" class=\"post_articles-item\">\n\t\t\t\t\t\t<span class=\"post_articles-image\">\n\t\t\t\t\t\t\t<img loading=\"lazy\" decoding=\"async\" width=\"790\" height=\"415\" src=\"https:\/\/dentalygo.org\/wp-content\/uploads\/2022\/11\/full-mouth-dental-implants-FI.png\" class=\"attachment-post-thumbnail size-post-thumbnail wp-post-image\" alt=\"\" srcset=\"https:\/\/dentalygo.org\/wp-content\/uploads\/2022\/11\/full-mouth-dental-implants-FI.png 790w, https:\/\/dentalygo.org\/wp-content\/uploads\/2022\/11\/full-mouth-dental-implants-FI-300x158.png 300w, https:\/\/dentalygo.org\/wp-content\/uploads\/2022\/11\/full-mouth-dental-implants-FI-768x403.png 768w\" sizes=\"auto, (max-width: 790px) 100vw, 790px\" \/>\t\t\t\t\t\t<\/span>\n\t\t\t\t\t\t<h4 class=\"post_articles-title bold\">\n\t\t\t\t\t\t\tWie viel kosten Zahnimplantate f\u00fcr den ganzen Mund im Ausland?\t\t\t\t\t\t<\/h4>\n\t\t\t\t\t\t<span class=\"post_articles-description dentist_caption\">\n\t\t\t\t\t\t\tWenn Sie sich im Ausland mit Zahnimplantaten versorgen lassen m\u00f6chten, kann es schwierig sein zu wissen, wie hoch der Preis sein wird. Die Kosten f\u00fcr &#8230;\t\t\t\t\t\t<\/span>\n\t\t\t\t\t<\/a>\n\t\t\t\t\t\t\t\t\t<a href=\"https:\/\/dentalygo.org\/de\/behandlungen\/veneers-kosten-ausland\/\" class=\"post_articles-item\">\n\t\t\t\t\t\t<span class=\"post_articles-image\">\n\t\t\t\t\t\t\t<img loading=\"lazy\" decoding=\"async\" width=\"790\" height=\"416\" src=\"https:\/\/dentalygo.org\/wp-content\/uploads\/2022\/08\/composite-veneers-fi.jpeg\" class=\"attachment-post-thumbnail size-post-thumbnail wp-post-image\" alt=\"\" srcset=\"https:\/\/dentalygo.org\/wp-content\/uploads\/2022\/08\/composite-veneers-fi.jpeg 790w, https:\/\/dentalygo.org\/wp-content\/uploads\/2022\/08\/composite-veneers-fi-300x158.jpeg 300w, https:\/\/dentalygo.org\/wp-content\/uploads\/2022\/08\/composite-veneers-fi-768x404.jpeg 768w\" sizes=\"auto, (max-width: 790px) 100vw, 790px\" \/>\t\t\t\t\t\t<\/span>\n\t\t\t\t\t\t<h4 class=\"post_articles-title bold\">\n\t\t\t\t\t\t\tVeneers Kosten Ausland\t\t\t\t\t\t<\/h4>\n\t\t\t\t\t\t<span class=\"post_articles-description dentist_caption\">\n\t\t\t\t\t\t\t\t\t\t\t\t\t<\/span>\n\t\t\t\t\t<\/a>\n\t\t\t\t\t\t\t\t\t\t\t\t\t<\/div>\n\t<\/div>\n<\/div>\n","protected":false},"excerpt":{"rendered":"<p>Zahntourismus, also Reisen zur zahn\u00e4rztlichen Behandlung im Ausland, wird immer beliebter. Es gibt viele Gr\u00fcnde, warum sich Menschen daf\u00fcr entscheiden, wobei wirtschaftliche Faktoren der h\u00e4ufigste sind. In den meisten L\u00e4ndern sind die Preise f\u00fcr zahn\u00e4rztliche Leistungen niedriger als in Deutschland, manchmal sogar sehr viel niedriger. Aber es gibt auch andere Gr\u00fcnde, warum Menschen ins Ausland [&hellip;]<\/p>\n","protected":false},"author":6,"featured_media":2980,"parent":3375,"menu_order":0,"comment_status":"closed","ping_status":"closed","template":"","meta":{"inline_featured_image":false,"footnotes":""},"class_list":["post-3354","page","type-page","status-publish","has-post-thumbnail","hentry"],"_links":{"self":[{"href":"https:\/\/dentalygo.org\/de\/wp-json\/wp\/v2\/pages\/3354","targetHints":{"allow":["GET"]}}],"collection":[{"href":"https:\/\/dentalygo.org\/de\/wp-json\/wp\/v2\/pages"}],"about":[{"href":"https:\/\/dentalygo.org\/de\/wp-json\/wp\/v2\/types\/page"}],"author":[{"embeddable":true,"href":"https:\/\/dentalygo.org\/de\/wp-json\/wp\/v2\/users\/6"}],"replies":[{"embeddable":true,"href":"https:\/\/dentalygo.org\/de\/wp-json\/wp\/v2\/comments?post=3354"}],"version-history":[{"count":36,"href":"https:\/\/dentalygo.org\/de\/wp-json\/wp\/v2\/pages\/3354\/revisions"}],"predecessor-version":[{"id":4000,"href":"https:\/\/dentalygo.org\/de\/wp-json\/wp\/v2\/pages\/3354\/revisions\/4000"}],"up":[{"embeddable":true,"href":"https:\/\/dentalygo.org\/de\/wp-json\/wp\/v2\/pages\/3375"}],"wp:featuredmedia":[{"embeddable":true,"href":"https:\/\/dentalygo.org\/de\/wp-json\/wp\/v2\/media\/2980"}],"wp:attachment":[{"href":"https:\/\/dentalygo.org\/de\/wp-json\/wp\/v2\/media?parent=3354"}],"curies":[{"name":"wp","href":"https:\/\/api.w.org\/{rel}","templated":true}]}}