{"id":3359,"date":"2023-04-13T12:24:38","date_gmt":"2023-04-13T12:24:38","guid":{"rendered":"https:\/\/dentalygo.org\/guenstigstes-land-fuer-all-on-4-zahnimplantate-im-ausland\/"},"modified":"2024-12-26T10:38:20","modified_gmt":"2024-12-26T10:38:20","slug":"all-on-4-ausland","status":"publish","type":"page","link":"https:\/\/dentalygo.org\/de\/behandlungen\/zahnimplantate-im-ausland\/all-on-4-ausland\/","title":{"rendered":"G\u00fcnstigstes Land f\u00fcr All-on-4 Zahnimplantate im Ausland"},"content":{"rendered":"\n<p>Reisen, um <strong>All on 4 Zahnimplantate im Ausland<\/strong> zu bekommen, ist eine beliebte Strategie, um Geld f\u00fcr die Behandlung zu sparen. <\/p>\n\n\n<div class=\"wp-block-image\">\n<figure class=\"alignright size-medium\"><img loading=\"lazy\" decoding=\"async\" width=\"300\" height=\"200\" src=\"https:\/\/dentalygo.org\/wp-content\/uploads\/2022\/07\/dental-implants-abroad-300x200.jpg\" alt=\"All-on-4 Zahnimplantate im Ausland\" class=\"wp-image-685\" srcset=\"https:\/\/dentalygo.org\/wp-content\/uploads\/2022\/07\/dental-implants-abroad-300x200.jpg 300w, https:\/\/dentalygo.org\/wp-content\/uploads\/2022\/07\/dental-implants-abroad-768x513.jpg 768w, https:\/\/dentalygo.org\/wp-content\/uploads\/2022\/07\/dental-implants-abroad.jpg 999w\" sizes=\"auto, (max-width: 300px) 100vw, 300px\" \/><figcaption>Erw\u00e4gen Sie All on 4 Zahnimplantate im Ausland?<\/figcaption><\/figure><\/div>\n\n\n<p>Es gibt eine Reihe von L\u00e4ndern, in denen Sie <a href=\"https:\/\/dentalygo.org\/de\/behandlungen\/zahnimplantate-im-ausland\/\" target=\"_blank\" rel=\"noreferrer noopener\">All on 4 Zahnimplantate<\/a> zu viel niedrigeren Preisen als hier in Deutschland erhalten k\u00f6nnen. <\/p>\n\n\n\n<p>Dieser Artikel befasst sich speziell mit den <strong>g\u00fcnstigsten L\u00e4ndern f\u00fcr All-on-4-Zahnimplantate im Ausland<\/strong>:<\/p>\n\n\n\n<ul class=\"wp-block-list\"><li>Polen<\/li><li>T\u00fcrkei<\/li><li>Ungarn<\/li><li>Mexiko<\/li><\/ul>\n\n\n\n<p>Lesen Sie weiter, um mehr dar\u00fcber zu erfahren, warum Sie Zahnimplantate in diesen L\u00e4ndern in Betracht ziehen sollten und worauf Sie bei der Suche nach dem richtigen Zahnarzt im Ausland achten sollten.<\/p>\n\n\n\n<h2 class=\"wp-block-heading\">Kosten f\u00fcr All on 4 Zahnimplantate im Ausland<\/h2>\n\n\n\n<p>Es gibt viele Faktoren, die den Preis von Zahnimplantaten beeinflussen, darunter:<\/p>\n\n\n\n<ul class=\"wp-block-list\"><li>Die Art des Implantats<\/li><li>Erfahrung und Zertifizierungsgrad des Zahnarztes<\/li><li>Der Standort der Praxis.<\/li><\/ul>\n\n\n\n<p>Und nat\u00fcrlich fallen wie bei jeder Operation Kosten f\u00fcr An\u00e4sthesie und Krankenhausgeb\u00fchren an, falls Sie diese ben\u00f6tigen. Diese k\u00f6nnen von Land zu Land variieren. Die folgende Tabelle zeigt die ungef\u00e4hren Kosten f\u00fcr All on 4s oder All on 6s in den L\u00e4ndern, die in diesem Artikel behandelt werden.    <\/p>\n\n\n\n<div class=\"wp-block-columns is-layout-flex wp-container-core-columns-is-layout-2 wp-block-columns-is-layout-flex\">\n<div class=\"wp-block-column is-layout-flow wp-block-column-is-layout-flow\" style=\"flex-basis:100%\">\n<div class=\"wp-block-columns is-layout-flex wp-container-core-columns-is-layout-1 wp-block-columns-is-layout-flex\">\n<div class=\"wp-block-column is-layout-flow wp-block-column-is-layout-flow\" style=\"flex-basis:100%\">\n<figure class=\"wp-block-table\"><table><tbody><tr><td><strong>Land<\/strong><\/td><td><strong>Preis f\u00fcr All on 4 Zahnimplantate (pro Kiefer<\/strong>)<\/td><\/tr><tr><td><strong>Polen<\/strong><\/td><td>4.000 &#8211; 9.000 \u20ac<\/td><\/tr><tr><td><strong>T\u00fcrkei<\/strong><\/td><td>3.000 &#8211; 5.000 \u20ac<\/td><\/tr><tr><td><strong>Ungarn<\/strong><\/td><td>3.000 &#8211; 10.000 \u20ac<\/td><\/tr><tr><td><strong>Mexiko<\/strong><\/td><td>4.600 &#8211; 9.000 \u20ac<\/td><\/tr><tr><td><strong>Thailand<\/strong><\/td><td>3.500 &#8211; 6.000 \u20ac<\/td><\/tr><\/tbody><\/table><\/figure>\n<\/div>\n<\/div>\n<\/div>\n<\/div>\n\n\n\n<p>Die obige Tabelle zeigt, dass die <strong>g\u00fcnstigsten All on 4 Zahnimplantate<\/strong> in der T\u00fcrkei oder in Ungarn zu finden sind, je nachdem, welchen Zahnarzt Sie f\u00fcr die Behandlung w\u00e4hlen.  <\/p>\n\n\n\n<h2 class=\"wp-block-heading\">G\u00fcnstigstes Land f\u00fcr All on 4 Zahnimplantate im Ausland<\/h2>\n\n\n\n<h3 class=\"wp-block-heading\">Polen<\/h3>\n\n\n<div class=\"wp-block-image\">\n<figure class=\"alignright size-medium\"><img loading=\"lazy\" decoding=\"async\" width=\"300\" height=\"200\" src=\"https:\/\/dentalygo.org\/wp-content\/uploads\/2022\/11\/Dentist-in-Poland-map-300x200.png\" alt=\"alle auf vier Zahnimplantaten im Ausland\" class=\"wp-image-1267\" srcset=\"https:\/\/dentalygo.org\/wp-content\/uploads\/2022\/11\/Dentist-in-Poland-map-300x200.png 300w, https:\/\/dentalygo.org\/wp-content\/uploads\/2022\/11\/Dentist-in-Poland-map-1024x683.png 1024w, https:\/\/dentalygo.org\/wp-content\/uploads\/2022\/11\/Dentist-in-Poland-map-768x512.png 768w, https:\/\/dentalygo.org\/wp-content\/uploads\/2022\/11\/Dentist-in-Poland-map-1536x1024.png 1536w, https:\/\/dentalygo.org\/wp-content\/uploads\/2022\/11\/Dentist-in-Poland-map.png 1650w\" sizes=\"auto, (max-width: 300px) 100vw, 300px\" \/><figcaption>Polen ist ein beliebter Ort, um All on 4 Zahnimplantate zu erhalten<\/figcaption><\/figure><\/div>\n\n\n<p>Polen ist nur zwei Flugstunden von Deutschland entfernt und ist eines der beliebtesten Ziele f\u00fcr Zahnimplantate in Europa. Sein Ruf als Reiseziel f\u00fcr Zahntourismus hat sich bis in die Nachbarl\u00e4nder herumgesprochen, und viele Deutsche reisen dorthin, um sich kosteng\u00fcnstig behandeln zu lassen. <\/p>\n\n\n\n<p>Polen hat ein gutes Gesundheitssystem und die Lebenshaltungskosten sind viel niedriger als in Deutschland oder anderen europ\u00e4ischen L\u00e4ndern. Das bedeutet, dass Sie es sich leisten k\u00f6nnen, Ihre Zahnimplantate von einem hochwertigen Zahnarzt behandeln zu lassen und dabei noch Geld zu sparen. <\/p>\n\n\n\n<p>Polnische Zahn\u00e4rzte sind auf der ganzen Welt f\u00fcr ihr Fachwissen und ihre F\u00e4higkeiten bekannt. Es ist also keine \u00dcberraschung, dass sie sich auch in der internationalen Patientenversorgung einen Namen gemacht haben &#8211; vor allem, wenn es um Zahnimplantate geht!<\/p>\n\n\n<div class=\"wp-block-image\">\n<figure class=\"alignright size-full\"><img loading=\"lazy\" decoding=\"async\" width=\"170\" height=\"171\" src=\"https:\/\/dentalygo.org\/wp-content\/uploads\/2022\/07\/TEMOS-accreditation.png\" alt=\"alle auf 6 Zahnimplantate im Ausland\" class=\"wp-image-617\" srcset=\"https:\/\/dentalygo.org\/wp-content\/uploads\/2022\/07\/TEMOS-accreditation.png 170w, https:\/\/dentalygo.org\/wp-content\/uploads\/2022\/07\/TEMOS-accreditation-150x150.png 150w\" sizes=\"auto, (max-width: 170px) 100vw, 170px\" \/><figcaption>Eine seri\u00f6se Klinik wird das TEMOS-Zertifikat<\/figcaption><\/figure><\/div>\n\n\n<p>Wenn Sie auf der Suche nach einem Zahnarzt f\u00fcr Ihre Zahnimplantate in Polen sind, k\u00f6nnen Sie hier einige Dinge \u00fcberpr\u00fcfen.<\/p>\n\n\n\n<ul class=\"wp-block-list\"><li>Alle seri\u00f6sen polnischen Zahn\u00e4rzte sollten bei der polnischen \u00c4rzte- und Zahn\u00e4rztekammer registriert sein. Um dies zu \u00fcberpr\u00fcfen, wenden Sie sich direkt an sie.   <\/li><li>Wenn eine Klinik nach <a href=\"https:\/\/www.qmsuk.com\/iso-standards\/iso-9001\/what-is-iso-9001\" target=\"_blank\" rel=\"noreferrer noopener\">ISO 9001<\/a> (International Organization for Standardization) und <a href=\"https:\/\/www.temos-worldwide.com\/temos-quality-programs.aspx\" target=\"_blank\" rel=\"noreferrer noopener\">TEMOS<\/a> zertifiziert ist, h\u00e4lt sie sich wahrscheinlich an sehr hohe Standards.<\/li><li>Achten Sie auf unvoreingenommene Bewertungen und fragen Sie nach fr\u00fcheren Arbeiten, wenn es sich um kosmetische Eingriffe handelt.<\/li><\/ul>\n\n\n\n<h3 class=\"wp-block-heading\">T\u00fcrkei<\/h3>\n\n\n\n<p>Die T\u00fcrkei hat den Ruf, einer der <strong>g\u00fcnstigsten Orte f\u00fcr All-on-4-Zahnimplantate <\/strong>zu sein, und es ist keine \u00dcberraschung, dass viele Menschen dieses Land gerne besuchen. Es bietet Touristen die M\u00f6glichkeit, sich zwischen den Terminen oder Behandlungen zu entspannen und zu genie\u00dfen. <\/p>\n\n\n\n<p>Ein Zahnimplantat kostet etwas mehr als 543 \u20ac, das sind fast 70% weniger als das, was Patienten im Vereinigten K\u00f6nigreich zahlen w\u00fcrden. Fl\u00fcge in die T\u00fcrkei aus dem Vereinigten K\u00f6nigreich sind ebenfalls recht erschwinglich, da Billigfluggesellschaften t\u00e4glich viele Fl\u00fcge anbieten. <\/p>\n\n\n\n<p>Bei der Suche nach einem <a href=\"https:\/\/dentalygo.org\/de\/reiseziele\/zahnklinik-tuerkei\/\" target=\"_blank\" data-type=\"URL\" data-id=\"https:\/\/dentalygo.org\/de\/reiseziele\/zahnklinik-tuerkei\/\" rel=\"noreferrer noopener\">Zahnarzt in der T\u00fcrkei<\/a> ist es wichtig, einen Zahnarzt zu finden, der von der Turkish Dental Association (TDA) zertifiziert wurde.<\/p>\n\n\n\n<p>Pr\u00fcfen Sie unbedingt die bisherige Arbeit und die Bewertungen des Zahnarztes! Sie m\u00f6chten sicherstellen, dass Ihr Zahnarzt eine Erfolgsbilanz von Patienten vorweisen kann, die mit seinem Behandlungsplan zufrieden sind, und er auch bei anderen Patienten wie Ihnen gro\u00dfartige Ergebnisse erzielt hat. <\/p>\n\n\n<div class=\"quality_dental \">\n\t\t<div class=\"quality_dental-prices-container\">\n\t\t<div class=\"quality_dental-prices-block\">\n\t\t\t<div class=\"quality_dental-prices-block-src-first\">\n\t\t\t\t<img decoding=\"async\" src=\"https:\/\/dentalygo.org\/wp-content\/themes\/dentalyGo\/img\/home\/price-image-1.png\"\n\t\t\t\t\t\t alt=\"price-image\"\n\t\t\t\t\t\t class=\"dental-prices_src\"\/>\n\t\t\t<\/div>\n\n\t\t\t\t\t\t<h3 class=\"quality_dental-prices-block_heading bold\">Unsere Patienten sparen in der Regel 50-70% gegen\u00fcber den deutschen Zahnarztpreisen!<\/h3>\n\t\t\t\t\t\t<a class=\"dentist-learn-more popup-open \"\n\t\t\t\t href=\"#form-dental\">Fordern Sie Ihr kostenloses Angebot an<\/a>\n\t\t\t<div class=\"quality_dental-prices-block-src-second\">\n\t\t\t\t<img decoding=\"async\" src=\"https:\/\/dentalygo.org\/wp-content\/themes\/dentalyGo\/img\/home\/price-image-2.png\"\n\t\t\t\t\t\t alt=\"price-image\"\n\t\t\t\t\t\t class=\"dental-prices_src\"\/>\n\t\t\t<\/div>\n\t\t<\/div>\n\t<\/div>\n<\/div>\n\n\n\n<h3 class=\"wp-block-heading\">Ungarn<\/h3>\n\n\n\n<p><a href=\"https:\/\/dentalygo.org\/de\/reiseziele\/zahnklinik-ungarn\/\" target=\"_blank\" data-type=\"URL\" data-id=\"https:\/\/dentalygo.org\/de\/reiseziele\/zahnklinik-ungarn\/\" rel=\"noreferrer noopener\">Ungarn<\/a> verf\u00fcgt \u00fcber ausgezeichnete Einrichtungen f\u00fcr Zahnimplantate, und die Hauptstadt Budapest hat einige der besten Zahn\u00e4rzte der Welt.<\/p>\n\n\n\n<p>Genie\u00dfen Sie erstklassige Einrichtungen und Behandlungen von hochqualifizierten Zahn\u00e4rzten zu einem Bruchteil dessen, was Ihre Behandlung in Deutschland kosten w\u00fcrde.<\/p>\n\n\n<div class=\"wp-block-image\">\n<figure class=\"alignright size-medium\"><img loading=\"lazy\" decoding=\"async\" width=\"300\" height=\"200\" src=\"https:\/\/dentalygo.org\/wp-content\/uploads\/2022\/11\/Dentist-in-Hungary-map-300x200.png\" alt=\"all on 4 Zahnimplantate Kosten im Ausland\" class=\"wp-image-1269\" srcset=\"https:\/\/dentalygo.org\/wp-content\/uploads\/2022\/11\/Dentist-in-Hungary-map-300x200.png 300w, https:\/\/dentalygo.org\/wp-content\/uploads\/2022\/11\/Dentist-in-Hungary-map-1024x683.png 1024w, https:\/\/dentalygo.org\/wp-content\/uploads\/2022\/11\/Dentist-in-Hungary-map-768x512.png 768w, https:\/\/dentalygo.org\/wp-content\/uploads\/2022\/11\/Dentist-in-Hungary-map-1536x1024.png 1536w, https:\/\/dentalygo.org\/wp-content\/uploads\/2022\/11\/Dentist-in-Hungary-map.png 1650w\" sizes=\"auto, (max-width: 300px) 100vw, 300px\" \/><figcaption>Ungarn hat hervorragende zahnmedizinische Einrichtungen<\/figcaption><\/figure><\/div>\n\n\n<p>Zwischen den Terminen und Behandlungen k\u00f6nnen Sie die Altstadt erkunden und die Geschichte auf sich wirken lassen.<\/p>\n\n\n\n<p>Wenn Sie sich f\u00fcr eine All-on-4-Behandlung in Ungarn entscheiden, sollten Sie ein paar Dinge beachten, bevor Sie eine Entscheidung treffen.<\/p>\n\n\n\n<p>Zahn\u00e4rzte in Ungarn entsprechen den EU-Standards. Sie m\u00fcssen sich beim Gesundheitsministerium registrieren lassen und erhalten ein Zertifikat, das best\u00e4tigt, dass sie nach einem bestimmten Standard der Versorgung arbeiten.<\/p>\n\n\n\n<p>Sie k\u00f6nnen sich auch bei der ungarischen \u00c4rztekammer (Magyar Orvosi Kamara &#8211; MOK) registrieren lassen. Dies ist eine freiwillige Akkreditierung und zeigt, dass ein Zahnarzt strenge Kriterien erf\u00fcllt hat, um sie zu erhalten. <\/p>\n\n\n\n<p>Sie k\u00f6nnen auch nach Beispielen f\u00fcr die bisherige Arbeit des Unternehmens fragen. Suchen Sie insbesondere nach Beispielen, in denen sie All-on-4s in einer \u00e4hnlichen Situation wie der Ihren eingesetzt haben &#8211; und fragen Sie, wie sie diese Ergebnisse bewerten. <\/p>\n\n\n\n<h3 class=\"wp-block-heading\">Mexiko<\/h3>\n\n\n\n<p>Mexiko ist ein weiteres beliebtes Ziel f\u00fcr Patienten, die eine erschwingliche Zahnbehandlung suchen.<\/p>\n\n\n\n<p>Mexikos Medizintourismus w\u00e4chst rasant, und die zahnmedizinische Versorgung ist da keine Ausnahme. Das Land hat eine lange Tradition in der Bereitstellung qualitativ hochwertiger, erschwinglicher Zahnbehandlungen f\u00fcr Menschen aus der ganzen Welt.   <\/p>\n\n\n\n<p>Wenn Sie einen Zahnarzt in Mexiko suchen, w\u00e4hlen Sie einen, der bei der Mexican Dental Association registriert ist. Um diese Zertifizierung aufrechtzuerhalten, m\u00fcssen sie alle zwei Jahre 40 Stunden Fortbildung absolvieren und werden von der Vereinigung \u00fcberwacht.   <\/p>\n\n\n\n<p>Einige mexikanische Zahn\u00e4rzte lassen sich auch bei der American Dental Association registrieren. Da die USA hohe Standards f\u00fcr die zahn\u00e4rztliche Versorgung haben, empfehlen wir Ihnen, einen Zahnarzt mit dieser Zertifizierung zu w\u00e4hlen.  <\/p>\n\n\n\n<h3 class=\"wp-block-heading\">Thailand<\/h3>\n\n\n\n<p>Thailand ist das <strong>g\u00fcnstigste Land f\u00fcr All-on-4-Zahnimplantate<\/strong>. Der Preis f\u00fcr eine All-on-4-Zahnimplantatbehandlung in Thailand betr\u00e4gt nur ein Drittel dessen, was Sie in Deutschland zahlen w\u00fcrden. Das bedeutet, dass eine Person, die sich einer Oberkieferoperation mit Implantaten unterziehen muss, \u00fcber 7.000 \u20ac sparen kann!  <\/p>\n\n\n\n<p>Das Beste an Thailand ist, dass es einige der erschwinglichsten Behandlungen und Dienstleistungen in diesem Bereich anbietet, sodass sie auch f\u00fcr Menschen mit knappem Budget erschwinglich sind.<\/p>\n\n\n\n<p>Wie bereits erw\u00e4hnt, sollten Sie die Qualifikationen und Zertifizierungen des Zahnarztes Ihrer Wahl \u00fcberpr\u00fcfen. Sie k\u00f6nnen auch pr\u00fcfen, ob er \u00fcber internationale Akkreditierungen verf\u00fcgt, um sicherzustellen, dass er hohe Behandlungsstandards wie ISO 9001 und TEMOS einh\u00e4lt. <\/p>\n\n\n\n<h2 class=\"wp-block-heading\">Ist es sicher, sich im Ausland All-on-Implantate einsetzen zu lassen?<\/h2>\n\n\n\n<p>Es kann entmutigend sein, einen gro\u00dfen Eingriff wie <strong>eine All-on-4-Behandlung im Ausland<\/strong> vorzunehmen, daher ist es wichtig, sich vor der Buchung zu informieren. Es ist wichtig, dass Sie Ihre Risiken kennen und fundierte Entscheidungen dar\u00fcber treffen, wo Sie sich behandeln lassen, welchen Chirurgen Sie w\u00e4hlen und wie viel die Behandlung kosten wird. Sparen Sie in diesem Bereich nicht an der falschen Stelle &#8211; es geht schlie\u00dflich um Ihr L\u00e4cheln und Ihre Gesundheit.  <\/p>\n\n\n\n<p>Es gibt einige Dinge, auf die Sie achten sollten, bevor Sie sich f\u00fcr eine Klinik im Ausland entscheiden:  <\/p>\n\n\n<div class=\"top_list\">\n\t<div class=\"top_list-container\">\n\t\t<div class=\"top_list-list\">\n\t\t\t\t\t\t\t\t\t\t\t\t\t\t\t\t\t\t\t\t\t\t\t\t\t\t<div class=\"top_list-item-wrap without-arrow\">\n\t\t\t\t\t\t<div class=\"top_list-item\">\n\t\t\t\t\t\t\t<h4 class=\"top_list-title bold\">\n\t\t\t\t\t\t\t\tQualifikationen\t\t\t\t\t\t\t<\/h4>\n\t\t\t\t\t\t\t<div class=\"top_list-desc dentist_caption\">\n\t\t\t\t\t\t\t\t<p>Fragen Sie nach den Qualifikationen Ihres Zahnarztes (einschlie\u00dflich Fortbildung) und pr\u00fcfen Sie, bei welchen Aufsichtsbeh\u00f6rden er registriert ist. Vergewissern Sie sich, dass er bestimmte Standards erf\u00fcllt. <\/p>\n\t\t\t\t\t\t\t<\/div>\n\t\t\t\t\t\t<\/div>\n\t\t\t\t\t\t<div class=\"top_list-count\">01<\/div>\n\t\t\t\t\t<\/div>\n\t\t\t\t\t\t\t\t\t\t\t\t\t\t\t\t\t\t\t\t<div class=\"top_list-item-wrap without-arrow\">\n\t\t\t\t\t\t<div class=\"top_list-item\">\n\t\t\t\t\t\t\t<h4 class=\"top_list-title bold\">\n\t\t\t\t\t\t\t\tSpezialist\t\t\t\t\t\t\t<\/h4>\n\t\t\t\t\t\t\t<div class=\"top_list-desc dentist_caption\">\n\t\t\t\t\t\t\t\t<p>Suchen Sie einen Zahnarzt auf, der auf die von Ihnen ben\u00f6tigte Arbeit spezialisiert ist. Wenn Sie zum Beispiel Zahnimplantate in Mexiko erhalten m\u00f6chten, sollten Sie einen Zahnarzt aufsuchen, der auf Implantologie spezialisiert ist. <\/p>\n\t\t\t\t\t\t\t<\/div>\n\t\t\t\t\t\t<\/div>\n\t\t\t\t\t\t<div class=\"top_list-count\">02<\/div>\n\t\t\t\t\t<\/div>\n\t\t\t\t\t\t\t\t\t\t\t\t\t\t\t\t\t\t\t\t<div class=\"top_list-item-wrap without-arrow\">\n\t\t\t\t\t\t<div class=\"top_list-item\">\n\t\t\t\t\t\t\t<h4 class=\"top_list-title bold\">\n\t\t\t\t\t\t\t\tErleben Sie\t\t\t\t\t\t\t<\/h4>\n\t\t\t\t\t\t\t<div class=\"top_list-desc dentist_caption\">\n\t\t\t\t\t\t\t\t<p>Bitten Sie darum, fr\u00fchere Arbeiten zu sehen, damit Sie sich ein Bild von ihrem Stil und der Qualit\u00e4t ihrer Arbeit machen k\u00f6nnen, bevor Sie sich zu einer Behandlung verpflichten.<\/p>\n\t\t\t\t\t\t\t<\/div>\n\t\t\t\t\t\t<\/div>\n\t\t\t\t\t\t<div class=\"top_list-count\">03<\/div>\n\t\t\t\t\t<\/div>\n\t\t\t\t\t\t\t\t\t\t<\/div>\n\t<\/div>\n<\/div>\n\n\n\n<p>Wenn das alles ein wenig \u00fcberw\u00e4ltigend klingt, kann Dentaly Go Ihnen helfen. Wir arbeiten mit den renommiertesten Kliniken im Ausland zusammen, um Sie bei der Planung Ihrer Behandlung und Ihrer Reise zu unterst\u00fctzen. Ein engagierter Patientenkoordinator begleitet Sie auf dem gesamten Weg.   <\/p>\n\n\n\n<h2 class=\"wp-block-heading\">Fazit<\/h2>\n\n\n\n<p>Wenn Sie mit dem Gedanken gespielt haben, sich All-on-4- oder <a href=\"https:\/\/dentalygo.org\/behandlungen\/zahnimplantate-im-ausland\/implantate-komplettes-gebiss\/\" target=\"_blank\" data-type=\"URL\" data-id=\"https:\/\/dentalygo.org\/behandlungen\/zahnimplantate-im-ausland\/implantate-komplettes-gebiss\/\" rel=\"noreferrer noopener\">All-on-6-Zahnimplantate f\u00fcr den ganzen Mund einsetzen<\/a> zu lassen, diese aber in Ihrem Land zu teuer sind, dann sollten Sie eine Behandlung im Ausland in Betracht ziehen. Es gibt viele Kliniken, die erschwingliche Preise f\u00fcr hochwertige Behandlungen und Dienstleistungen anbieten. <\/p>\n\n\n\n<p>All-on-4-Implantate sind eine gro\u00dfartige M\u00f6glichkeit, Ihnen das L\u00e4cheln zu schenken, das Sie sich w\u00fcnschen und das Sie verdienen! Zahnimplantate sind heute in mehr L\u00e4ndern als je zuvor erh\u00e4ltlich und werden immer erschwinglicher. <\/p>\n\n\n\n<p>Zahntourismus ist nicht l\u00e4nger ein Luxus, der denjenigen vorbehalten ist, die ihn sich leisten k\u00f6nnen.  <\/p>\n\n\n\t<div class=\"faq\">\n\t\t<div class=\"container\">\n\t\t\t<div class=\"faq-item_wrap\">\n\t\t\t\t\t\t\t\t\t\t\t\t\t\t\t\t\t\t\t\t\t\t\t\t\t\t\t<div class=\"faq-item\">\n\t\t\t\t\t\t\t<h3 class=\"faq-trigger bold head-4\">Welches ist das g\u00fcnstigste Land f\u00fcr All on 4 Zahnimplantate?<span><\/span><\/h3>\n\t\t\t\t\t\t\t<div class=\"faq-content dentist_caption\">\n\t\t\t\t\t\t\t\tDie g\u00fcnstigsten L\u00e4nder f\u00fcr All-on-4-Zahnimplantate sind Polen, die T\u00fcrkei, Ungarn, Mexiko und Thailand. In Ungarn zum Beispiel kann ein Set zwischen \u00a39.850 und \u00a312.700 kosten und in Gro\u00dfbritannien zwischen \u00a312.000 und \u00a328.000. \t\t\t\t\t\t\t<\/div>\n\t\t\t\t\t\t<\/div>\n\t\t\t\t\t\t\t\t\t\t\t\t\t\t\t\t\t\t\t\t\t\t\t<div class=\"faq-item\">\n\t\t\t\t\t\t\t<h3 class=\"faq-trigger bold head-4\">Was sind All on 4 Zahnimplantate?<span><\/span><\/h3>\n\t\t\t\t\t\t\t<div class=\"faq-content dentist_caption\">\n\t\t\t\t\t\t\t\tAll on 4 oder All on 6 Zahnimplantate ersetzen fehlende Z\u00e4hne und haben vier oder sechs kleine Pfosten, die in Ihren Kieferknochen eingesetzt werden. Nach dem Einsetzen der Pfosten werden die k\u00fcnstlichen Z\u00e4hne auf ihnen platziert. So k\u00f6nnen Sie wieder l\u00e4cheln und normal kauen.  \t\t\t\t\t\t\t<\/div>\n\t\t\t\t\t\t<\/div>\n\t\t\t\t\t\t\t\t\t\t\t\t\t\t\t\t\t\t\t\t\t\t\t<div class=\"faq-item\">\n\t\t\t\t\t\t\t<h3 class=\"faq-trigger bold head-4\">Ist es sicher, All on 4 Implantate im Ausland zu bekommen?<span><\/span><\/h3>\n\t\t\t\t\t\t\t<div class=\"faq-content dentist_caption\">\n\t\t\t\t\t\t\t\tEs ist sicher, All on 4 Implantate im Ausland zu bekommen, solange Sie darauf achten, eine Qualit\u00e4tsklinik mit einem Zahnarzt zu finden, der auf Ihre Behandlung spezialisiert ist und \u00fcber viel Erfahrung und positive Bewertungen verf\u00fcgt.  \t\t\t\t\t\t\t<\/div>\n\t\t\t\t\t\t<\/div>\n\t\t\t\t\t\t\t\t\t\t\t\t<\/div>\n\t\t<\/div>\n\t<\/div>\n\n\n\n<p>Wenn Sie sich f\u00fcr eine zahn\u00e4rztliche Behandlung im Ausland entscheiden, kann Dentaly Go Ihnen helfen, eine seri\u00f6se Klinik zu finden und sich um die Details der Reise zu k\u00fcmmern. Beginnen Sie mit Ihrem kostenlosen Angebot.   <\/p>\n\n\n<div class=\"quality_dental \">\n\t\t<div class=\"quality_dental-prices-container\">\n\t\t<div class=\"quality_dental-prices-block\">\n\t\t\t<div class=\"quality_dental-prices-block-src-first\">\n\t\t\t\t<img decoding=\"async\" src=\"https:\/\/dentalygo.org\/wp-content\/themes\/dentalyGo\/img\/home\/price-image-1.png\"\n\t\t\t\t\t\t alt=\"price-image\"\n\t\t\t\t\t\t class=\"dental-prices_src\"\/>\n\t\t\t<\/div>\n\n\t\t\t\t\t\t<h3 class=\"quality_dental-prices-block_heading bold\">Sparen Sie bis zu 70% bei Ihren Implantaten im Ausland<\/h3>\n\t\t\t\t\t\t<a class=\"dentist-learn-more popup-open \"\n\t\t\t\t href=\"#form-dental\">Fordern Sie Ihr kostenloses Angebot an<\/a>\n\t\t\t<div class=\"quality_dental-prices-block-src-second\">\n\t\t\t\t<img decoding=\"async\" src=\"https:\/\/dentalygo.org\/wp-content\/themes\/dentalyGo\/img\/home\/price-image-2.png\"\n\t\t\t\t\t\t alt=\"price-image\"\n\t\t\t\t\t\t class=\"dental-prices_src\"\/>\n\t\t\t<\/div>\n\t\t<\/div>\n\t<\/div>\n<\/div>\n\n\n\n<h2 class=\"wp-block-heading\"><strong>Referenzen<\/strong><\/h2>\n\n\n\n<p><strong>TEMOS<\/strong>.<a href=\"https:\/\/www.temos-worldwide.com\/temos-quality-programs.aspx\" target=\"_blank\" rel=\"noreferrer noopener\"> Unsere Qualit\u00e4tsprogramme<\/a>. Abgerufen am 7. November 2022. <\/p>\n\n\n\n<p><strong>QMS<\/strong>.<a href=\"https:\/\/www.qmsuk.com\/iso-standards\/iso-9001\/what-is-iso-9001\" target=\"_blank\" rel=\"noreferrer noopener\"> Was ist ISO 9001?<\/a> Abgerufen am 7. November 2022.<\/p>\n","protected":false},"excerpt":{"rendered":"<p>Reisen, um All on 4 Zahnimplantate im Ausland zu bekommen, ist eine beliebte Strategie, um Geld f\u00fcr die Behandlung zu sparen. Es gibt eine Reihe von L\u00e4ndern, in denen Sie All on 4 Zahnimplantate zu viel niedrigeren Preisen als hier in Deutschland erhalten k\u00f6nnen. Dieser Artikel befasst sich speziell mit den g\u00fcnstigsten L\u00e4ndern f\u00fcr All-on-4-Zahnimplantate [&hellip;]<\/p>\n","protected":false},"author":6,"featured_media":3191,"parent":3365,"menu_order":0,"comment_status":"closed","ping_status":"closed","template":"","meta":{"inline_featured_image":false,"footnotes":""},"class_list":["post-3359","page","type-page","status-publish","has-post-thumbnail","hentry"],"_links":{"self":[{"href":"https:\/\/dentalygo.org\/de\/wp-json\/wp\/v2\/pages\/3359","targetHints":{"allow":["GET"]}}],"collection":[{"href":"https:\/\/dentalygo.org\/de\/wp-json\/wp\/v2\/pages"}],"about":[{"href":"https:\/\/dentalygo.org\/de\/wp-json\/wp\/v2\/types\/page"}],"author":[{"embeddable":true,"href":"https:\/\/dentalygo.org\/de\/wp-json\/wp\/v2\/users\/6"}],"replies":[{"embeddable":true,"href":"https:\/\/dentalygo.org\/de\/wp-json\/wp\/v2\/comments?post=3359"}],"version-history":[{"count":19,"href":"https:\/\/dentalygo.org\/de\/wp-json\/wp\/v2\/pages\/3359\/revisions"}],"predecessor-version":[{"id":3839,"href":"https:\/\/dentalygo.org\/de\/wp-json\/wp\/v2\/pages\/3359\/revisions\/3839"}],"up":[{"embeddable":true,"href":"https:\/\/dentalygo.org\/de\/wp-json\/wp\/v2\/pages\/3365"}],"wp:featuredmedia":[{"embeddable":true,"href":"https:\/\/dentalygo.org\/de\/wp-json\/wp\/v2\/media\/3191"}],"wp:attachment":[{"href":"https:\/\/dentalygo.org\/de\/wp-json\/wp\/v2\/media?parent=3359"}],"curies":[{"name":"wp","href":"https:\/\/api.w.org\/{rel}","templated":true}]}}