{"id":3363,"date":"2023-05-04T07:08:03","date_gmt":"2023-05-04T07:08:03","guid":{"rendered":"https:\/\/dentalygo.org\/wie-viel-kosten-zahnimplantate-fuer-den-ganzen-mund-im-ausland\/"},"modified":"2024-12-26T10:59:36","modified_gmt":"2024-12-26T10:59:36","slug":"implantate-komplettes-gebiss","status":"publish","type":"page","link":"https:\/\/dentalygo.org\/de\/behandlungen\/zahnimplantate-im-ausland\/implantate-komplettes-gebiss\/","title":{"rendered":"Wie viel kosten Zahnimplantate f\u00fcr den ganzen Mund im Ausland?"},"content":{"rendered":"\n<p>Wenn Sie sich <strong>im Ausland mit Zahnimplantaten<\/strong> versorgen lassen m\u00f6chten, kann es schwierig sein zu wissen, wie hoch der Preis sein wird. Die Kosten f\u00fcr <a href=\"https:\/\/dentalygo.org\/de\/behandlungen\/zahnimplantate-im-ausland\/\" data-type=\"page\" data-id=\"581\" target=\"_blank\" rel=\"noreferrer noopener\">Zahnimplantate<\/a> h\u00e4ngen von vielen Variablen ab, darunter die Art des Verfahrens, die Implantate und die verwendeten Materialien. <\/p>\n\n\n\n<p>In diesem Artikel werden die verschiedenen Arten von Vollmundimplantaten vorgestellt und die folgenden Fragen beantwortet:<\/p>\n\n\n\n<ul class=\"wp-block-list\"><li>Was sind Vollmundimplantate?<\/li><li>Warum Zahnimplantate im Ausland?<\/li><li>Was k\u00f6nnen Sie erwarten?<\/li><li>Wie viel kosten Vollmundimplantate im Ausland?<\/li><li>Ist es sicher, im Ausland ein neues Gebiss zu bekommen?<\/li><\/ul>\n\n\n\n<p>Lesen Sie weiter, um mehr \u00fcber die Unterschiede zwischen den Verfahren, die Kosten und mehr zu erfahren, damit Sie eine fundierte Entscheidung \u00fcber Ihre Behandlung treffen k\u00f6nnen.<\/p>\n\n\n<div class=\"wp-block-image\">\n<figure class=\"alignright size-medium\"><img loading=\"lazy\" decoding=\"async\" width=\"300\" height=\"200\" src=\"https:\/\/dentalygo.org\/wp-content\/uploads\/2022\/07\/dental-implants-abroad-300x200.jpg\" alt=\"Frau erh\u00e4lt im Ausland Zahnimplantate f\u00fcr den ganzen Mund\" class=\"wp-image-685\" srcset=\"https:\/\/dentalygo.org\/wp-content\/uploads\/2022\/07\/dental-implants-abroad-300x200.jpg 300w, https:\/\/dentalygo.org\/wp-content\/uploads\/2022\/07\/dental-implants-abroad-768x513.jpg 768w, https:\/\/dentalygo.org\/wp-content\/uploads\/2022\/07\/dental-implants-abroad.jpg 999w\" sizes=\"auto, (max-width: 300px) 100vw, 300px\" \/><figcaption>Ziehen Sie eine Zahnimplantation im Ausland in Betracht?<\/figcaption><\/figure><\/div>\n\n\n<h2 class=\"wp-block-heading\">Vollmundige Zahnimplantate im Ausland<\/h2>\n\n\n\n<p>Wenn Sie dar\u00fcber nachdenken, sich <strong>im Ausland ein komplettes Set von Zahnimplantaten<\/strong> einsetzen zu lassen, gehen Ihnen vielleicht eine Reihe von Dingen durch den Kopf. Werde ich professionell behandelt werden? Wie viel wird es kosten? Welche Klinik sollte ich w\u00e4hlen?   <\/p>\n\n\n\n<p>Es gibt viele Informationen im Internet und in Ger\u00fcchten, aber es ist schwer, Fakten von Fiktion zu unterscheiden &#8211; ganz zu schweigen davon, dass Sie vielleicht nicht sicher sind, welche Fragen Sie stellen sollen.<\/p>\n\n\n\n<h2 class=\"wp-block-heading\">Warum ein komplettes Set von Zahnimplantaten im Ausland?<\/h2>\n\n\n\n<p>Zahnimplantate sind eine gro\u00dfartige M\u00f6glichkeit, einen oder mehrere fehlende Z\u00e4hne zu ersetzen. Sie sind auch eine hervorragende M\u00f6glichkeit, ein sch\u00f6nes L\u00e4cheln zu erhalten, ohne sich \u00fcber die Kosten der zahn\u00e4rztlichen Arbeit Gedanken machen zu m\u00fcssen. Aber wenn Sie in Deutschland leben, k\u00f6nnen Zahnimplantate teuer sein &#8211; vor allem, wenn Sie mehr als nur ein Implantat ben\u00f6tigen.  <\/p>\n\n\n\n<p>Ganz gleich, ob Sie Zahnimplantate ben\u00f6tigen oder einfach nur Ihren Urlaub genie\u00dfen m\u00f6chten, eine Behandlung im Ausland ist eine einfache M\u00f6glichkeit, Geld zu sparen und trotzdem eine qualitativ hochwertige Arbeit zu erhalten.<\/p>\n\n\n\n<p>Viele Menschen sind \u00fcberrascht zu erfahren, dass einige zahn\u00e4rztliche Behandlungen bis zu 50% weniger kosten k\u00f6nnen als in Deutschland. Es ist auch einfacher, qualitativ hochwertige Zahn\u00e4rzte zu finden, die bereit sind, ihre Dienste zu einem niedrigeren Preis anzubieten, und da es keine Warteliste f\u00fcr Termine und Behandlungen gibt, k\u00f6nnen Sie sofort loslegen! <\/p>\n\n\n\n<h2 class=\"wp-block-heading\">Was kosten Vollmund-Zahnimplantate im Ausland?<\/h2>\n\n\n\n<p>Wenn Sie sich f\u00fcr Zahnimplantate im Ausland entscheiden, ist es wichtig, dass Sie sich \u00fcber die verschiedenen Kosten im Klaren sind, die mit dem Verfahren verbunden sind. Es gibt eine Reihe von Faktoren, die sich auf den Endpreis auswirken k\u00f6nnen, darunter das Land, in das Sie reisen, und die Art des verwendeten Implantatsystems. <\/p>\n\n\n\n<p>In der T\u00fcrkei und in Ungarn erhalten Sie All-on-4-Implantate f\u00fcr nur \u20ac4.000-\u20ac6.500 pro Kiefer. Im Durchschnitt kann eine komplette Mundrekonstruktion in Deutschland mehr als \u20ac10.000 kosten. Aber wenn Sie sich f\u00fcr weniger invasive All-on-4-Implantate ins Ausland begeben, k\u00f6nnen Sie Tausende von Pfund sparen!  <\/p>\n\n\n\n<p>Die Kosten k\u00f6nnen jedoch je nach Zustand des Mundes und der Kieferknochen des Patienten sowie von Zahnarzt zu Zahnarzt stark variieren.<\/p>\n\n\n\n<p>Behandlungen f\u00fcr Implantate und Zahnersatz in der T\u00fcrkei, Ungarn, Polen und anderen osteurop\u00e4ischen L\u00e4ndern sind oft viel billiger als die in Deutschland angebotenen.<\/p>\n\n\n\n<p>Die folgende Tabelle enth\u00e4lt eine grobe Sch\u00e4tzung der Kosten f\u00fcr Zahnimplantate, die Sie im Ausland erwarten k\u00f6nnen:<\/p>\n\n\n\n<figure class=\"wp-block-table\"><table><tbody><tr><td><\/td><td><strong>Preise f\u00fcr private Zahn\u00e4rzte in Deutschland<\/strong><\/td><td><strong>T\u00fcrkei zahn\u00e4rztliche Preise<\/strong><\/td><td><strong>Ungarn zahn\u00e4rztliche Preise<\/strong><\/td><td><strong>Spanien zahn\u00e4rztliche Preise<\/strong><\/td><\/tr><tr><td><strong>Einzelzahnimplantat + Krone<\/strong><\/td><td>\u20ac1,850 &#8211; \u20ac3,600<\/td><td>\u20ac750 &#8211; \u20ac990<\/td><td>\u20ac1,225 &#8211; \u20ac1,530<\/td><td>\u20ac1,150 &#8211; \u20ac1,770<\/td><\/tr><tr><td><strong>All-on-4 (pro Kiefer)<\/strong><\/td><td>\u20ac7,000 &#8211; \u20ac14,000<\/td><td>\u20ac4,000 &#8211; \u20ac5,000<\/td><td>\u20ac9,850 &#8211; \u20ac12,700<\/td><td>\u20ac9,350 &#8211; \u20ac13,000<\/td><\/tr><tr><td><strong>Implantat-Br\u00fccken<\/strong><\/td><td>\u20ac20,000 &#8211; \u20ac30,000<\/td><td>\u20ac2,000 &#8211; \u20ac2,800<\/td><td>\u20ac5,800 &#8211; \u20ac8,100<\/td><td>\u20ac12,800 &#8211; \u20ac21,400<\/td><\/tr><tr><td><strong>Traditionelle Vollmund-Implantate<\/strong><\/td><td>\u20ac20.000 bis \u20ac30.000<\/td><td>\u20ac6,000 -\u20ac12,000<\/td><td>\u20ac5.000 bis \u20ac15.000<\/td><td>\u20ac12.700 bis \u20ac25.500<\/td><\/tr><\/tbody><\/table><figcaption><strong>Versicherung nicht inbegriffen. Alle Preise sind Richtpreise und unterliegen den Wechselkursen. <\/strong><\/figcaption><\/figure>\n\n\n\n<h2 class=\"wp-block-heading\">Was sind Vollmund-Zahnimplantate?<\/h2>\n\n\n\n<p>Zahnimplantate f\u00fcr den ganzen Mund sind eine M\u00f6glichkeit, viele fehlende Z\u00e4hne zu ersetzen (ein ganzer Mund). Sie sind in der Regel eine gute Option f\u00fcr Menschen, die viele Z\u00e4hne verloren haben, da sie alle Z\u00e4hne ersetzen und Ihnen wieder ein vollst\u00e4ndiges L\u00e4cheln schenken. <\/p>\n\n\n<div class=\"wp-block-image\">\n<figure class=\"alignright size-medium\"><img loading=\"lazy\" decoding=\"async\" width=\"300\" height=\"200\" src=\"https:\/\/dentalygo.org\/wp-content\/uploads\/2022\/11\/full-mouth-dental-implants-300x200.jpg\" alt=\"Frau nach einer Zahnimplantation im Ausland\" class=\"wp-image-1413\" srcset=\"https:\/\/dentalygo.org\/wp-content\/uploads\/2022\/11\/full-mouth-dental-implants-300x200.jpg 300w, https:\/\/dentalygo.org\/wp-content\/uploads\/2022\/11\/full-mouth-dental-implants-768x513.jpg 768w, https:\/\/dentalygo.org\/wp-content\/uploads\/2022\/11\/full-mouth-dental-implants.jpg 999w\" sizes=\"auto, (max-width: 300px) 100vw, 300px\" \/><figcaption>M\u00f6chten Sie sich im Ausland ein neues Gebiss zulegen?<\/figcaption><\/figure><\/div>\n\n\n<p>Sie k\u00f6nnen sehr lange halten &#8211; sie ben\u00f6tigen nur wenig Pflege und k\u00f6nnen sogar entfernt werden, wenn Sie sich entscheiden, in Zukunft Zahnersatz anstelle Ihrer Implantate zu tragen.<\/p>\n\n\n\n<p>Es gibt einige verschiedene Optionen, wenn es darum geht, einen ganzen Mund mit Zahnimplantaten zu versorgen, darunter:  <\/p>\n\n\n\n<ul class=\"wp-block-list\"><li>Vollst\u00e4ndiger Mund mit traditionellen Implantaten<\/li><li>Implantat-Br\u00fccken<\/li><li>Implantatgetragene Prothesen wie All-on-4 und All-on-6<\/li><\/ul>\n\n\n\n<p>Lassen Sie uns diese Optionen im Detail besprechen.<\/p>\n\n\n\n<h3 class=\"wp-block-heading\">Vollst\u00e4ndiger Mund mit traditionellen Implantaten<\/h3>\n\n\n\n<p>Bei der Vollversorgung mit traditionellen Implantaten handelt es sich um einen kompletten Satz Zahnimplantate (eines f\u00fcr jeden fehlenden Zahn). Zahnimplantate werden chirurgisch in den Kieferknochen eingesetzt, um Ersatzz\u00e4hne zu tragen. <\/p>\n\n\n\n<p>Eine Vollversorgung mit traditionellen Zahnimplantaten kann f\u00fcr viele Menschen eine gute Option sein. Sie sorgen f\u00fcr Stabilit\u00e4t und Festigkeit des Kieferknochens und helfen so, Knochenschwund zu verhindern. Sie sind jedoch nicht f\u00fcr jeden geeignet.  <\/p>\n\n\n\n<p>Sie geben Ihnen zwar mehr Stabilit\u00e4t als andere Arten von Implantaten, sind aber im Vergleich zu anderen (die nur einen Eingriff erfordern) invasiver in Bezug auf die Operation und die Erholungszeit.<\/p>\n\n\n\n<p>Der Grund daf\u00fcr ist, dass bei diesem Verfahren f\u00fcr jeden fehlenden Zahn ein Zahnimplantat eingesetzt wird, was invasiver sein kann und eine l\u00e4ngere Heilungszeit erfordert.  <\/p>\n\n\n\n<p>Daher ziehen es manche Menschen vor, andere Zahnimplantatoptionen im Ausland zu erkunden, die eine schnellere Heilungszeit bieten, wie z.B. implantatgetragene Prothesen oder All-on-4-Implantate.  <\/p>\n\n\n\n<h3 class=\"wp-block-heading\">Implantat-Br\u00fccken<\/h3>\n\n\n<div class=\"wp-block-image\">\n<figure class=\"alignright size-medium is-resized\"><img loading=\"lazy\" decoding=\"async\" src=\"https:\/\/dentalygo.org\/wp-content\/uploads\/2022\/11\/implant-bridge-300x200.jpg\" alt=\"Vollst\u00e4ndiger Satz Zahnimplantate im Ausland\" class=\"wp-image-1414\" width=\"300\" height=\"200\" srcset=\"https:\/\/dentalygo.org\/wp-content\/uploads\/2022\/11\/implant-bridge-300x200.jpg 300w, https:\/\/dentalygo.org\/wp-content\/uploads\/2022\/11\/implant-bridge-768x513.jpg 768w, https:\/\/dentalygo.org\/wp-content\/uploads\/2022\/11\/implant-bridge.jpg 999w\" sizes=\"auto, (max-width: 300px) 100vw, 300px\" \/><figcaption>Implantate k\u00f6nnen eine Zahnbr\u00fccke tragen, die aussieht und sich anf\u00fchlt wie echte Z\u00e4hne<\/figcaption><\/figure><\/div>\n\n\n<p>Implantatbr\u00fccken sind eine beliebte Option, um fehlende Z\u00e4hne zu ersetzen, die wie Ihre nat\u00fcrlichen Z\u00e4hne aussehen und sich auch so anf\u00fchlen.  <\/p>\n\n\n\n<p>Sie werden von Implantaten getragen, die in Ihren Kieferknochen eingesetzt werden und eine sichere und stabile Grundlage bilden.  <\/p>\n\n\n\n<p>Wenn Sie eine Implantatbr\u00fccke im Ausland in Betracht ziehen, m\u00fcssen Sie die Kosten und die Dauer des Eingriffs ber\u00fccksichtigen.  <\/p>\n\n\n\n<p>In der Regel sind die Kosten f\u00fcr eine Implantatbr\u00fccke im Ausland deutlich niedriger als in Ihrem Heimatland. In einigen L\u00e4ndern k\u00f6nnen Sie bis zu 70% sparen.  <\/p>\n\n\n\n<p>Die Dauer des Eingriffs h\u00e4ngt jedoch von der Komplexit\u00e4t des Falles ab, und es k\u00f6nnen mehrere Reisen ins Ausland erforderlich sein, um die Behandlung vollst\u00e4ndig abzuschlie\u00dfen.<\/p>\n\n\n\n<p>Dennoch kann eine Implantatbr\u00fccke im Ausland eine bequeme und kosteng\u00fcnstige M\u00f6glichkeit sein, Ihr L\u00e4cheln wiederherzustellen und Ihr Selbstvertrauen zur\u00fcckzugewinnen.<\/p>\n\n\n\n<h3 class=\"wp-block-heading\">Implantatgetragene Prothesen wie All-on-4 oder All-on-6<\/h3>\n\n\n\n<p>Die Versorgung mit implantatgetragenem Zahnersatz wie All-on-4, All-on-6 oder All-on-8 im Ausland ist aufgrund der erheblichen Kosteneinsparungen im Vergleich zu Deutschland eine ausgezeichnete Wahl. Diese Behandlungsm\u00f6glichkeiten sind sehr effektiv f\u00fcr Menschen, die die meisten ihrer Z\u00e4hne verloren haben. <\/p>\n\n\n\n<p>Bei dem Verfahren werden vier bis acht Implantate in den Ober- oder Unterkiefer eingesetzt, die als Verankerung f\u00fcr den neuen Zahnersatz dienen.<\/p>\n\n\n\n<p>Sobald die Implantate eingeheilt sind, wird ein ma\u00dfgefertigter Zahnersatz auf die Implantate gesetzt, der so gestaltet ist, dass er wie nat\u00fcrliche Z\u00e4hne aussieht und sich auch so anf\u00fchlt.  <\/p>\n\n\n\n<p>Die Bequemlichkeit, den gesamten Prozess in einer Sitzung abschlie\u00dfen zu k\u00f6nnen, kann f\u00fcr Patienten, die diese Art der Behandlung w\u00fcnschen, sowohl Zeit als auch Geld sparen.<\/p>\n\n\n\n<p>Die folgende Tabelle gibt einen \u00dcberblick \u00fcber die verschiedenen Arten von Zahnimplantaten f\u00fcr den ganzen Mund:  <\/p>\n\n\n\n<figure class=\"wp-block-table\"><table><tbody><tr><td><\/td><td><strong>All-on-4<\/strong><\/td><td><strong>Traditionelle Vollmund-Implantate<\/strong><\/td><td><strong>Implantat-Br\u00fccken<\/strong><\/td><\/tr><tr><td><strong>Platzierung<\/strong><\/td><td>Befestigt an 4-6 Titanimplantaten im Kieferknochen<\/td><td>Befestigt an 8-10 Titanimplantaten im Kieferknochen<\/td><td>Br\u00fccke, die zwei oder mehr Z\u00e4hne ersetzt und durch Zahnimplantate gesichert ist<\/td><\/tr><tr><td><strong>Teilnahmeberechtigung<\/strong><\/td><td>Geeignet f\u00fcr Patienten mit Knochenschwund<\/td><td>Kann ein Knochentransplantat erfordern<\/td><td>Geeignet f\u00fcr Patienten mit mehreren fehlenden Z\u00e4hnen in einer Reihe<\/td><\/tr><tr><td><strong>Essen<\/strong><\/td><td>Fixiert an Ort und Stelle; wirkt wie ein nat\u00fcrlicher Zahn; nach der Heilung nur wenige Einschr\u00e4nkungen beim Essen<\/td><td>Fixiert an Ort und Stelle; wirkt wie ein nat\u00fcrlicher Zahn; nach der Heilung nur wenige Einschr\u00e4nkungen beim Essen<\/td><td>Fixiert an Ort und Stelle; wirkt wie ein nat\u00fcrlicher Zahn; nach der Heilung nur wenige Einschr\u00e4nkungen beim Essen<\/td><\/tr><tr><td><strong>Langlebigkeit<\/strong><\/td><td>10+ Jahre<\/td><td>10-15 Jahre<\/td><td>10-20 Jahre<\/td><\/tr><tr><td><strong>Knochenschwund<\/strong><\/td><td>Implantate helfen, den Knochen zu erhalten<\/td><td>Implantate helfen, den Knochen zu erhalten<\/td><td>Implantate helfen, den Knochen zu erhalten<\/td><\/tr><tr><td><strong>Erfassungsbereich<\/strong><\/td><td>K\u00fcnstliches Zahnfleisch mit minimalem Kontakt<\/td><td>Kronen, die direkt auf dem vorhandenen Zahnfleisch befestigt werden<\/td><td>K\u00fcnstliches Zahnfleisch mit minimalem Kontakt<\/td><\/tr><tr><td><strong>Erscheinungsbild<\/strong><\/td><td>Wie nat\u00fcrliche Z\u00e4hne; Zahnfleischverbindung hinter den Lippen versteckt<\/td><td>Wie nat\u00fcrliche Z\u00e4hne; kein k\u00fcnstliches Zahnfleisch<\/td><td>Wie nat\u00fcrliche Z\u00e4hne; Zahnfleischverbindung hinter den Lippen versteckt<\/td><\/tr><tr><td><strong>Reinigung<\/strong><\/td><td>Geputzt wie normale Z\u00e4hne<\/td><td>Geputzt wie normale Z\u00e4hne<\/td><td>Reinigung wie bei normalen Z\u00e4hnen, Verwendung von Zahnseide und Interdentalb\u00fcrsten, um an schwer zug\u00e4ngliche Stellen zu gelangen<\/td><\/tr><\/tbody><\/table><\/figure>\n\n\n\n<p>Der beste Weg, einen fairen Preis zu erhalten, ist die Zusammenarbeit mit einer Zahnklinik oder einem Arzt, der Ihnen einen genauen Kostenvoranschlag machen kann. Alle Zahnkliniken, mit denen DentalyGo zusammenarbeitet, sind <a href=\"https:\/\/www.temos-worldwide.com\/temos-quality-programs.aspx\" target=\"_blank\" rel=\"noreferrer noopener\">Temos-<\/a> und <a href=\"https:\/\/www.qmsuk.com\/iso-standards\/iso-9001\/what-is-iso-9001\" target=\"_blank\" rel=\"noreferrer noopener\">ISO 9001-zertifiziert<\/a>, sodass Sie wissen, dass Sie Kostenvoranschl\u00e4ge von vertrauensw\u00fcrdigen Kliniken erhalten. <\/p>\n\n\n\n<p>DentalyGo w\u00e4hlt die besten Kliniken im Ausland aus und kann Ihnen auch bei der Planung von Hotelaufenthalten und Transporten helfen. <\/p>\n\n\n<div class=\"quality_dental \">\n\t\t<div class=\"quality_dental-prices-container\">\n\t\t<div class=\"quality_dental-prices-block\">\n\t\t\t<div class=\"quality_dental-prices-block-src-first\">\n\t\t\t\t<img decoding=\"async\" src=\"https:\/\/dentalygo.org\/wp-content\/themes\/dentalyGo\/img\/home\/price-image-1.png\"\n\t\t\t\t\t\t alt=\"price-image\"\n\t\t\t\t\t\t class=\"dental-prices_src\"\/>\n\t\t\t<\/div>\n\n\t\t\t\t\t\t<h3 class=\"quality_dental-prices-block_heading bold\">Unsere Patienten sparen in der Regel 50-70% gegen\u00fcber den deutschen Zahnarztpreisen!<\/h3>\n\t\t\t\t\t\t<a class=\"dentist-learn-more popup-open \"\n\t\t\t\t href=\"#form-dental\">Fordern Sie Ihr kostenloses Angebot an<\/a>\n\t\t\t<div class=\"quality_dental-prices-block-src-second\">\n\t\t\t\t<img decoding=\"async\" src=\"https:\/\/dentalygo.org\/wp-content\/themes\/dentalyGo\/img\/home\/price-image-2.png\"\n\t\t\t\t\t\t alt=\"price-image\"\n\t\t\t\t\t\t class=\"dental-prices_src\"\/>\n\t\t\t<\/div>\n\t\t<\/div>\n\t<\/div>\n<\/div>\n\n\n<div class=\"wp-block-image\">\n<figure class=\"alignright size-medium\"><img loading=\"lazy\" decoding=\"async\" width=\"300\" height=\"200\" src=\"https:\/\/dentalygo.org\/wp-content\/uploads\/2022\/11\/dental-surgery-300x200.jpg\" alt=\"Patient erh\u00e4lt Zahnimplantate im Ausland\" class=\"wp-image-1415\" srcset=\"https:\/\/dentalygo.org\/wp-content\/uploads\/2022\/11\/dental-surgery-300x200.jpg 300w, https:\/\/dentalygo.org\/wp-content\/uploads\/2022\/11\/dental-surgery-768x513.jpg 768w, https:\/\/dentalygo.org\/wp-content\/uploads\/2022\/11\/dental-surgery.jpg 999w\" sizes=\"auto, (max-width: 300px) 100vw, 300px\" \/><figcaption>Mit Zahnimplantaten im Ausland k\u00f6nnen Sie eine Menge Geld sparen<\/figcaption><\/figure><\/div>\n\n\n<h2 class=\"wp-block-heading\">Fazit<\/h2>\n\n\n\n<p>Ein Besuch beim Zahnarzt im Ausland spart Ihnen Zeit und Geld. Ein neuer Zahnersatz im Ausland kann entmutigend sein, aber Sie k\u00f6nnen bis zu 70% gegen\u00fcber den Preisen in Deutschland sparen. <\/p>\n\n\n\n<p>Die Kosten variieren von Land zu Land, sind aber im Allgemeinen recht erschwinglich. Achten Sie darauf, dass Sie sich von einem Zahnarzt Ihres Vertrauens beraten lassen. <\/p>\n\n\n\n<p>Wenn Sie Ihre Nachforschungen ernst nehmen und vorausschauend planen, gibt es keinen Grund, warum Sie sich nicht mit Zahnimplantaten im Ausland versorgen lassen sollten.<\/p>\n\n\n\n<p>Machen Sie Ihre Hausaufgaben und machen Sie das Beste aus Ihrem Geld, und Sie werden auf dem besten Weg sein, es f\u00fcr eine Behandlung auszugeben, die Ihnen ein L\u00e4cheln (im wahrsten Sinne des Wortes!) ins Gesicht zaubert.<\/p>\n\n\n\n<p>Wenn das alles ein wenig \u00fcberw\u00e4ltigend klingt, machen Sie sich keine Sorgen &#8211; DentalyGo ist f\u00fcr Sie da. Geben Sie einfach Ihre Daten in das untenstehende Formular ein und Sie erhalten drei kostenlose Kostenvoranschl\u00e4ge, um Ihre Reise zu einem neuen L\u00e4cheln zu beginnen! <\/p>\n\n\n\n<h2 class=\"wp-block-heading\">FAQs<\/h2>\n\n\n\t<div class=\"faq\">\n\t\t<div class=\"container\">\n\t\t\t<div class=\"faq-item_wrap\">\n\t\t\t\t\t\t\t\t\t\t\t\t\t\t\t\t\t\t\t\t\t\t\t\t\t\t\t<div class=\"faq-item\">\n\t\t\t\t\t\t\t<h3 class=\"faq-trigger bold head-4\">Was sind Vollmund-Zahnimplantate?  <span><\/span><\/h3>\n\t\t\t\t\t\t\t<div class=\"faq-content dentist_caption\">\n\t\t\t\t\t\t\t\tBei Zahnimplantaten f\u00fcr den gesamten Mund werden alle Z\u00e4hne einer Person durch Implantate ersetzt. Die Implantate werden in der Regel im Kieferknochen verankert, um Stabilit\u00e4t und Halt f\u00fcr die neuen Z\u00e4hne zu bieten. \t\t\t\t\t\t\t<\/div>\n\t\t\t\t\t\t<\/div>\n\t\t\t\t\t\t\t\t\t\t\t\t\t\t\t\t\t\t\t\t\t\t\t<div class=\"faq-item\">\n\t\t\t\t\t\t\t<h3 class=\"faq-trigger bold head-4\">Wie viel kosten Vollmund-Zahnimplantate im Ausland?  <span><\/span><\/h3>\n\t\t\t\t\t\t\t<div class=\"faq-content dentist_caption\">\n\t\t\t\t\t\t\t\tDie Kosten f\u00fcr Zahnimplantate im Ausland k\u00f6nnen je nach Land stark variieren und zwischen \u20ac6.000 und \u20ac12.000 liegen.\t\t\t\t\t\t\t<\/div>\n\t\t\t\t\t\t<\/div>\n\t\t\t\t\t\t\t\t\t\t\t\t\t\t\t\t\t\t\t\t\t\t\t<div class=\"faq-item\">\n\t\t\t\t\t\t\t<h3 class=\"faq-trigger bold head-4\">Was sollte ich bei der Wahl eines Zahnarztes f\u00fcr Vollmund-Zahnimplantate im Ausland beachten?  <span><\/span><\/h3>\n\t\t\t\t\t\t\t<div class=\"faq-content dentist_caption\">\n\t\t\t\t\t\t\t\tBei der Auswahl eines Zahnarztes f\u00fcr Zahnimplantate im Ausland ist es wichtig, dessen Qualifikation, Erfahrung und Ruf zu ber\u00fccksichtigen.  \t\t\t\t\t\t\t<\/div>\n\t\t\t\t\t\t<\/div>\n\t\t\t\t\t\t\t\t\t\t\t\t\t\t\t\t\t\t\t\t\t\t\t<div class=\"faq-item\">\n\t\t\t\t\t\t\t<h3 class=\"faq-trigger bold head-4\">Gibt es Risiken bei der Versorgung mit Zahnimplantaten im Ausland?  <span><\/span><\/h3>\n\t\t\t\t\t\t\t<div class=\"faq-content dentist_caption\">\n\t\t\t\t\t\t\t\tWie bei jedem medizinischen Eingriff gibt es auch bei der Versorgung mit Zahnimplantaten immer Risiken, unabh\u00e4ngig davon, wo der Eingriff durchgef\u00fchrt wird.\t\t\t\t\t\t\t<\/div>\n\t\t\t\t\t\t<\/div>\n\t\t\t\t\t\t\t\t\t\t\t\t<\/div>\n\t\t<\/div>\n\t<\/div>\n\n\n\n<h2 class=\"wp-block-heading\"><strong>Referenzen<\/strong><\/h2>\n\n\n\n<p><strong>TEMOS<\/strong>.<a href=\"https:\/\/www.temos-worldwide.com\/temos-quality-programs.aspx\" target=\"_blank\" rel=\"noreferrer noopener\"> Unsere Qualit\u00e4tsprogramme<\/a>. Abgerufen am 28. November 2022. <\/p>\n\n\n\n<p><strong>QMS<\/strong>.<a href=\"https:\/\/www.qmsuk.com\/iso-standards\/iso-9001\/what-is-iso-9001\" target=\"_blank\" rel=\"noreferrer noopener\"> Was ist ISO 9001?<\/a> Abgerufen am 28. November 2022.<\/p>\n\n\n<div class=\"post_articles post\">\n\t<div class=\"post_articles-container\">\n\t\t<div class=\"post_articles-list col-3\">\n\t\t\t\t\t\t\t\t\t\t\t\t<a href=\"https:\/\/dentalygo.org\/de\/reiseziele\/zahnklinik-ungarn\/\" class=\"post_articles-item\">\n\t\t\t\t\t\t<span class=\"post_articles-image\">\n\t\t\t\t\t\t\t<img loading=\"lazy\" decoding=\"async\" width=\"1000\" height=\"629\" src=\"https:\/\/dentalygo.org\/wp-content\/uploads\/2022\/09\/Budapest-Hungary.jpg\" class=\"attachment-post-thumbnail size-post-thumbnail wp-post-image\" alt=\"budapest\" srcset=\"https:\/\/dentalygo.org\/wp-content\/uploads\/2022\/09\/Budapest-Hungary.jpg 1000w, https:\/\/dentalygo.org\/wp-content\/uploads\/2022\/09\/Budapest-Hungary-300x189.jpg 300w, https:\/\/dentalygo.org\/wp-content\/uploads\/2022\/09\/Budapest-Hungary-768x483.jpg 768w\" sizes=\"auto, (max-width: 1000px) 100vw, 1000px\" \/>\t\t\t\t\t\t<\/span>\n\t\t\t\t\t\t<h4 class=\"post_articles-title bold\">\n\t\t\t\t\t\t\tZahnkliniken in Ungarn\t\t\t\t\t\t<\/h4>\n\t\t\t\t\t\t<span class=\"post_articles-description dentist_caption\">\n\t\t\t\t\t\t\t\t\t\t\t\t\t<\/span>\n\t\t\t\t\t<\/a>\n\t\t\t\t\t\t\t\t\t<a href=\"https:\/\/dentalygo.org\/de\/reiseziele\/zahnklinik-tuerkei\/\" class=\"post_articles-item\">\n\t\t\t\t\t\t<span class=\"post_articles-image\">\n\t\t\t\t\t\t\t<img loading=\"lazy\" decoding=\"async\" width=\"1200\" height=\"787\" src=\"https:\/\/dentalygo.org\/wp-content\/uploads\/2022\/04\/Dental-Centres-in-Turkey.jpg\" class=\"attachment-post-thumbnail size-post-thumbnail wp-post-image\" alt=\"\" srcset=\"https:\/\/dentalygo.org\/wp-content\/uploads\/2022\/04\/Dental-Centres-in-Turkey.jpg 1200w, https:\/\/dentalygo.org\/wp-content\/uploads\/2022\/04\/Dental-Centres-in-Turkey-300x197.jpg 300w, https:\/\/dentalygo.org\/wp-content\/uploads\/2022\/04\/Dental-Centres-in-Turkey-1024x672.jpg 1024w, https:\/\/dentalygo.org\/wp-content\/uploads\/2022\/04\/Dental-Centres-in-Turkey-768x504.jpg 768w\" sizes=\"auto, (max-width: 1200px) 100vw, 1200px\" \/>\t\t\t\t\t\t<\/span>\n\t\t\t\t\t\t<h4 class=\"post_articles-title bold\">\n\t\t\t\t\t\t\tZahnklinik T\u00fcrkei\t\t\t\t\t\t<\/h4>\n\t\t\t\t\t\t<span class=\"post_articles-description dentist_caption\">\n\t\t\t\t\t\t\t\t\t\t\t\t\t<\/span>\n\t\t\t\t\t<\/a>\n\t\t\t\t\t\t\t\t\t<a href=\"https:\/\/dentalygo.org\/de\/behandlungen\/zahnimplantate-im-ausland\/all-on-4-ausland\/\" class=\"post_articles-item\">\n\t\t\t\t\t\t<span class=\"post_articles-image\">\n\t\t\t\t\t\t\t<img loading=\"lazy\" decoding=\"async\" width=\"1200\" height=\"800\" src=\"https:\/\/dentalygo.org\/wp-content\/uploads\/2023\/04\/all-on-4-dental-implants-abroad-2.jpg\" class=\"attachment-post-thumbnail size-post-thumbnail wp-post-image\" alt=\"\" srcset=\"https:\/\/dentalygo.org\/wp-content\/uploads\/2023\/04\/all-on-4-dental-implants-abroad-2.jpg 1200w, https:\/\/dentalygo.org\/wp-content\/uploads\/2023\/04\/all-on-4-dental-implants-abroad-2-300x200.jpg 300w, https:\/\/dentalygo.org\/wp-content\/uploads\/2023\/04\/all-on-4-dental-implants-abroad-2-1024x683.jpg 1024w, https:\/\/dentalygo.org\/wp-content\/uploads\/2023\/04\/all-on-4-dental-implants-abroad-2-768x512.jpg 768w\" sizes=\"auto, (max-width: 1200px) 100vw, 1200px\" \/>\t\t\t\t\t\t<\/span>\n\t\t\t\t\t\t<h4 class=\"post_articles-title bold\">\n\t\t\t\t\t\t\tG\u00fcnstigstes Land f\u00fcr All-on-4 Zahnimplantate im Ausland\t\t\t\t\t\t<\/h4>\n\t\t\t\t\t\t<span class=\"post_articles-description dentist_caption\">\n\t\t\t\t\t\t\tReisen, um All on 4 Zahnimplantate im Ausland zu bekommen, ist eine beliebte Strategie, um Geld f\u00fcr die Behandlung zu sparen. &#8230;\t\t\t\t\t\t<\/span>\n\t\t\t\t\t<\/a>\n\t\t\t\t\t\t\t\t\t\t\t\t\t<\/div>\n\t<\/div>\n<\/div>\n","protected":false},"excerpt":{"rendered":"<p>Wenn Sie sich im Ausland mit Zahnimplantaten versorgen lassen m\u00f6chten, kann es schwierig sein zu wissen, wie hoch der Preis sein wird. Die Kosten f\u00fcr Zahnimplantate h\u00e4ngen von vielen Variablen ab, darunter die Art des Verfahrens, die Implantate und die verwendeten Materialien. In diesem Artikel werden die verschiedenen Arten von Vollmundimplantaten vorgestellt und die folgenden [&hellip;]<\/p>\n","protected":false},"author":6,"featured_media":3171,"parent":3365,"menu_order":0,"comment_status":"closed","ping_status":"closed","template":"","meta":{"inline_featured_image":false,"footnotes":""},"class_list":["post-3363","page","type-page","status-publish","has-post-thumbnail","hentry"],"_links":{"self":[{"href":"https:\/\/dentalygo.org\/de\/wp-json\/wp\/v2\/pages\/3363","targetHints":{"allow":["GET"]}}],"collection":[{"href":"https:\/\/dentalygo.org\/de\/wp-json\/wp\/v2\/pages"}],"about":[{"href":"https:\/\/dentalygo.org\/de\/wp-json\/wp\/v2\/types\/page"}],"author":[{"embeddable":true,"href":"https:\/\/dentalygo.org\/de\/wp-json\/wp\/v2\/users\/6"}],"replies":[{"embeddable":true,"href":"https:\/\/dentalygo.org\/de\/wp-json\/wp\/v2\/comments?post=3363"}],"version-history":[{"count":17,"href":"https:\/\/dentalygo.org\/de\/wp-json\/wp\/v2\/pages\/3363\/revisions"}],"predecessor-version":[{"id":3867,"href":"https:\/\/dentalygo.org\/de\/wp-json\/wp\/v2\/pages\/3363\/revisions\/3867"}],"up":[{"embeddable":true,"href":"https:\/\/dentalygo.org\/de\/wp-json\/wp\/v2\/pages\/3365"}],"wp:featuredmedia":[{"embeddable":true,"href":"https:\/\/dentalygo.org\/de\/wp-json\/wp\/v2\/media\/3171"}],"wp:attachment":[{"href":"https:\/\/dentalygo.org\/de\/wp-json\/wp\/v2\/media?parent=3363"}],"curies":[{"name":"wp","href":"https:\/\/api.w.org\/{rel}","templated":true}]}}