{"id":3367,"date":"2022-06-16T14:01:12","date_gmt":"2022-06-16T14:01:12","guid":{"rendered":"https:\/\/dentalygo.org\/guenstige-zahnkronen-im-ausland-worauf-sie-achten-muessen-kosten-und-ueberlegungen\/"},"modified":"2024-12-26T10:50:27","modified_gmt":"2024-12-26T10:50:27","slug":"zahnkronen-im-ausland","status":"publish","type":"page","link":"https:\/\/dentalygo.org\/de\/behandlungen\/zahnkronen-im-ausland\/","title":{"rendered":"G\u00fcnstige Zahnkronen im Ausland: Worauf Sie achten m\u00fcssen, Kosten und \u00dcberlegungen"},"content":{"rendered":"\n<p><strong>G\u00fcnstige Zahnkronen im Ausland<\/strong> sind eine gro\u00dfartige und erschwingliche M\u00f6glichkeit, fehlende Z\u00e4hne zu ersetzen. Sie k\u00f6nnen auch dazu dienen, das Aussehen Ihres L\u00e4chelns zu verbessern und seine Langlebigkeit zu erh\u00f6hen. <a href=\"https:\/\/dentalygo.org\/de\/behandlungen\/\" data-type=\"URL\" data-id=\"https:\/\/dentalygo.org\/de\/behandlungen\/\" target=\"_blank\" rel=\"noreferrer noopener\">Zahnbehandlungen<\/a> in Deutschland k\u00f6nnen recht teuer sein, aber wenn Sie sich im Ausland umsehen, werden Sie viel niedrigere Preise finden. <\/p>\n\n\n<div class=\"wp-block-image\">\n<figure class=\"alignright size-medium\"><img loading=\"lazy\" decoding=\"async\" width=\"300\" height=\"200\" src=\"https:\/\/dentalygo.org\/wp-content\/uploads\/2022\/08\/ceramic-white-dental-crowns-300x200.jpeg\" alt=\"Zahnkronen im Ausland bekommen\" class=\"wp-image-743\" srcset=\"https:\/\/dentalygo.org\/wp-content\/uploads\/2022\/08\/ceramic-white-dental-crowns-300x200.jpeg 300w, https:\/\/dentalygo.org\/wp-content\/uploads\/2022\/08\/ceramic-white-dental-crowns-768x512.jpeg 768w, https:\/\/dentalygo.org\/wp-content\/uploads\/2022\/08\/ceramic-white-dental-crowns.jpeg 1000w\" sizes=\"auto, (max-width: 300px) 100vw, 300px\" \/><figcaption>Denken Sie \u00fcber g\u00fcnstige Zahnkronen im Ausland nach?  <\/figcaption><\/figure><\/div>\n\n\n<p>Dieser Artikel beantwortet die folgenden Fragen zu Zahnkronen im Ausland, damit Sie entscheiden k\u00f6nnen, ob es sich lohnt, f\u00fcr eine Behandlung zu reisen. <\/p>\n\n\n\n<ul class=\"wp-block-list\"><li>Was sind Zahnkronen?<\/li><li>Welche verschiedenen Arten von Kronen gibt es?<\/li><li>Wie viel kosten Zahnkronen in Deutschland?<\/li><li>Bekommt man Zahnkronen von der Krankenkasse?<\/li><li>Was kosten g\u00fcnstige Zahnkronen im Ausland?<\/li><\/ul>\n\n\n\n<p>Wir hoffen, dass dieser Artikel Ihnen alle Informationen liefert, die Sie ben\u00f6tigen, um eine Entscheidung \u00fcber Ihre zahn\u00e4rztliche Behandlung zu treffen und ob es sich lohnt, f\u00fcr eine Behandlung ins Ausland zu gehen!<\/p>\n\n\n\n<h2 class=\"wp-block-heading\">Was sind Zahnkronen?<\/h2>\n\n\n\n<p>Kronen sind Kappen, die die gesamte Oberfl\u00e4che eines Zahns bedecken. Sie k\u00f6nnen verwendet werden, um einen gef\u00e4hrdeten Zahn zu sch\u00fctzen oder um gro\u00dfe Mengen an Zahnstrukturen zu ersetzen, die durch Karies oder Verletzungen verloren gegangen sind. Sie k\u00f6nnen aus Porzellan, Metall oder Kompositharz hergestellt werden. <\/p>\n\n\n\n<p>Kronen werden verwendet, um Z\u00e4hne zu restaurieren, nachdem gro\u00dfe F\u00fcllungen eingesetzt wurden, um einen geschw\u00e4chten Zahn zu st\u00e4rken und um Zahnimplantate zu bedecken.<\/p>\n\n\n\n<p>Eine Zahnkrone wird in der Regel auf einen Zahn gesetzt, wenn dieser eine F\u00fcllung oder eine Wurzelbehandlung erhalten hat. Die Krone schafft eine v\u00f6llig neue Oberfl\u00e4che, die genauso aussieht wie Ihre nat\u00fcrlichen Z\u00e4hne. <\/p>\n\n\n\n<h2 class=\"wp-block-heading\">Wie wird eine Zahnkrone angefertigt?<\/h2>\n\n\n\n<p>Der Ablauf einer solchen Behandlung h\u00e4ngt davon ab, welche Art von Krone Sie w\u00fcnschen. Der Eingriff dauert in der Regel zwischen zwei und drei Stunden. Dabei wird zun\u00e4chst eine provisorische Krone eingesetzt, bevor die endg\u00fcltige Krone zu einem sp\u00e4teren Zeitpunkt (in der Regel zwei Wochen sp\u00e4ter) angebracht wird. <\/p>\n\n\n\n<p>Die provisorische Krone wird mit Zement befestigt, w\u00e4hrend die permanente Krone von Ihrem Zahnarzt oder Labortechniker angefertigt wird.<\/p>\n\n\n\n<h2 class=\"wp-block-heading\">Was ist der Unterschied zwischen einer Zahnkrone und einem Implantat?<\/h2>\n\n\n\n<p>Wenn Sie sich f\u00fcr eine Zahnkrone entscheiden, ist es wichtig, den Unterschied zwischen einer Zahnkrone und einem Zahnimplantat zu kennen.  <\/p>\n\n\n\n<p>Ein Zahnimplantat wird in der Regel aus Titan hergestellt und besteht aus drei Teilen: einem Abutment, das am Zahn befestigt wird, einem Innenger\u00fcst, das f\u00fcr zus\u00e4tzliche Festigkeit mit Ihren vorhandenen Z\u00e4hnen \u00fcbereinstimmt, und einem schraubenf\u00f6rmigen Aufsatz (der sogenannten &#8222;Abutmentkappe&#8220;), der den Ersatzzahn tr\u00e4gt. Kronen sind Kappen, die die gesamte Oberfl\u00e4che eines Zahns bedecken. <\/p>\n\n\n\n<p>Lassen Sie uns nun einen genaueren Blick auf die verschiedenen Arten von Zahnkronen werfen.<\/p>\n\n\n\n<h2 class=\"wp-block-heading\">Arten von Zahnkronen<\/h2>\n\n\n\n<h3 class=\"wp-block-heading\">PFM Kronen<\/h3>\n\n\n\n<p>PFM steht f\u00fcr Porzellan, das mit Metall verschmolzen ist. Sie sind die billigste und am h\u00e4ufigsten verwendete Art von Zahnkronen. Sie werden hergestellt, indem eine Porzellanschicht auf ein Metallger\u00fcst geklebt wird. Das Porzellan fungiert als neuer Zahnschmelz, w\u00e4hrend das Metallger\u00fcst die Krone an ihrem Platz h\u00e4lt.   <\/p>\n\n\n\n<p>Der Grund, warum PFM-Kronen so beliebt sind, ist, dass sie nicht nur haltbar und langlebig sind, sondern auch sehr nat\u00fcrlich aussehen. Wenn Sie also auf der Suche nach erschwinglichen Zahnkronen im Ausland sind und etwas Haltbares wollen, das ein Leben lang h\u00e4lt, dann k\u00f6nnten PFM-Zahnkronen genau das Richtige f\u00fcr Sie sein! <\/p>\n\n\n\n<h3 class=\"wp-block-heading\">Keramik Kronen<\/h3>\n\n\n\n<p>Eine Zahnkrone aus Porzellan oder Zirkonoxid kann auch als &#8222;Vollkeramikkrone&#8220; bezeichnet werden, da sie vollst\u00e4ndig aus keramischen Materialien besteht und keine Metallteile enth\u00e4lt, wie dies bei anderen Arten von Zahnkronen der Fall ist.<\/p>\n\n\n\n<p>Diese Kronen k\u00f6nnen in einer Vielzahl von Farben und Stilen erh\u00e4ltlich sein, die zu Ihren nat\u00fcrlichen Z\u00e4hnen passen. Sie k\u00f6nnen auch in verschiedenen Formen hergestellt werden, damit sie besser in Ihren Mund passen. <\/p>\n\n\n\n<p>Emax-Kronen von Ivoclar Vivadent werden aus einem einzigen Lithiumdisilikat-Block hergestellt, was sie etwas haltbarer macht als andere Arten von Vollkeramikkronen.<\/p>\n\n\n\n<p>Andere Arten von Keramikkronen werden Schicht f\u00fcr Schicht in einem Labor aufgebaut, wodurch sie das gleiche leicht durchscheinende Aussehen wie nat\u00fcrliche Z\u00e4hne erhalten.<\/p>\n\n\n\n<p>Keramische Materialien sind spr\u00f6der als Metall und neigen eher zu Rissen oder Absplitterungen, sodass sie m\u00f6glicherweise fr\u00fcher ersetzt werden m\u00fcssen.<\/p>\n\n\n\n<p>Sie werden jedoch h\u00e4ufig verwendet, wenn nicht mehr gen\u00fcgend gesunde Zahnsubstanz f\u00fcr Bonding oder <a href=\"https:\/\/dentalygo.org\/de\/behandlungen\/veneers-kosten-ausland\/\" target=\"_blank\" data-type=\"URL\" data-id=\"https:\/\/dentalygo.org\/de\/behandlungen\/veneers-kosten-ausland\/\" rel=\"noreferrer noopener\">Veneers<\/a> vorhanden ist, um sie f\u00fcr eine langfristige Verwendung sicher genug zu halten.<\/p>\n\n\n\n<h3 class=\"wp-block-heading\">Kronen aus Metall oder einer Legierung<\/h3>\n\n\n\n<p>Metall oder Legierungen sind viel st\u00e4rker als Porzellan oder Keramik, kosten aber aufgrund ihrer komplexen Herstellung mehr.<\/p>\n\n\n\n<p>Es gibt drei grundlegende Arten von Metallen, die f\u00fcr Zahnkronen verwendet werden. Sie sollten diese kennen, damit Sie entscheiden k\u00f6nnen, was f\u00fcr Ihre Situation am besten geeignet ist.<\/p>\n\n\n\n<p>Die Erste ist Gold, das sehr haltbar ist und in einigen F\u00e4llen bis zu 20 Jahre halten kann. Allerdings ist es auch extrem teuer und neigt dazu, den Kieferknochen zu belasten, was bei einigen Patienten zu Beschwerden f\u00fchren kann. <\/p>\n\n\n\n<p>Die zweite Art von Metall sind Legierungen aus anderen Metallen wie Silber oder Palladium. Diese Legierungen sind preiswerter als Gold, aber immer noch sehr stark und haltbar, sodass sie in der Regel etwa 10 Jahre halten, bevor sie ersetzt werden m\u00fcssen. <\/p>\n\n\n\n<p>Die dritte Art von Metall, die f\u00fcr Zahnkronen verwendet wird, ist mit Metall verschmolzenes Porzellan (PFM), das wir bereits besprochen haben. PFM-Kronen kombinieren die Festigkeit einer Metalllegierung mit der Sch\u00f6nheit von Porzellan f\u00fcr eine \u00c4sthetik, die nur schwer zu \u00fcbertreffen ist. <\/p>\n\n\n\n<h2 class=\"wp-block-heading\">Komposit-Zahnkronen<\/h2>\n\n\n\n<p>Diese Kronen bestehen aus Komposit, einem nicht-metallischen Material, mit dem Hohlr\u00e4ume aufgef\u00fcllt und die Form der Z\u00e4hne wiederhergestellt werden k\u00f6nnen. Es wird auch zur Herstellung von Veneers verwendet. Das sind d\u00fcnne Schalen, die die Vorderseite eines Zahns bedecken und ihn wei\u00dfer oder gerader erscheinen lassen. <\/p>\n\n\n\n<p>Zahnkronen aus Komposit werden oft gegen\u00fcber Porzellankronen bevorzugt, weil sie preiswerter und einfacher zu installieren sind. Allerdings halten sie nicht so lange wie Porzellankronen, da sie nicht so stabil und haltbar sind. <\/p>\n\n\n\n<h2 class=\"wp-block-heading\">Wie viel kosten Zahnkronen in Deutschland?<\/h2>\n\n\n\n<p>In Deutschland variiert der Preis f\u00fcr Zahnkronen je nach Ort, Gr\u00f6\u00dfe und Komplexit\u00e4t des Eingriffs. Es ist wichtig zu verstehen, dass jeder Fall anders ist. Es gibt also keine M\u00f6glichkeit, genau vorherzusagen, wie viel Ihre Kronen kosten werden. <\/p>\n\n\n\n<p>Wenn Sie es privat machen lassen, m\u00fcssen Sie mit Kosten ab 500 \u20ac pro Krone rechnen!<\/p>\n\n\n\n<p>Zahnkronen sind im Rahmen der Krankenkasse f\u00fcr Menschen erh\u00e4ltlich, die bestimmte Kriterien erf\u00fcllen. Wenn Sie diese Kriterien erf\u00fcllen, wird Ihnen Ihr Zahnarzt die Art von Krone anbieten, die er f\u00fcr klinisch notwendig h\u00e4lt. <\/p>\n\n\n<div class=\"quality_dental \">\n\t\t<div class=\"quality_dental-prices-container\">\n\t\t<div class=\"quality_dental-prices-block\">\n\t\t\t<div class=\"quality_dental-prices-block-src-first\">\n\t\t\t\t<img decoding=\"async\" src=\"https:\/\/dentalygo.org\/wp-content\/themes\/dentalyGo\/img\/home\/price-image-1.png\"\n\t\t\t\t\t\t alt=\"price-image\"\n\t\t\t\t\t\t class=\"dental-prices_src\"\/>\n\t\t\t<\/div>\n\n\t\t\t\t\t\t<h3 class=\"quality_dental-prices-block_heading bold\">Unsere Patienten sparen in der Regel 50-70% gegen\u00fcber den deutschen Zahnarztpreisen!<\/h3>\n\t\t\t\t\t\t<a class=\"dentist-learn-more popup-open \"\n\t\t\t\t href=\"#form-dental\">Fordern Sie Ihr kostenloses Angebot an<\/a>\n\t\t\t<div class=\"quality_dental-prices-block-src-second\">\n\t\t\t\t<img decoding=\"async\" src=\"https:\/\/dentalygo.org\/wp-content\/themes\/dentalyGo\/img\/home\/price-image-2.png\"\n\t\t\t\t\t\t alt=\"price-image\"\n\t\t\t\t\t\t class=\"dental-prices_src\"\/>\n\t\t\t<\/div>\n\t\t<\/div>\n\t<\/div>\n<\/div>\n\n\n\n<div style=\"height:20px\" aria-hidden=\"true\" class=\"wp-block-spacer\"><\/div>\n\n\n\n<h2 class=\"wp-block-heading\">G\u00fcnstige Zahnkronen im Ausland<\/h2>\n\n\n\n<p>Wenn Sie auf der Suche nach g\u00fcnstigen Zahnkronen sind, warum schauen Sie dann nicht ins Ausland? Sie k\u00f6nnen im Ausland eine billigere Zahnbehandlung bekommen und gleichzeitig einen Urlaub genie\u00dfen! <\/p>\n\n\n\n<p>Es gibt ein paar L\u00e4nder, in denen sie viel billiger sind als in Deutschland. Die beiden beliebtesten sind Thailand und Polen. <\/p>\n\n\n<div class=\"wp-block-image\">\n<figure class=\"alignright size-medium\"><img loading=\"lazy\" decoding=\"async\" width=\"300\" height=\"200\" src=\"https:\/\/dentalygo.org\/wp-content\/uploads\/2022\/08\/dental-checkup-filling-crown-300x200.jpeg\" alt=\"Frau l\u00e4sst sich im Ausland Zahnkronen machen\" class=\"wp-image-745\" srcset=\"https:\/\/dentalygo.org\/wp-content\/uploads\/2022\/08\/dental-checkup-filling-crown-300x200.jpeg 300w, https:\/\/dentalygo.org\/wp-content\/uploads\/2022\/08\/dental-checkup-filling-crown-768x512.jpeg 768w, https:\/\/dentalygo.org\/wp-content\/uploads\/2022\/08\/dental-checkup-filling-crown.jpeg 1000w\" sizes=\"auto, (max-width: 300px) 100vw, 300px\" \/><figcaption>Suchen Sie im Ausland nach g\u00fcnstigen Zahnkronen<\/figcaption><\/figure><\/div>\n\n\n<p>In Thailand k\u00f6nnen Sie Zahnkronen finden, die bis zu 50% weniger kosten als in Deutschland.<\/p>\n\n\n\n<p>Wenn Sie zum Beispiel Ihre Zahnkronen in Deutschland anfertigen lassen und sich f\u00fcr eine private Behandlung entscheiden, liegen die Kosten oft zwischen 500 und 1.000 \u20ac, abh\u00e4ngig vom Honorar Ihres Zahnarztes und anderen Faktoren.<\/p>\n\n\n\n<p>Eine Zahnkrone, die in Polen angefertigt wird, kostet zwischen 180 und 380 \u20ac. Auch wenn man die Reisekosten dazu rechnet, ist das immer noch g\u00fcnstiger als eine Anfertigung hier zu Hause!<\/p>\n\n\n\n<h2 class=\"wp-block-heading\">Wie kann ich im Ausland eine Zahnkrone bekommen?<\/h2>\n\n\n\n<p>Sie fragen sich vielleicht, wie einfach es ist, g\u00fcnstige Zahnkronen im Ausland zu finden. Nun, da kann Ihnen DentalyGo helfen. <\/p>\n\n\n\n<p>DentalyGo ist eine Plattform, die Ihnen hilft, die besten Zahnkliniken im Ausland zu finden. Wir haben diese Kliniken aufgrund ihres ausgezeichneten Service, ihrer hohen Standards und ihrer wettbewerbsf\u00e4higen Preise ausgew\u00e4hlt. Sie sind alle daf\u00fcr bekannt, hochwertige Behandlungen zu erschwinglichen Preisen anzubieten.  <\/p>\n\n\n\n<p>Sie brauchen sich keine Sorgen zu machen, einen Zahnarzt zu finden, der sich gut um Sie k\u00fcmmert. Jede Praxis, mit der wir zusammenarbeiten, ist ISO9001- und TEMOS-zertifiziert, und Sie k\u00f6nnen beruhigt sein, denn Sie wissen, dass sie von unserem Team gr\u00fcndlich gepr\u00fcft und untersucht wurde.<\/p>\n\n\n\n<p>Wir wissen, wie entmutigend es sein kann, eine zahn\u00e4rztliche Behandlung im Ausland durchf\u00fchren zu lassen, aber wir m\u00f6chten sicherstellen, dass jeder die bestm\u00f6gliche Erfahrung macht.<\/p>\n\n\n\n<h2 class=\"wp-block-heading\">Fazit<\/h2>\n\n\n\n<p>Zahnkronen k\u00f6nnen eine gute L\u00f6sung f\u00fcr jemanden sein, der einen besch\u00e4digten Zahn ersetzen m\u00f6chte. Sie k\u00f6nnen auch eine gute Alternative f\u00fcr Zahnersatz sein. Kronen sind im Ausland und in Gro\u00dfbritannien g\u00fcnstig, Sie m\u00fcssen nur danach suchen.  <\/p>\n\n\n\n<p>Kronen sind Kappen, die \u00fcber Ihren nat\u00fcrlichen Zahn oder Ihre nat\u00fcrlichen Z\u00e4hne gest\u00fclpt werden und deren Festigkeit und Aussehen wiederherstellen. Sie werden bei Sch\u00e4den durch Zahnfleischerkrankungen, Karies oder Verletzungen eingesetzt und bestehen je nach Fall aus Metall, Legierung, Porzellan oder Kunststoff. <\/p>\n\n\n<div class=\"wp-block-image\">\n<figure class=\"alignright size-medium\"><img loading=\"lazy\" decoding=\"async\" width=\"300\" height=\"158\" src=\"https:\/\/dentalygo.org\/wp-content\/uploads\/2022\/08\/Man-with-perfect-smile-300x158.jpeg\" alt=\"Mann nach Erhalt neuer Zahnkronen in \u00dcbersee\" class=\"wp-image-753\" srcset=\"https:\/\/dentalygo.org\/wp-content\/uploads\/2022\/08\/Man-with-perfect-smile-300x158.jpeg 300w, https:\/\/dentalygo.org\/wp-content\/uploads\/2022\/08\/Man-with-perfect-smile-768x403.jpeg 768w, https:\/\/dentalygo.org\/wp-content\/uploads\/2022\/08\/Man-with-perfect-smile.jpeg 790w\" sizes=\"auto, (max-width: 300px) 100vw, 300px\" \/><figcaption>Holen Sie sich g\u00fcnstige Zahnkronen im Ausland und verbessern Sie Ihr L\u00e4cheln<\/figcaption><\/figure><\/div>\n\n\n<p>Sie k\u00f6nnen eine hervorragende L\u00f6sung f\u00fcr einen besch\u00e4digten Zahn sein. Sie sind besser als Zahnprothesen, weil sie nicht verrutschen, wie es bei Zahnprothesen der Fall ist. Sie sehen auch besser aus als die meisten anderen Optionen wie Br\u00fccken oder Implantate, weil sie die Farbe Ihrer nat\u00fcrlichen Z\u00e4hne annehmen und sich nicht l\u00f6sen, wie es bei anderen L\u00f6sungen im Laufe der Zeit der Fall sein kann. <\/p>\n\n\n\n<p>Wenn Sie auf der Suche nach g\u00fcnstigen Zahnkronen sind, dann ist ein Blick ins Ausland die beste M\u00f6glichkeit, g\u00fcnstige Preise zu finden und gleichzeitig einen Urlaub zu genie\u00dfen. Im Vergleich zu Deutschland k\u00f6nnen Sie 50-70 % der Zahnarztkosten sparen, und in manchen F\u00e4llen sogar noch mehr, je nachdem, in welches Land Sie reisen. <\/p>\n\n\n\n<p>Wenn Sie also an g\u00fcnstigen Zahnkronen, einem <a href=\"https:\/\/dentalygo.org\/de\/behandlungen\/zahnimplantate-im-ausland\/all-on-4-ausland\/\" target=\"_blank\" data-type=\"URL\" data-id=\"https:\/\/dentalygo.org\/de\/behandlungen\/zahnimplantate-im-ausland\/all-on-4-ausland\/\" rel=\"noreferrer noopener\">All-on-4<\/a> oder <a href=\"https:\/\/dentalygo.org\/de\/behandlungen\/zahnimplantate-im-ausland\/\" data-type=\"URL\" data-id=\"https:\/\/dentalygo.org\/de\/behandlungen\/zahnimplantate-im-ausland\/\" target=\"_blank\" rel=\"noreferrer noopener\">Einzelzahnimplantaten im Ausland<\/a> interessiert sind, z\u00f6gern Sie nicht, uns zu kontaktieren und ein kostenloses Angebot anzufordern.  <\/p>\n\n\n\n<p>Wir hoffen, dass Sie mit diesem Artikel alle Informationen erhalten haben, die Sie brauchen, um eine fundierte Entscheidung \u00fcber Ihre Zahnpflege zu treffen!<\/p>\n\n\n\n<h2 class=\"wp-block-heading\">FAQs<\/h2>\n\n\n<div id=\"rank-math-faq\" class=\"rank-math-block\">\n<div class=\"rank-math-list \">\n<div id=\"faq-question-1662653518373\" class=\"rank-math-list-item\">\n<h3 class=\"rank-math-question \">Wie wird eine Zahnkrone angefertigt?<\/h3>\n<div class=\"rank-math-answer \"><p>Der Prozess der Anfertigung einer Krone h\u00e4ngt davon ab, welche Art von Krone Sie w\u00fcnschen. Der Eingriff dauert in der Regel zwischen zwei und drei Stunden. Dabei wird zun\u00e4chst eine provisorische Krone eingesetzt, bevor die endg\u00fcltige Krone zu einem sp\u00e4teren Zeitpunkt (in der Regel zwei Wochen sp\u00e4ter) angebracht wird. <\/p>\n<\/div>\n<\/div>\n<div id=\"faq-question-1662653540008\" class=\"rank-math-list-item\">\n<h3 class=\"rank-math-question \">Was ist der Unterschied zwischen einer Zahnkrone und einem Implantat?<\/h3>\n<div class=\"rank-math-answer \"><p>Ein Zahnimplantat wird in der Regel aus Titan hergestellt und besteht aus drei Teilen: einem Abutment, das am Zahn befestigt wird, einem Innenger\u00fcst, das f\u00fcr zus\u00e4tzliche Festigkeit mit Ihren vorhandenen Z\u00e4hnen \u00fcbereinstimmt, und einem schraubenf\u00f6rmigen Aufsatz (der sogenannten &#8222;Abutmentkappe&#8220;), der den Ersatzzahn tr\u00e4gt. Kronen sind Kappen, die die gesamte Oberfl\u00e4che eines Zahns bedecken. <\/p>\n<\/div>\n<\/div>\n<\/div>\n<\/div>\n\n\n<h2 class=\"wp-block-heading\">Referenzen<\/h2>\n\n\n\n<p><strong>Krankenkassen.de:<\/strong> <a href=\"https:\/\/www.krankenkassen.de\/gesetzliche-krankenkassen\/leistungen-gesetzliche-krankenkassen\/zahn\/gesetzliche-krankenkassen-zahnbehandlung-polen\/\" target=\"_blank\" data-type=\"URL\" data-id=\"https:\/\/www.krankenkassen.de\/gesetzliche-krankenkassen\/leistungen-gesetzliche-krankenkassen\/zahn\/gesetzliche-krankenkassen-zahnbehandlung-polen\/\" rel=\"noreferrer noopener\">Zahnbehandlung Ausland<\/a>. Abgerufen am 22. August 2022.<\/p>\n\n\n<div class=\"post_articles post\">\n\t<div class=\"post_articles-container\">\n\t\t<div class=\"post_articles-list col-3\">\n\t\t\t\t\t\t\t\t\t\t\t\t<a href=\"https:\/\/dentalygo.org\/de\/behandlungen\/beliebte-zahnbehandlungen-im-ausland\/\" class=\"post_articles-item\">\n\t\t\t\t\t\t<span class=\"post_articles-image\">\n\t\t\t\t\t\t\t<img loading=\"lazy\" decoding=\"async\" width=\"1200\" height=\"800\" src=\"https:\/\/dentalygo.org\/wp-content\/uploads\/2023\/06\/Popular-dental-tourism-treatments-fi-1.png\" class=\"attachment-post-thumbnail size-post-thumbnail wp-post-image\" alt=\"\" srcset=\"https:\/\/dentalygo.org\/wp-content\/uploads\/2023\/06\/Popular-dental-tourism-treatments-fi-1.png 1200w, https:\/\/dentalygo.org\/wp-content\/uploads\/2023\/06\/Popular-dental-tourism-treatments-fi-1-300x200.png 300w, https:\/\/dentalygo.org\/wp-content\/uploads\/2023\/06\/Popular-dental-tourism-treatments-fi-1-1024x683.png 1024w, https:\/\/dentalygo.org\/wp-content\/uploads\/2023\/06\/Popular-dental-tourism-treatments-fi-1-768x512.png 768w\" sizes=\"auto, (max-width: 1200px) 100vw, 1200px\" \/>\t\t\t\t\t\t<\/span>\n\t\t\t\t\t\t<h4 class=\"post_articles-title bold\">\n\t\t\t\t\t\t\tBeliebte Zahntourismus-Behandlungen: Erschwingliche Zahnbehandlung im Ausland\t\t\t\t\t\t<\/h4>\n\t\t\t\t\t\t<span class=\"post_articles-description dentist_caption\">\n\t\t\t\t\t\t\tDer Zahntourismus wird immer beliebter, aber was sind die beliebtesten Behandlungen im Zahntourismus?  \n\n\n\nAngesichts der steigenden Kosten f\u00fcr die zahn\u00e4rztli &#8230;\t\t\t\t\t\t<\/span>\n\t\t\t\t\t<\/a>\n\t\t\t\t\t\t\t\t\t<a href=\"https:\/\/dentalygo.org\/de\/behandlungen\/zahnimplantate-im-ausland\/implantate-komplettes-gebiss\/\" class=\"post_articles-item\">\n\t\t\t\t\t\t<span class=\"post_articles-image\">\n\t\t\t\t\t\t\t<img loading=\"lazy\" decoding=\"async\" width=\"790\" height=\"415\" src=\"https:\/\/dentalygo.org\/wp-content\/uploads\/2022\/11\/full-mouth-dental-implants-FI.png\" class=\"attachment-post-thumbnail size-post-thumbnail wp-post-image\" alt=\"\" srcset=\"https:\/\/dentalygo.org\/wp-content\/uploads\/2022\/11\/full-mouth-dental-implants-FI.png 790w, https:\/\/dentalygo.org\/wp-content\/uploads\/2022\/11\/full-mouth-dental-implants-FI-300x158.png 300w, https:\/\/dentalygo.org\/wp-content\/uploads\/2022\/11\/full-mouth-dental-implants-FI-768x403.png 768w\" sizes=\"auto, (max-width: 790px) 100vw, 790px\" \/>\t\t\t\t\t\t<\/span>\n\t\t\t\t\t\t<h4 class=\"post_articles-title bold\">\n\t\t\t\t\t\t\tWie viel kosten Zahnimplantate f\u00fcr den ganzen Mund im Ausland?\t\t\t\t\t\t<\/h4>\n\t\t\t\t\t\t<span class=\"post_articles-description dentist_caption\">\n\t\t\t\t\t\t\tWenn Sie sich im Ausland mit Zahnimplantaten versorgen lassen m\u00f6chten, kann es schwierig sein zu wissen, wie hoch der Preis sein wird. Die Kosten f\u00fcr &#8230;\t\t\t\t\t\t<\/span>\n\t\t\t\t\t<\/a>\n\t\t\t\t\t\t\t\t\t<a href=\"https:\/\/dentalygo.org\/de\/behandlungen\/zahnimplantate-im-ausland\/\" class=\"post_articles-item\">\n\t\t\t\t\t\t<span class=\"post_articles-image\">\n\t\t\t\t\t\t\t<img loading=\"lazy\" decoding=\"async\" width=\"790\" height=\"415\" src=\"https:\/\/dentalygo.org\/wp-content\/uploads\/2022\/07\/dental-implants-abroad-fi.png\" class=\"attachment-post-thumbnail size-post-thumbnail wp-post-image\" alt=\"\" srcset=\"https:\/\/dentalygo.org\/wp-content\/uploads\/2022\/07\/dental-implants-abroad-fi.png 790w, https:\/\/dentalygo.org\/wp-content\/uploads\/2022\/07\/dental-implants-abroad-fi-300x158.png 300w, https:\/\/dentalygo.org\/wp-content\/uploads\/2022\/07\/dental-implants-abroad-fi-768x403.png 768w\" sizes=\"auto, (max-width: 790px) 100vw, 790px\" \/>\t\t\t\t\t\t<\/span>\n\t\t\t\t\t\t<h4 class=\"post_articles-title bold\">\n\t\t\t\t\t\t\tZahnimplantate im Ausland\t\t\t\t\t\t<\/h4>\n\t\t\t\t\t\t<span class=\"post_articles-description dentist_caption\">\n\t\t\t\t\t\t\tZahnimplantate im Ausland werden immer beliebter, da Patienten nach erschwinglicheren Optionen f\u00fcr ihre Mundgesundheit suchen. Sie sind eine langfristige L\u00f6sung f\u00fcr fehlende Z\u00e4hne. Sie brauchen sich jahrelang &#8230;\t\t\t\t\t\t<\/span>\n\t\t\t\t\t<\/a>\n\t\t\t\t\t\t\t\t\t\t\t\t\t<\/div>\n\t<\/div>\n<\/div>\n","protected":false},"excerpt":{"rendered":"<p>G\u00fcnstige Zahnkronen im Ausland sind eine gro\u00dfartige und erschwingliche M\u00f6glichkeit, fehlende Z\u00e4hne zu ersetzen. Sie k\u00f6nnen auch dazu dienen, das Aussehen Ihres L\u00e4chelns zu verbessern und seine Langlebigkeit zu erh\u00f6hen. Zahnbehandlungen in Deutschland k\u00f6nnen recht teuer sein, aber wenn Sie sich im Ausland umsehen, werden Sie viel niedrigere Preise finden. Dieser Artikel beantwortet die folgenden [&hellip;]<\/p>\n","protected":false},"author":4,"featured_media":3018,"parent":3375,"menu_order":0,"comment_status":"closed","ping_status":"closed","template":"","meta":{"inline_featured_image":false,"footnotes":""},"class_list":["post-3367","page","type-page","status-publish","has-post-thumbnail","hentry"],"_links":{"self":[{"href":"https:\/\/dentalygo.org\/de\/wp-json\/wp\/v2\/pages\/3367","targetHints":{"allow":["GET"]}}],"collection":[{"href":"https:\/\/dentalygo.org\/de\/wp-json\/wp\/v2\/pages"}],"about":[{"href":"https:\/\/dentalygo.org\/de\/wp-json\/wp\/v2\/types\/page"}],"author":[{"embeddable":true,"href":"https:\/\/dentalygo.org\/de\/wp-json\/wp\/v2\/users\/4"}],"replies":[{"embeddable":true,"href":"https:\/\/dentalygo.org\/de\/wp-json\/wp\/v2\/comments?post=3367"}],"version-history":[{"count":24,"href":"https:\/\/dentalygo.org\/de\/wp-json\/wp\/v2\/pages\/3367\/revisions"}],"predecessor-version":[{"id":3854,"href":"https:\/\/dentalygo.org\/de\/wp-json\/wp\/v2\/pages\/3367\/revisions\/3854"}],"up":[{"embeddable":true,"href":"https:\/\/dentalygo.org\/de\/wp-json\/wp\/v2\/pages\/3375"}],"wp:featuredmedia":[{"embeddable":true,"href":"https:\/\/dentalygo.org\/de\/wp-json\/wp\/v2\/media\/3018"}],"wp:attachment":[{"href":"https:\/\/dentalygo.org\/de\/wp-json\/wp\/v2\/media?parent=3367"}],"curies":[{"name":"wp","href":"https:\/\/api.w.org\/{rel}","templated":true}]}}