{"id":3381,"date":"2022-08-23T11:05:07","date_gmt":"2022-08-23T11:05:07","guid":{"rendered":"https:\/\/dentalygo.org\/unsere-auswahlkriterien-fuer-zahnkliniken\/"},"modified":"2024-12-27T00:48:52","modified_gmt":"2024-12-27T00:48:52","slug":"unsere-auswahlkriterien-fuer-zahnkliniken","status":"publish","type":"page","link":"https:\/\/dentalygo.org\/de\/unsere-auswahlkriterien-fuer-zahnkliniken\/","title":{"rendered":"Unsere Auswahlkriterien f\u00fcr Zahnkliniken"},"content":{"rendered":"\n<p>Sind Sie bereit f\u00fcr eine Zahnbehandlung im Ausland, haben aber Fragen zu den Zahnkliniken, mit denen wir zusammenarbeiten? Wir wissen, dass die Wahl einer Zahnbehandlung in einem anderen Land eine wichtige Entscheidung sein kann. Wir helfen Ihnen gerne dabei, die perfekte Zahnklinik zu finden. <\/p>\n\n\n\n<p>Wir bei DentalyGo haben strenge Auswahlkriterien, um sicherzustellen, dass wir nur mit den besten Zahnkliniken zusammenarbeiten, die nach den h\u00f6chsten Standards arbeiten. Lesen Sie unten mehr \u00fcber unser Auswahlverfahren. <\/p>\n\n\n\n<h2 class=\"wp-block-heading\">Hygiene- und Sicherheitsstandards<\/h2>\n\n\n\n<p>Die Zahnkliniken, mit denen wir zusammenarbeiten, halten sich an die lokalen und internationalen Standards f\u00fcr Sicherheit, Hygiene und medizinische Versorgung. Wir best\u00e4tigen, dass sie \u00fcber alle erforderlichen Genehmigungen und Zertifizierungen verf\u00fcgen, um die zahnmedizinischen Verfahren durchzuf\u00fchren, die sie ihren Patienten anbieten, darunter chirurgische Zahnbehandlungen, Implantologie, \u00e4sthetische Zahnbehandlungen, R\u00f6ntgenaufnahmen und konservierende Zahnbehandlungen, um nur einige zu nennen.   <\/p>\n\n\n<div class=\"wp-block-image\">\n<figure class=\"alignright size-full is-resized\"><img loading=\"lazy\" decoding=\"async\" src=\"https:\/\/dentalygo.org\/wp-content\/uploads\/2022\/10\/652px-ISO_Logo_Red_square.svg_-300x276-1.png\" alt=\"ISO-Logo\" class=\"wp-image-1230\" width=\"225\" height=\"207\"\/><\/figure><\/div>\n\n\n<p>Wir achten besonders darauf, dass unsere Klinikpartner sich daran halten:<\/p>\n\n\n\n<ul class=\"wp-block-list\"><li>Die vom Gesundheitsministerium Ihres Landes festgelegten Standards, einschlie\u00dflich etwaiger zus\u00e4tzlicher Aufsichtsbeh\u00f6rden (z. B. die T\u00fcrkische Zahn\u00e4rztekammer in der T\u00fcrkei).<\/li><li><a href=\"https:\/\/www.iso.org\/standard\/62085.html\" data-type=\"URL\" data-id=\"https:\/\/www.iso.org\/standard\/62085.html\" target=\"_blank\" rel=\"noreferrer noopener\">ISO 9001-Normen<\/a>, die auf dem Qualit\u00e4tsmanagement beruhen. Diese Normen gelten f\u00fcr die Qualit\u00e4t der Umgebung, die Leistung der Ausr\u00fcstung, die Qualit\u00e4t der Pflege und die Kompetenz des Personals. Um eine ISO-Zertifizierung zu erhalten, sind strenge Qualit\u00e4tskontrollen und ein kontinuierliches Engagement f\u00fcr Verbesserungen erforderlich.  <\/li><li><a href=\"https:\/\/www.temos-worldwide.com\/\" data-type=\"URL\" data-id=\"https:\/\/www.temos-worldwide.com\/\" target=\"_blank\" rel=\"noreferrer noopener\">TEMOS-Standards<\/a>; ein internationaler Standard f\u00fcr die Qualit\u00e4t der medizinischen Versorgung.<\/li><\/ul>\n\n\n\n<h2 class=\"wp-block-heading\">Hochwertige Ausstattung<\/h2>\n\n\n\n<p>Die Kliniken, mit denen wir zusammenarbeiten, kooperieren mit den bekanntesten Herstellern in der Implantologie und Zahnmedizin, wie Nobel Biocare\u00ae oder Alpha Bio\u00ae. Das bedeutet, dass Sie erstklassige Produkte erhalten, die durch einige der besten Garantien auf dem Markt abgedeckt sind. <\/p>\n\n\n\n<p>Das hochmoderne Design der Kliniken und die ausgefeilte Zahntechnik, die eine einfachere Diagnose und optimalen Patientenkomfort w\u00e4hrend der Behandlung erm\u00f6glicht, ist ein weiterer entscheidender Aspekt unserer Auswahlkriterien.<\/p>\n\n\n\n<p>Dar\u00fcber hinaus erkennen sie die entscheidende Rolle von Sauberkeit und Patientensicherheit an. Sie halten sich an die strengsten Hygiene- und Sterilisationsrichtlinien, die unter anderem Folgendes umfassen: <\/p>\n\n\n\n<ul class=\"wp-block-list\"><li>Verwendung von medizinischer Ausr\u00fcstung zur Entsorgung wie Masken, Handschuhe, Nadeln usw.<\/li><li>Regelm\u00e4\u00dfige Wartung der Ausr\u00fcstung<\/li><li>Desinfizierte Operationss\u00e4le f\u00fcr alle zahn\u00e4rztlichen Eingriffe<\/li><li>Sterilisation und Ultraschallreinigung aller medizinischen Instrumente<\/li><\/ul>\n\n\n\n<h2 class=\"wp-block-heading\">Kompetentes medizinisches Personal<\/h2>\n\n\n\n<p>Wir arbeiten mit Zahn\u00e4rzten zusammen, die qualifizierte Experten sind und eine hochwertige Ausbildung mit umfassender Erfahrung sowohl in der allgemeinen Zahnmedizin als auch in ihrem speziellen Fachgebiet (Parodontologie, Endodontie, Prothetik usw.) erhalten haben. Viele von ihnen haben eine Ausbildung oder ein Praktikum im Ausland absolviert und halten sich \u00fcber die technologischen Fortschritte in der Branche auf dem Laufenden. <\/p>\n\n\n\n<p>Diese Zahn\u00e4rzte sind Experten auf dem Gebiet der Zahnmedizin und bilden sich st\u00e4ndig weiter, um ihre Arbeit auf einem hohen Niveau zu halten.  <\/p>\n\n\n\n<h2 class=\"wp-block-heading\">Ein englischsprachiges Team<\/h2>\n\n\n\n<p>Die Sprachbarriere ist eine der gr\u00f6\u00dften Sorgen, die Patienten haben, wenn sie sich im Ausland zahn\u00e4rztlich behandeln lassen. Das Allerletzte, was Sie wollen, ist, dass Sie den Zahnarzt nicht verstehen, w\u00e4hrend Sie im Behandlungsstuhl sitzen. Aus diesem Grund w\u00e4hlen wir nur Kliniken aus, die in der Vergangenheit mit englischsprachigen Patienten gearbeitet haben.  <\/p>\n\n\n\n<p>Sie werden in der Lage sein, mit allen an Ihrer Behandlung Beteiligten flie\u00dfend Englisch zu sprechen, von der Person, die Ihren Behandlungsplan organisiert, bis hin zu dem zahn\u00e4rztlichen Team, das Ihren Eingriff durchf\u00fchrt.  <\/p>\n\n\n\n<p>W\u00e4hrend der Gesch\u00e4ftszeiten der Klinik steht Ihnen ein englischsprachiger Mitarbeiter zur Verf\u00fcgung, der sich um Ihre Fragen zur Behandlung, zu Ihrer internationalen Reise oder auch zu den Aktivit\u00e4ten vor Ort k\u00fcmmert, die Sie in der Zeit zwischen den Terminen unternehmen k\u00f6nnen.<\/p>\n\n\n\n<h2 class=\"wp-block-heading\">Standort von Zahnkliniken<\/h2>\n\n\n\n<p>Wir w\u00e4hlen Zahnkliniken aus, die sich in der N\u00e4he von Hotels und anderen Einrichtungen sowie in der N\u00e4he des Flughafens befinden. So sind Sie zwischen den Terminen nicht im Nirgendwo gestrandet, sondern k\u00f6nnen sich in einem einladenden Wartebereich bequem ausruhen. <\/p>\n\n\n\n<p>W\u00e4hrend einige der Kliniken, mit denen wir zusammenarbeiten, \u00fcber ein eigenes Labor verf\u00fcgen, arbeiten andere eng mit lokalen Labors zusammen. In jedem Fall k\u00f6nnen sie Zahnersatz schnell und in hoher Qualit\u00e4t anfertigen, was Ihre Reisezeit verk\u00fcrzt.<\/p>\n\n\n\n<p>Schlie\u00dflich w\u00e4hlen wir nur mittlere und gro\u00dfe Zahnkliniken (mit drei bis 20 Zahn\u00e4rzten) aus, die in der Region einen guten Ruf genie\u00dfen.<\/p>\n\n\n\n<h2 class=\"wp-block-heading\">Organisieren Sie Ihre Reise<\/h2>\n\n\n\n<p>Um sicherzustellen, dass Ihre Zahnarztreise reibungslos verl\u00e4uft, arbeiten wir nur mit Klinikpartnern zusammen, die Erfahrung im Zahntourismus haben. Bevor sie eine zahn\u00e4rztliche Behandlung durchf\u00fchren, k\u00f6nnen sie:<\/p>\n\n\n\n<ul class=\"wp-block-list\"><li>Buchen Sie Ihre Fl\u00fcge und arrangieren Sie eine Unterkunft zu g\u00fcnstigen Preisen<\/li><li>Wir treffen Sie am Flughafen<\/li><li>Organisieren Sie Ihren Transport zwischen dem Hotel und der Klinik f\u00fcr jeden Besuch<\/li><li>Empfehlen Sie lokale Attraktionen zu besuchen<\/li><\/ul>\n\n\n\n<p>Beachten Sie, dass einige dieser Dienste kostenlos sind, andere dagegen nicht. Sie k\u00f6nnen Ihre Klinik nach weiteren Einzelheiten fragen.<\/p>\n\n\n\n<p>Wenn Sie mit einer unserer Partner-Zahnkliniken zusammenarbeiten, m\u00fcssen Sie sich nicht um die kleinen Details k\u00fcmmern, denn sie helfen Ihnen bei der Planung und dem Genuss Ihres Dentalurlaubs.<\/p>\n\n\n\n<h2 class=\"wp-block-heading\">Die Kosten f\u00fcr eine Zahnbehandlung im Ausland<\/h2>\n\n\n\n<p>Wir sind uns bewusst, dass das Sparen von Geld durch eine zahn\u00e4rztliche Behandlung au\u00dferhalb von Deutschland die wichtigste Motivation f\u00fcr Ihre Reisepl\u00e4ne ist. Daher stellen wir sicher, dass die Geb\u00fchren unserer Partnerkliniken im Durchschnitt 50-70% unter den in Deutschland angegebenen Preisen liegen.<\/p>\n\n\n\n<p>So k\u00f6nnen Sie bei Ihrer Behandlung erheblich sparen, selbst wenn Sie die Fl\u00fcge und die Unterkunft mit einbeziehen.<\/p>\n\n\n\n<p>Wir w\u00e4hlen die Kliniken jedoch nicht nur nach ihren Kosten aus. Diejenigen mit den absolut niedrigsten Preisen entsprechen h\u00e4ufig nicht unseren hohen Qualit\u00e4tsstandards. Wir m\u00f6chten sicher sein, dass die von uns empfohlenen Kliniken \u00fcber modernste Einrichtungen und Technologien, herausragende Standards und einen hochwertigen Service verf\u00fcgen und dar\u00fcber hinaus auch noch preisg\u00fcnstig sind.<\/p>\n\n\n\n<h2 class=\"wp-block-heading\">Garantien<\/h2>\n\n\n\n<p>Unabh\u00e4ngig davon, wo Sie sich behandeln lassen, k\u00f6nnen gelegentlich Probleme auftreten. Wir hoffen jedoch aufrichtig, dass Sie mit Ihrer zahn\u00e4rztlichen Arbeit rundum zufrieden sein werden. Wir m\u00f6chten jedoch, dass Sie wissen, dass Ihre Klinik im Falle von Problemen mit Ihren Zahnimplantaten oder Ihrem Zahnersatz umfassende Unterst\u00fctzung nach dem Kauf bietet, um das Problem w\u00e4hrend der Garantiezeit zu l\u00f6sen.<\/p>\n\n\n\n<p>Sie erhalten eine Garantie, die von einem Jahr bis zu einem ganzen Leben reicht, je nach Verfahren und gelegentlich auch der Marke (insbesondere bei Implantaten). M\u00f6glicherweise m\u00fcssen Sie f\u00fcr eine kleine Anpassung in die Klinik im Ausland zur\u00fcckkehren, oder Sie k\u00f6nnen sie in einer Klinik in Deutschland durchf\u00fchren lassen.  <\/p>\n\n\n\n<p>Die Klinik wird Sie vorrangig und kostenlos behandeln. Es kann sein, dass Sie f\u00fcr Ihre Reisekosten aufkommen m\u00fcssen oder auch nicht. Jede Klinik hat eine andere Politik, also erkundigen Sie sich vor der Reservierung.<\/p>\n\n\n\n<p>Bitte beachten Sie, dass die meisten Garantien voraussetzen, dass Sie regelm\u00e4\u00dfig zum Zahnarzt gehen und Ihre Z\u00e4hne wie vorgeschrieben pflegen. Andernfalls kann die Garantie erl\u00f6schen.<\/p>\n\n\n\n<h2 class=\"wp-block-heading\">Sparen Sie bei einer Zahnbehandlung im Ausland<\/h2>\n\n\n\n<p>W\u00e4hlen Sie eine Behandlung aus, um mehr dar\u00fcber zu erfahren und ein kostenloses Angebot zu erhalten:<\/p>\n\n\n<div class=\"post_articles post\">\n\t<div class=\"post_articles-container\">\n\t\t<div class=\"post_articles-list col-3\">\n\t\t\t\t\t\t\t\t\t\t\t\t<a href=\"https:\/\/dentalygo.org\/de\/behandlungen\/zahnkronen-im-ausland\/\" class=\"post_articles-item\">\n\t\t\t\t\t\t<span class=\"post_articles-image\">\n\t\t\t\t\t\t\t<img loading=\"lazy\" decoding=\"async\" width=\"790\" height=\"415\" src=\"https:\/\/dentalygo.org\/wp-content\/uploads\/2022\/08\/cheap-dental-crowns-fi.png\" class=\"attachment-post-thumbnail size-post-thumbnail wp-post-image\" alt=\"\" srcset=\"https:\/\/dentalygo.org\/wp-content\/uploads\/2022\/08\/cheap-dental-crowns-fi.png 790w, https:\/\/dentalygo.org\/wp-content\/uploads\/2022\/08\/cheap-dental-crowns-fi-300x158.png 300w, https:\/\/dentalygo.org\/wp-content\/uploads\/2022\/08\/cheap-dental-crowns-fi-768x403.png 768w\" sizes=\"auto, (max-width: 790px) 100vw, 790px\" \/>\t\t\t\t\t\t<\/span>\n\t\t\t\t\t\t<h4 class=\"post_articles-title bold\">\n\t\t\t\t\t\t\tG\u00fcnstige Zahnkronen im Ausland: Worauf Sie achten m\u00fcssen, Kosten und \u00dcberlegungen\t\t\t\t\t\t<\/h4>\n\t\t\t\t\t\t<span class=\"post_articles-description dentist_caption\">\n\t\t\t\t\t\t\tG\u00fcnstige Zahnkronen im Ausland sind eine gro\u00dfartige und erschwingliche M\u00f6glichkeit, fehlende Z\u00e4hne zu ersetzen. Sie k\u00f6nnen auch dazu dienen, das Aussehen Ihres L\u00e4chelns zu verbessern und seine Langlebigkeit z &#8230;\t\t\t\t\t\t<\/span>\n\t\t\t\t\t<\/a>\n\t\t\t\t\t\t\t\t\t<a href=\"https:\/\/dentalygo.org\/de\/behandlungen\/zahnimplantate-im-ausland\/all-on-4-ausland\/\" class=\"post_articles-item\">\n\t\t\t\t\t\t<span class=\"post_articles-image\">\n\t\t\t\t\t\t\t<img loading=\"lazy\" decoding=\"async\" width=\"1200\" height=\"800\" src=\"https:\/\/dentalygo.org\/wp-content\/uploads\/2023\/04\/all-on-4-dental-implants-abroad-2.jpg\" class=\"attachment-post-thumbnail size-post-thumbnail wp-post-image\" alt=\"\" srcset=\"https:\/\/dentalygo.org\/wp-content\/uploads\/2023\/04\/all-on-4-dental-implants-abroad-2.jpg 1200w, https:\/\/dentalygo.org\/wp-content\/uploads\/2023\/04\/all-on-4-dental-implants-abroad-2-300x200.jpg 300w, https:\/\/dentalygo.org\/wp-content\/uploads\/2023\/04\/all-on-4-dental-implants-abroad-2-1024x683.jpg 1024w, https:\/\/dentalygo.org\/wp-content\/uploads\/2023\/04\/all-on-4-dental-implants-abroad-2-768x512.jpg 768w\" sizes=\"auto, (max-width: 1200px) 100vw, 1200px\" \/>\t\t\t\t\t\t<\/span>\n\t\t\t\t\t\t<h4 class=\"post_articles-title bold\">\n\t\t\t\t\t\t\tG\u00fcnstigstes Land f\u00fcr All-on-4 Zahnimplantate im Ausland\t\t\t\t\t\t<\/h4>\n\t\t\t\t\t\t<span class=\"post_articles-description dentist_caption\">\n\t\t\t\t\t\t\tReisen, um All on 4 Zahnimplantate im Ausland zu bekommen, ist eine beliebte Strategie, um Geld f\u00fcr die Behandlung zu sparen. &#8230;\t\t\t\t\t\t<\/span>\n\t\t\t\t\t<\/a>\n\t\t\t\t\t\t\t\t\t<a href=\"https:\/\/dentalygo.org\/de\/behandlungen\/veneers-kosten-ausland\/\" class=\"post_articles-item\">\n\t\t\t\t\t\t<span class=\"post_articles-image\">\n\t\t\t\t\t\t\t<img loading=\"lazy\" decoding=\"async\" width=\"790\" height=\"416\" src=\"https:\/\/dentalygo.org\/wp-content\/uploads\/2022\/08\/composite-veneers-fi.jpeg\" class=\"attachment-post-thumbnail size-post-thumbnail wp-post-image\" alt=\"\" srcset=\"https:\/\/dentalygo.org\/wp-content\/uploads\/2022\/08\/composite-veneers-fi.jpeg 790w, https:\/\/dentalygo.org\/wp-content\/uploads\/2022\/08\/composite-veneers-fi-300x158.jpeg 300w, https:\/\/dentalygo.org\/wp-content\/uploads\/2022\/08\/composite-veneers-fi-768x404.jpeg 768w\" sizes=\"auto, (max-width: 790px) 100vw, 790px\" \/>\t\t\t\t\t\t<\/span>\n\t\t\t\t\t\t<h4 class=\"post_articles-title bold\">\n\t\t\t\t\t\t\tVeneers Kosten Ausland\t\t\t\t\t\t<\/h4>\n\t\t\t\t\t\t<span class=\"post_articles-description dentist_caption\">\n\t\t\t\t\t\t\t\t\t\t\t\t\t<\/span>\n\t\t\t\t\t<\/a>\n\t\t\t\t\t\t\t\t\t\t\t\t\t<\/div>\n\t<\/div>\n<\/div>\n","protected":false},"excerpt":{"rendered":"<p>Sind Sie bereit f\u00fcr eine Zahnbehandlung im Ausland, haben aber Fragen zu den Zahnkliniken, mit denen wir zusammenarbeiten? Wir wissen, dass die Wahl einer Zahnbehandlung in einem anderen Land eine wichtige Entscheidung sein kann. Wir helfen Ihnen gerne dabei, die perfekte Zahnklinik zu finden. Wir bei DentalyGo haben strenge Auswahlkriterien, um sicherzustellen, dass wir nur [&hellip;]<\/p>\n","protected":false},"author":4,"featured_media":3036,"parent":0,"menu_order":0,"comment_status":"closed","ping_status":"closed","template":"","meta":{"inline_featured_image":false,"footnotes":""},"class_list":["post-3381","page","type-page","status-publish","has-post-thumbnail","hentry"],"_links":{"self":[{"href":"https:\/\/dentalygo.org\/de\/wp-json\/wp\/v2\/pages\/3381","targetHints":{"allow":["GET"]}}],"collection":[{"href":"https:\/\/dentalygo.org\/de\/wp-json\/wp\/v2\/pages"}],"about":[{"href":"https:\/\/dentalygo.org\/de\/wp-json\/wp\/v2\/types\/page"}],"author":[{"embeddable":true,"href":"https:\/\/dentalygo.org\/de\/wp-json\/wp\/v2\/users\/4"}],"replies":[{"embeddable":true,"href":"https:\/\/dentalygo.org\/de\/wp-json\/wp\/v2\/comments?post=3381"}],"version-history":[{"count":7,"href":"https:\/\/dentalygo.org\/de\/wp-json\/wp\/v2\/pages\/3381\/revisions"}],"predecessor-version":[{"id":4028,"href":"https:\/\/dentalygo.org\/de\/wp-json\/wp\/v2\/pages\/3381\/revisions\/4028"}],"wp:featuredmedia":[{"embeddable":true,"href":"https:\/\/dentalygo.org\/de\/wp-json\/wp\/v2\/media\/3036"}],"wp:attachment":[{"href":"https:\/\/dentalygo.org\/de\/wp-json\/wp\/v2\/media?parent=3381"}],"curies":[{"name":"wp","href":"https:\/\/api.w.org\/{rel}","templated":true}]}}