{"id":4100,"date":"2024-12-27T13:45:11","date_gmt":"2024-12-27T13:45:11","guid":{"rendered":"https:\/\/dentalygo.org\/?page_id=4100"},"modified":"2024-12-27T13:45:15","modified_gmt":"2024-12-27T13:45:15","slug":"all-on-4-ungarn","status":"publish","type":"page","link":"https:\/\/dentalygo.org\/de\/reiseziele\/zahnklinik-ungarn\/zahnimplantate\/all-on-4-ungarn\/","title":{"rendered":"All-on-4 Zahnersatz in Ungarn: Kosten, Verfahren und Vorteile"},"content":{"rendered":"\n<p><strong>All-on-4-Zahnimplantate in Ungarn<\/strong> sind eine beliebte Option f\u00fcr diejenigen, die fehlende oder besch\u00e4digte Z\u00e4hne zu einem g\u00fcnstigeren Preis als in Deutschland ersetzen m\u00f6chten. Aber was sind die Vorteile einer <a href=\"https:\/\/dentalygo.org\/de\/reiseziele\/zahnklinik-ungarn\/zahnimplantate\/\" target=\"_blank\" data-type=\"URL\" data-id=\"https:\/\/dentalygo.org\/de\/reiseziele\/zahnklinik-ungarn\/zahnimplantate\/\" rel=\"noreferrer noopener\">Reise nach Ungarn f\u00fcr Zahnimplantate<\/a>, und ist es sicher?<\/p>\n\n\n\n<p>In diesem Artikel werden wir dar\u00fcber sprechen:<\/p>\n\n\n\n<ul class=\"wp-block-list\"><li>Warum All-on-4-Zahnimplantate in Ungarn?<\/li><li>Wie viel kosten All-on-4-Zahnimplantate in Ungarn?<\/li><li>Wie sehen die Ausbildung und die Standards f\u00fcr Zahn\u00e4rzte in Ungarn aus?<\/li><li>Wie funktioniert das All-on-4-Verfahren?<\/li><li>Was sind die Vorteile von All-on-4 oder All-on-6 Zahnimplantaten?<\/li><\/ul>\n\n\n\n<p>All-on-6- oder All-on-4-Zahnimplantate k\u00f6nnen eine be\u00e4ngstigende Prozedur sein, vor allem wenn es darum geht, f\u00fcr die Behandlung ins Ausland zu reisen. Dieser Artikel soll jedoch alle Ihre Fragen beantworten und Ihre Bedenken zerstreuen.<\/p>\n\n\n\n<h2 class=\"wp-block-heading\">Warum All-on-4-Zahnimplantate in Ungarn?<\/h2>\n\n\n\n<p>Ungarn ist ein Top-Reiseziel f\u00fcr alle, die eine hochwertige Zahnbehandlung zu einem erschwinglichen Preis suchen. Die Zahn\u00e4rzte in Ungarn sind umfassend ausgebildet und die Behandlungskosten sind in der Regel niedriger als in Deutschland.<\/p>\n\n\n<div class=\"wp-block-image\">\n<figure class=\"alignright size-full\"><img loading=\"lazy\" decoding=\"async\" width=\"293\" height=\"292\" src=\"https:\/\/dentalygo.org\/wp-content\/uploads\/2022\/01\/Hungary-1.png\" alt=\"Parlament in Ungarn Budapest\" class=\"wp-image-2889\" srcset=\"https:\/\/dentalygo.org\/wp-content\/uploads\/2022\/01\/Hungary-1.png 293w, https:\/\/dentalygo.org\/wp-content\/uploads\/2022\/01\/Hungary-1-150x150.png 150w\" sizes=\"auto, (max-width: 293px) 100vw, 293px\" \/><figcaption>Ungarn, Budapest<\/figcaption><\/figure><\/div>\n\n\n<p>Ungarn ist nicht nur eine beliebte Wahl f\u00fcr die zahn\u00e4rztliche Versorgung, sondern bietet auch Komfort f\u00fcr Patienten, die aus dem Ausland anreisen. Viele Zahnkliniken in Ungarn bieten auf Touristen zugeschnittene Dienstleistungen an, z. B. sprachliche Unterst\u00fctzung und Hilfe bei der Reisevorbereitung.<\/p>\n\n\n\n<p>Die Hauptgr\u00fcnde f\u00fcr eine Reise nach Ungarn f\u00fcr All-on-4-Zahnimplantate sind unter anderem:<\/p>\n\n\n\n<ul class=\"wp-block-list\"><li><strong>Die Kosten<\/strong>: Einer der Hauptgr\u00fcnde, warum sich Menschen f\u00fcr kosmetische Zahnmedizin in Ungarn entscheiden, sind die erheblichen Kosteneinsparungen im Vergleich zu privaten Behandlungsm\u00f6glichkeiten in Deutschland, insbesondere bei Verfahren wie Zahnimplantaten und Veneers, die recht teuer sein k\u00f6nnen.<\/li><li><strong>Ausbildung und Zertifizierung<\/strong>: Zahn\u00e4rzte in Ungarn haben eine umfassende Ausbildung absolviert und sind streng reguliert, um sicherzustellen, dass sie die erforderlichen Standards erf\u00fcllen.<\/li><li><strong>Fortschrittliche Technologie<\/strong>: Viele Zahnkliniken in Ungarn haben in die neueste Technologie investiert, um Zahnbehandlungen so effektiv, effizient und komfortabel wie m\u00f6glich zu gestalten.<\/li><li><strong>Schnelle Behandlung<\/strong>: Lange Wartezeiten f\u00fcr eine Behandlung k\u00f6nnen frustrierend sein. Wenn Sie sich f\u00fcr Ungarn entscheiden, k\u00f6nnen Sie sich innerhalb weniger Tage behandeln lassen, anstatt Monate zu warten.<\/li><li><strong>Komfortable Einrichtungen<\/strong>: Viele Zahnkliniken in Ungarn legen gro\u00dfen Wert auf Kundenbetreuung und ein angenehmes Behandlungserlebnis f\u00fcr die Patienten, einige Kliniken bieten sogar Spa-\u00e4hnliche Einrichtungen.<\/li><li><strong>N\u00e4he<\/strong>: Ungarn ist nur 2,5 Flugstunden von Deutschland entfernt, sodass Konsultationen und einige Behandlungen ohne \u00dcbernachtung durchgef\u00fchrt werden k\u00f6nnen.<\/li><li><strong>Tourismus<\/strong>: Ungarn ist f\u00fcr seine malerische Landschaft bekannt, und Budapest und die umliegenden Gebiete bieten zahlreiche M\u00f6glichkeiten f\u00fcr Besichtigungen und Erholung w\u00e4hrend Ihres Aufenthalts.<\/li><\/ul>\n\n\n\n<h2 class=\"wp-block-heading\">Wie viel kosten All-on-4-Zahnimplantate in Ungarn?<\/h2>\n\n\n\n<p>Die Kosten f\u00fcr Zahnimplantate im gesamten Mund liegen in Ungarn normalerweise zwischen 5.000 und 6.500 \u20ac pro Kiefer. Das ist viel niedriger als in Deutschland, wo die Kosten bis zu 14.000 \u20ac pro Kiefer betragen k\u00f6nnen. Das macht Ungarn zu einem attraktiven Ziel f\u00fcr Zahntouristen, die bei ihrer Behandlung Geld sparen wollen.<\/p>\n\n\n\n<p>Die folgende Tabelle gibt einen \u00dcberblick \u00fcber die Kosten einer Zahnbehandlung in Ungarn im Vergleich zu Deutschland:<\/p>\n\n\n\n<figure class=\"wp-block-table\"><table><tbody><tr><td><\/td><td>Deutschland<\/td><td>Ungarn<\/td><\/tr><tr><td>All-on-4<\/td><td>8.000 &#8211; 16.000 \u20ac<\/td><td>5.000 &#8211; 6.500 \u20ac<\/td><\/tr><tr><td>All-on-6<\/td><td>9.500 &#8211; 19.000 \u20ac<\/td><td>6.000 &#8211; 8.000 \u20ac<\/td><\/tr><tr><td>All-on-8<\/td><td>11.000 &#8211; 21.000 \u20ac<\/td><td>7.000 &#8211; 9.000 \u20ac<\/td><\/tr><\/tbody><\/table><\/figure>\n\n\n\n<h2 class=\"wp-block-heading\">Ausbildung und Standards f\u00fcr Zahn\u00e4rzte in Ungarn<\/h2>\n\n\n\n<p>Die zahn\u00e4rztliche Ausbildung in Ungarn ist ein sechsj\u00e4hriges Programm, das mit dem Titel eines Doktors der Zahnmedizin (DMD) abschlie\u00dft und sowohl theoretischen als auch klinischen Unterricht umfasst. Die Absolventen m\u00fcssen eine nationale Zulassungspr\u00fcfung ablegen und an Weiterbildungsma\u00dfnahmen teilnehmen, um als Zahn\u00e4rzte praktizieren zu k\u00f6nnen.<\/p>\n\n\n\n<p>Da Ungarn Mitglied der Europ\u00e4ischen Union ist, m\u00fcssen sich alle Zahn\u00e4rzte an die EU-Vorschriften halten und sich beim Gesundheitsministerium registrieren lassen. Um ihre Zulassung aufrechtzuerhalten, m\u00fcssen sich die Zahn\u00e4rzte unter anderem durch die Teilnahme an Seminaren und Vortr\u00e4gen fortbilden.<\/p>\n\n\n\n<p>Dar\u00fcber hinaus geh\u00f6ren viele Zahn\u00e4rzte in Ungarn auch der Ungarischen \u00c4rztekammer (<a href=\"https:\/\/mok.hu\/\" target=\"_blank\" data-type=\"URL\" data-id=\"https:\/\/mok.hu\/\" rel=\"noreferrer noopener\">Magyar Orvosi Kamara &#8211; MOK<\/a>) an, die zwar eine freiwillige Akkreditierung ist, aber als Zeichen von Prestige gilt.<\/p>\n\n\n\n<p>Wenn Sie sich daf\u00fcr entscheiden, Angebote f\u00fcr Behandlungen \u00fcber DentalyGo zu erhalten, k\u00f6nnen Sie sich auf das Niveau der Behandlung verlassen, die Sie erhalten werden. Die Zahn\u00e4rzte, mit denen wir zusammenarbeiten, erf\u00fcllen die h\u00f6chsten Standards und sind sowohl nach <a href=\"https:\/\/www.temos-worldwide.com\/temos-quality-programs.aspx\" target=\"_blank\" data-type=\"URL\" data-id=\"https:\/\/www.temos-worldwide.com\/temos-quality-programs.aspx\" rel=\"noreferrer noopener\">Temos<\/a> als auch nach <a href=\"https:\/\/www.qmsuk.com\/iso-standards\/iso-9001\/what-is-iso-9001\" target=\"_blank\" data-type=\"URL\" data-id=\"https:\/\/www.qmsuk.com\/iso-standards\/iso-9001\/what-is-iso-9001\" rel=\"noreferrer noopener\">ISO 9001<\/a> zertifiziert, um sicherzustellen, dass Sie die bestm\u00f6gliche Qualit\u00e4t der Behandlung erhalten.<\/p>\n\n\n\n<h2 class=\"wp-block-heading\">Wo f\u00e4ngt man an, um All-on-4 im Ausland zu bekommen?<\/h2>\n\n\n\n<p>Die Behandlung mit Zahnimplantaten in Ungarn kann ein wenig \u00fcberw\u00e4ltigend sein, aber DentalyGo ist hier, um sicherzustellen, dass Sie eine reibungslose und angenehme Erfahrung machen. Der Prozess ist unkompliziert:<\/p>\n\n\n<div class=\"top_list\">\n\t<div class=\"top_list-container\">\n\t\t<div class=\"top_list-list\">\n\t\t\t\t\t\t\t\t\t\t\t\t\t\t\t\t\t\t\t\t\t\t\t\t\t\t<div class=\"top_list-item-wrap without-arrow\">\n\t\t\t\t\t\t<div class=\"top_list-item\">\n\t\t\t\t\t\t\t<h4 class=\"top_list-title bold\">\n\t\t\t\t\t\t\t\tHolen Sie sich Ihr Angebot\t\t\t\t\t\t\t<\/h4>\n\t\t\t\t\t\t\t<div class=\"top_list-desc dentist_caption\">\n\t\t\t\t\t\t\t\t<p>F\u00fcllen Sie zun\u00e4chst unseren Online-Fragebogen aus, und Sie erhalten Angebote von bis zu drei Kliniken, die Ihren spezifischen Anforderungen entsprechen<\/p>\n\t\t\t\t\t\t\t<\/div>\n\t\t\t\t\t\t<\/div>\n\t\t\t\t\t\t<div class=\"top_list-count\">01<\/div>\n\t\t\t\t\t<\/div>\n\t\t\t\t\t\t\t\t\t\t\t\t\t\t\t\t\t\t\t\t<div class=\"top_list-item-wrap without-arrow\">\n\t\t\t\t\t\t<div class=\"top_list-item\">\n\t\t\t\t\t\t\t<h4 class=\"top_list-title bold\">\n\t\t\t\t\t\t\t\tW\u00e4hlen Sie Ihre Klinik\t\t\t\t\t\t\t<\/h4>\n\t\t\t\t\t\t\t<div class=\"top_list-desc dentist_caption\">\n\t\t\t\t\t\t\t\t<p>Sobald Sie Ihre Angebote erhalten haben, k\u00f6nnen Sie die Klinik ausw\u00e4hlen, die Ihren Anforderungen am besten entspricht<\/p>\n\t\t\t\t\t\t\t<\/div>\n\t\t\t\t\t\t<\/div>\n\t\t\t\t\t\t<div class=\"top_list-count\">02<\/div>\n\t\t\t\t\t<\/div>\n\t\t\t\t\t\t\t\t\t\t\t\t\t\t\t\t\t\t\t\t<div class=\"top_list-item-wrap without-arrow\">\n\t\t\t\t\t\t<div class=\"top_list-item\">\n\t\t\t\t\t\t\t<h4 class=\"top_list-title bold\">\n\t\t\t\t\t\t\t\tErhalten Sie Ihre Behandlung \t\t\t\t\t\t\t<\/h4>\n\t\t\t\t\t\t\t<div class=\"top_list-desc dentist_caption\">\n\t\t\t\t\t\t\t\t<p>Ihr pers\u00f6nlicher Patientenkoordinator wird Sie w\u00e4hrend des gesamten Prozesses begleiten und Ihnen bei allen Fragen und Anliegen zur Seite stehen.<\/p>\n\t\t\t\t\t\t\t<\/div>\n\t\t\t\t\t\t<\/div>\n\t\t\t\t\t\t<div class=\"top_list-count\">03<\/div>\n\t\t\t\t\t<\/div>\n\t\t\t\t\t\t\t\t\t\t<\/div>\n\t<\/div>\n<\/div>\n\n\n\n<p>DentalyGo ist bestrebt, den Prozess der Zahnimplantation im Ausland so einfach und stressfrei wie m\u00f6glich zu gestalten.<\/p>\n\n\n\n<h2 class=\"wp-block-heading\">Das All-on-4-Verfahren<\/h2>\n\n\n\n<p>Das All-on-4- oder All-on-6-Verfahren selbst ist ein relativ unkomplizierter Prozess. Bei der ersten Konsultation untersucht der Zahnarzt den Mund des Patienten und fertigt R\u00f6ntgenbilder an, um die beste Behandlungsmethode zu bestimmen.<\/p>\n\n\n<div class=\"wp-block-image\">\n<figure class=\"alignright size-medium\"><img loading=\"lazy\" decoding=\"async\" width=\"300\" height=\"300\" src=\"https:\/\/dentalygo.org\/wp-content\/uploads\/2022\/11\/all-on-four-implant-300x300.png\" alt=\"Beim All-on-4 Verfahren wird je ein Zahnbogen auf 4 Implantaten montiert.\" class=\"wp-image-3145\" srcset=\"https:\/\/dentalygo.org\/wp-content\/uploads\/2022\/11\/all-on-four-implant-300x300.png 300w, https:\/\/dentalygo.org\/wp-content\/uploads\/2022\/11\/all-on-four-implant-1024x1024.png 1024w, https:\/\/dentalygo.org\/wp-content\/uploads\/2022\/11\/all-on-four-implant-150x150.png 150w, https:\/\/dentalygo.org\/wp-content\/uploads\/2022\/11\/all-on-four-implant-768x768.png 768w, https:\/\/dentalygo.org\/wp-content\/uploads\/2022\/11\/all-on-four-implant-1536x1536.png 1536w, https:\/\/dentalygo.org\/wp-content\/uploads\/2022\/11\/elementor\/thumbs\/all-on-four-implant-pxebv7u0svgqbridb8gdkm4124xosn69od5nc4nvu0.png 100w, https:\/\/dentalygo.org\/wp-content\/uploads\/2022\/11\/all-on-four-implant.png 1828w\" sizes=\"auto, (max-width: 300px) 100vw, 300px\" \/><figcaption>All-on-4 Verfahren<\/figcaption><\/figure><\/div>\n\n\n<p>Anschlie\u00dfend wird der Patient einem CT-Scan unterzogen, um ein detailliertes 3D-Bild des Kiefers und der Z\u00e4hne zu erstellen. Anhand dieser Informationen wird die Platzierung der Zahnimplantate geplant und die neuen Z\u00e4hne des Patienten entworfen.<\/p>\n\n\n\n<p>Der n\u00e4chste Schritt ist der chirurgische Eingriff, der in der Regel unter \u00f6rtlicher Bet\u00e4ubung oder Sedierung durchgef\u00fchrt wird. Der Zahnarzt setzt vier oder sechs Zahnimplantate (je nach Behandlung) in den Kieferknochen ein und befestigt dann ein provisorisches Gebiss auf den Implantaten.<\/p>\n\n\n\n<p>Der Patient muss dann mehrere Monate warten, bis die Implantate mit dem Kieferknochen verwachsen sind. Sobald der Heilungsprozess abgeschlossen ist, kommt der Patient erneut in die Klinik, um sich seine bleibenden Z\u00e4hne auf den Implantaten einsetzen zu lassen.<\/p>\n\n\n\n<h2 class=\"wp-block-heading\">Vorteile von All-on-4-Zahnimplantaten<\/h2>\n\n\n\n<p>Einer der Vorteile von All-on-4-Zahnimplantaten ist, dass sie eine dauerhafte L\u00f6sung f\u00fcr fehlende oder besch\u00e4digte Z\u00e4hne darstellen. Im Gegensatz zu herk\u00f6mmlichem Zahnersatz, der t\u00e4glich herausgenommen und gereinigt werden muss, sind All-on-4-Z\u00e4hne fest an ihrem Platz und k\u00f6nnen nicht entfernt werden.<\/p>\n\n\n\n<p>Das bedeutet, dass die Patienten selbstbewusst essen, sprechen und l\u00e4cheln k\u00f6nnen, weil sie wissen, dass ihre Z\u00e4hne an ihrem Platz bleiben werden.<\/p>\n\n\n\n<h2 class=\"wp-block-heading\">Zahntourismus in Ungarn von Deutschland aus<\/h2>\n\n\n\n<p>Ungarn wird ein immer beliebteres Ziel f\u00fcr Zahntouristen aus Deutschland, die bei ihrer Behandlung Geld sparen wollen. Das Land ist von Deutschland aus leicht zu erreichen, da es viele Direktfl\u00fcge von gro\u00dfen Flugh\u00e4fen aus gibt.<\/p>\n\n\n\n<p>Der hohe Standard der zahn\u00e4rztlichen Versorgung in Ungarn gew\u00e4hrleistet, dass die Patienten die bestm\u00f6gliche Behandlung erhalten. Au\u00dferdem bieten viele Zahnkliniken in Ungarn Pakete an, die nicht nur die Behandlung, sondern auch die Unterbringung und den Transport des Patienten beinhalten. Das macht die Behandlung mit All-on-4-Zahnimplantaten in Ungarn noch angenehmer.<\/p>\n\n\n\n<p>Dar\u00fcber hinaus ist Ungarn ein wundersch\u00f6nes Land mit reicher Kultur und Geschichte, was es zu einem hervorragenden Reiseziel f\u00fcr einen Zahnersatzurlaub macht. W\u00e4hrend Sie sich von der Behandlung erholen, k\u00f6nnen Sie das Land erkunden und die lokale K\u00fcche, Kultur und Sehensw\u00fcrdigkeiten genie\u00dfen.<\/p>\n\n\n\n<h2 class=\"wp-block-heading\">Fazit<\/h2>\n\n\n\n<p>All-on-4-Zahnimplantate in Ungarn sind eine hervorragende Option f\u00fcr alle, die fehlende oder besch\u00e4digte Z\u00e4hne ersetzen m\u00f6chten. Das Verfahren ist erschwinglich, da die Kosten viel niedriger sind als in westlichen L\u00e4ndern. Der Standard der zahn\u00e4rztlichen Versorgung in Ungarn ist ebenfalls hoch, viele Zahn\u00e4rzte sind hochqualifiziert und erfahren.<\/p>\n\n\n\n<p>Au\u00dferdem sind die Ausbildung und die Standards f\u00fcr Zahn\u00e4rzte in Ungarn auf einem hohen Niveau, so dass die Patienten die bestm\u00f6gliche Behandlung erhalten. Insgesamt sind All-on-4-Zahnimplantate in Ungarn eine sichere, effektive und dauerhafte L\u00f6sung f\u00fcr alle, die ihr L\u00e4cheln wiederherstellen m\u00f6chten.<\/p>\n\n\n\n<p>Wir hoffen, dass Ihnen unser Leitfaden \u00fcber All-on-4-Zahnimplantate in Ungarn dabei geholfen hat, Ihre M\u00f6glichkeiten besser zu verstehen und Sie auf Ihre Reise vorzubereiten.<\/p>\n\n\n\n<p>DentalyGo kann auch helfen, den Prozess zu vereinfachen, indem es Sie mit vertrauensw\u00fcrdigen Zahn\u00e4rzten in Ungarn verbindet.<\/p>\n\n\n\n<p>DentalyGo gibt Ihnen die Gewissheit, dass Sie mit den besten Kliniken und zum besten Preis verbunden werden.<\/p>\n\n\n\n<h2 class=\"wp-block-heading\">FAQs<\/h2>\n\n\n\t<div class=\"faq\">\n\t\t<div class=\"container\">\n\t\t\t<div class=\"faq-item_wrap\">\n\t\t\t\t\t\t\t\t\t\t\t\t\t\t\t\t\t\t\t\t\t\t\t\t\t\t\t<div class=\"faq-item\">\n\t\t\t\t\t\t\t<h3 class=\"faq-trigger bold head-4\">Warum sollte ich All-on-4-Zahnimplantate in Ungarn in Betracht ziehen? <span><\/span><\/h3>\n\t\t\t\t\t\t\t<div class=\"faq-content dentist_caption\">\n\t\t\t\t\t\t\t\tUngarn ist bekannt f\u00fcr seine qualitativ hochwertige zahnmedizinische Versorgung, die im Vergleich zu vielen anderen L\u00e4ndern erschwinglich ist. Au\u00dferdem verf\u00fcgen Zahnkliniken in Ungarn oft \u00fcber ein Team erfahrener Zahn\u00e4rzte, die sich auf All on 4-Zahnimplantate spezialisiert haben.\t\t\t\t\t\t\t<\/div>\n\t\t\t\t\t\t<\/div>\n\t\t\t\t\t\t\t\t\t\t\t\t\t\t\t\t\t\t\t\t\t\t\t<div class=\"faq-item\">\n\t\t\t\t\t\t\t<h3 class=\"faq-trigger bold head-4\">Wie lange dauert das All-on-4-Verfahren f\u00fcr Zahnimplantate? <span><\/span><\/h3>\n\t\t\t\t\t\t\t<div class=\"faq-content dentist_caption\">\n\t\t\t\t\t\t\t\tDas All on 4-Verfahren f\u00fcr Zahnimplantate erfordert in der Regel mehrere Termine \u00fcber mehrere Monate hinweg. Die genaue Dauer h\u00e4ngt vom individuellen Fall und der Anzahl der ben\u00f6tigten Implantate ab.\t\t\t\t\t\t\t<\/div>\n\t\t\t\t\t\t<\/div>\n\t\t\t\t\t\t\t\t\t\t\t\t\t\t\t\t\t\t\t\t\t\t\t<div class=\"faq-item\">\n\t\t\t\t\t\t\t<h3 class=\"faq-trigger bold head-4\">Ist das All-on-4-Verfahren f\u00fcr Zahnimplantate schmerzhaft? <span><\/span><\/h3>\n\t\t\t\t\t\t\t<div class=\"faq-content dentist_caption\">\n\t\t\t\t\t\t\t\tDer Eingriff ist in der Regel nicht schmerzhaft, da Zahnimplantate in der Regel unter \u00f6rtlicher Bet\u00e4ubung oder Sedierung durchgef\u00fchrt werden. Nach dem Eingriff ist jedoch mit gewissen Beschwerden und Schwellungen zu rechnen.\t\t\t\t\t\t\t<\/div>\n\t\t\t\t\t\t<\/div>\n\t\t\t\t\t\t\t\t\t\t\t\t\t\t\t\t\t\t\t\t\t\t\t<div class=\"faq-item\">\n\t\t\t\t\t\t\t<h3 class=\"faq-trigger bold head-4\">Wie viel kosten All-on-4-Zahnimplantate in Ungarn? <span><\/span><\/h3>\n\t\t\t\t\t\t\t<div class=\"faq-content dentist_caption\">\n\t\t\t\t\t\t\t\tDie Kosten f\u00fcr All on 4-Zahnimplantate in Ungarn k\u00f6nnen je nach Einzelfall und der von Ihnen gew\u00e4hlten Klinik variieren. Allerdings ist Ungarn im Vergleich zu vielen anderen L\u00e4ndern f\u00fcr seine erschwingliche zahn\u00e4rztliche Versorgung bekannt, sodass Sie mit niedrigeren Kosten als in anderen L\u00e4ndern rechnen k\u00f6nnen.\t\t\t\t\t\t\t<\/div>\n\t\t\t\t\t\t<\/div>\n\t\t\t\t\t\t\t\t\t\t\t\t\t\t\t\t\t\t\t\t\t\t\t<div class=\"faq-item\">\n\t\t\t\t\t\t\t<h3 class=\"faq-trigger bold head-4\">Wie lauten die Nachsorgeanweisungen nach dem All-on-4-Zahnimplantatverfahren? <span><\/span><\/h3>\n\t\t\t\t\t\t\t<div class=\"faq-content dentist_caption\">\n\t\t\t\t\t\t\t\tNach dem Eingriff erh\u00e4lt der Patient spezielle Anweisungen f\u00fcr die Pflege der Operationsstellen, einschlie\u00dflich Informationen \u00fcber Ern\u00e4hrung und Mundhygiene. Au\u00dferdem erh\u00e4lt der Patient einen Nachsorgeplan, um sicherzustellen, dass der Heilungsprozess wie erwartet verl\u00e4uft.\t\t\t\t\t\t\t<\/div>\n\t\t\t\t\t\t<\/div>\n\t\t\t\t\t\t\t\t\t\t\t\t<\/div>\n\t\t<\/div>\n\t<\/div>\n\n\n\n<h2 class=\"wp-block-heading\">Verweise:<\/h2>\n\n\n\n<p><strong>MOK<\/strong>. <a href=\"https:\/\/mok.hu\/\" target=\"_blank\" rel=\"noreferrer noopener\">Magyar Orvosi Kamara<\/a>. Consulted 27th Dezember 2024.<\/p>\n\n\n\n<p><strong>TEMOS<\/strong>.&nbsp;<a href=\"https:\/\/www.temos-worldwide.com\/temos-quality-programs.aspx\" target=\"_blank\" rel=\"noreferrer noopener\">Our Quality Programs<\/a>. Consulted 27th Dezember 2024.<\/p>\n\n\n\n<p><strong>QMS<\/strong>.&nbsp;<a href=\"https:\/\/www.qmsuk.com\/iso-standards\/iso-9001\/what-is-iso-9001\" target=\"_blank\" rel=\"noreferrer noopener\">What is ISO 9001?<\/a>&nbsp;Consulted 27th Dezember 2024.<\/p>\n","protected":false},"excerpt":{"rendered":"<p>All-on-4-Zahnimplantate in Ungarn sind eine beliebte Option f\u00fcr diejenigen, die fehlende oder besch\u00e4digte Z\u00e4hne zu einem g\u00fcnstigeren Preis als in Deutschland ersetzen m\u00f6chten. Aber was sind die Vorteile einer Reise nach Ungarn f\u00fcr Zahnimplantate, und ist es sicher? In diesem Artikel werden wir dar\u00fcber sprechen: Warum All-on-4-Zahnimplantate in Ungarn?Wie viel kosten All-on-4-Zahnimplantate in Ungarn?Wie sehen [&hellip;]<\/p>\n","protected":false},"author":553,"featured_media":3217,"parent":4059,"menu_order":0,"comment_status":"closed","ping_status":"closed","template":"","meta":{"inline_featured_image":false,"footnotes":""},"class_list":["post-4100","page","type-page","status-publish","has-post-thumbnail","hentry"],"_links":{"self":[{"href":"https:\/\/dentalygo.org\/de\/wp-json\/wp\/v2\/pages\/4100","targetHints":{"allow":["GET"]}}],"collection":[{"href":"https:\/\/dentalygo.org\/de\/wp-json\/wp\/v2\/pages"}],"about":[{"href":"https:\/\/dentalygo.org\/de\/wp-json\/wp\/v2\/types\/page"}],"author":[{"embeddable":true,"href":"https:\/\/dentalygo.org\/de\/wp-json\/wp\/v2\/users\/553"}],"replies":[{"embeddable":true,"href":"https:\/\/dentalygo.org\/de\/wp-json\/wp\/v2\/comments?post=4100"}],"version-history":[{"count":38,"href":"https:\/\/dentalygo.org\/de\/wp-json\/wp\/v2\/pages\/4100\/revisions"}],"predecessor-version":[{"id":4139,"href":"https:\/\/dentalygo.org\/de\/wp-json\/wp\/v2\/pages\/4100\/revisions\/4139"}],"up":[{"embeddable":true,"href":"https:\/\/dentalygo.org\/de\/wp-json\/wp\/v2\/pages\/4059"}],"wp:featuredmedia":[{"embeddable":true,"href":"https:\/\/dentalygo.org\/de\/wp-json\/wp\/v2\/media\/3217"}],"wp:attachment":[{"href":"https:\/\/dentalygo.org\/de\/wp-json\/wp\/v2\/media?parent=4100"}],"curies":[{"name":"wp","href":"https:\/\/api.w.org\/{rel}","templated":true}]}}